{"id":324,"date":"2022-11-18T02:27:46","date_gmt":"2022-11-18T01:27:46","guid":{"rendered":"https:\/\/www.askony.sk\/?page_id=324"},"modified":"2023-06-16T14:06:40","modified_gmt":"2023-06-16T12:06:40","slug":"velkorozmerove-zelezobetonove-elementy","status":"publish","type":"page","link":"https:\/\/www.askony.sk\/en\/velkorozmerove-zelezobetonove-elementy\/","title":{"rendered":"Large-sized reinforced concrete elements"},"content":{"rendered":"<div data-elementor-type=\"wp-page\" data-elementor-id=\"324\" class=\"elementor elementor-324\" data-elementor-post-type=\"page\">\n\t\t\t\t\t\t<section class=\"elementor-section elementor-top-section elementor-element elementor-element-ffa754e elementor-section-height-min-height elementor-section-stretched elementor-section-boxed elementor-section-height-default elementor-section-items-middle\" data-id=\"ffa754e\" data-element_type=\"section\" data-e-type=\"section\" data-settings=\"{&quot;stretch_section&quot;:&quot;section-stretched&quot;}\">\n\t\t\t\t\t\t<div class=\"elementor-container elementor-column-gap-default\">\n\t\t\t\t\t<div class=\"elementor-column elementor-col-100 elementor-top-column elementor-element elementor-element-fdaaeea\" data-id=\"fdaaeea\" data-element_type=\"column\" data-e-type=\"column\">\n\t\t\t<div class=\"elementor-widget-wrap elementor-element-populated\">\n\t\t\t\t\t\t<section class=\"elementor-section elementor-inner-section elementor-element elementor-element-79c7dc8 elementor-section-boxed elementor-section-height-default elementor-section-height-default\" data-id=\"79c7dc8\" data-element_type=\"section\" data-e-type=\"section\" data-settings=\"{&quot;background_background&quot;:&quot;classic&quot;}\">\n\t\t\t\t\t\t<div class=\"elementor-container elementor-column-gap-default\">\n\t\t\t\t\t<div class=\"elementor-column elementor-col-50 elementor-inner-column elementor-element elementor-element-16fc416\" data-id=\"16fc416\" data-element_type=\"column\" data-e-type=\"column\" data-settings=\"{&quot;background_background&quot;:&quot;classic&quot;}\">\n\t\t\t<div class=\"elementor-widget-wrap elementor-element-populated\">\n\t\t\t\t\t\t<div class=\"elementor-element elementor-element-94f4246 list-askony elementor-widget elementor-widget-text-editor\" data-id=\"94f4246\" data-element_type=\"widget\" data-e-type=\"widget\" data-widget_type=\"text-editor.default\">\n\t\t\t\t<div class=\"elementor-widget-container\">\n\t\t\t\t\t\t\t\t\t<p>Special bespoke constructions, according to the relevant project documentation, of rectangular or polygonal shape.<span class=\"Apple-converted-space\">&nbsp;<\/span><\/p>\n<ul>\n<li><b>Main use:<\/b>&nbsp;water meter shafts, connecting chambers, retention tanks and hydrotechnical structures.<\/li>\n<li><b>Connecting chambers<\/b> are mainly used when changing the direction of the pipe or when crossing different pipe diameters. The bottom may be concrete or basalt lined.<\/li>\n<li>Furthermore, these structures are used as collection tanks, septic tanks, cesspools, footings and other elements necessary for construction up to 65 tons.<span class=\"Apple-converted-space\">&nbsp;<\/span><\/li>\n<\/ul>\n<p>The elements are statically assessed in accordance with DIN 1045. Quality concrete of class min. C35\/45 (e.g. C50\/60).<\/p>\n<ul>\n<li>The advantage of prefabricated parts is, above all, the simplification of work on the construction site and, above all, the acceleration of construction and also the reduction of costs.<\/li>\n<\/ul>\t\t\t\t\t\t\t\t<\/div>\n\t\t\t\t<\/div>\n\t\t\t\t\t<\/div>\n\t\t<\/div>\n\t\t\t\t<div class=\"elementor-column elementor-col-50 elementor-inner-column elementor-element elementor-element-9a3ff05\" data-id=\"9a3ff05\" data-element_type=\"column\" data-e-type=\"column\">\n\t\t\t<div class=\"elementor-widget-wrap elementor-element-populated\">\n\t\t\t\t\t\t<div class=\"elementor-element elementor-element-f8dbff1 elementor-widget elementor-widget-image\" data-id=\"f8dbff1\" data-element_type=\"widget\" data-e-type=\"widget\" data-widget_type=\"image.default\">\n\t\t\t\t<div class=\"elementor-widget-container\">\n\t\t\t\t\t\t\t\t\t\t\t\t\t\t\t<img fetchpriority=\"high\" decoding=\"async\" width=\"660\" height=\"726\" src=\"https:\/\/www.askony.sk\/wp-content\/uploads\/2022\/12\/velkorozmerove_4.png\" class=\"attachment-large size-large wp-image-805\" alt=\"\" srcset=\"https:\/\/www.askony.sk\/wp-content\/uploads\/2022\/12\/velkorozmerove_4.png 660w, https:\/\/www.askony.sk\/wp-content\/uploads\/2022\/12\/velkorozmerove_4-273x300.png 273w, https:\/\/www.askony.sk\/wp-content\/uploads\/2022\/12\/velkorozmerove_4-11x12.png 11w\" sizes=\"(max-width: 660px) 100vw, 660px\" \/>\t\t\t\t\t\t\t\t\t\t\t\t\t\t\t<\/div>\n\t\t\t\t<\/div>\n\t\t\t\t<div class=\"elementor-element elementor-element-6f8d0ae elementor-widget elementor-widget-gallery\" data-id=\"6f8d0ae\" data-element_type=\"widget\" data-e-type=\"widget\" data-settings=\"{&quot;columns&quot;:3,&quot;columns_mobile&quot;:3,&quot;aspect_ratio&quot;:&quot;1:1&quot;,&quot;lazyload&quot;:&quot;yes&quot;,&quot;gallery_layout&quot;:&quot;grid&quot;,&quot;columns_tablet&quot;:2,&quot;gap&quot;:{&quot;unit&quot;:&quot;px&quot;,&quot;size&quot;:10,&quot;sizes&quot;:[]},&quot;gap_tablet&quot;:{&quot;unit&quot;:&quot;px&quot;,&quot;size&quot;:10,&quot;sizes&quot;:[]},&quot;gap_mobile&quot;:{&quot;unit&quot;:&quot;px&quot;,&quot;size&quot;:10,&quot;sizes&quot;:[]},&quot;link_to&quot;:&quot;file&quot;,&quot;overlay_background&quot;:&quot;yes&quot;,&quot;content_hover_animation&quot;:&quot;fade-in&quot;}\" data-widget_type=\"gallery.default\">\n\t\t\t\t<div class=\"elementor-widget-container\">\n\t\t\t\t\t\t\t<div class=\"elementor-gallery__container\">\n\t\t\t\t\t\t\t<a class=\"e-gallery-item elementor-gallery-item elementor-animated-content\" href=\"https:\/\/www.askony.sk\/wp-content\/uploads\/2022\/12\/velkorozmerove_1.jpeg\" data-elementor-open-lightbox=\"yes\" data-elementor-lightbox-slideshow=\"6f8d0ae\" data-e-action-hash=\"#elementor-action%3Aaction%3Dlightbox%26settings%3DeyJpZCI6ODAyLCJ1cmwiOiJodHRwczpcL1wvd3d3LmFza29ueS5za1wvd3AtY29udGVudFwvdXBsb2Fkc1wvMjAyMlwvMTJcL3ZlbGtvcm96bWVyb3ZlXzEuanBlZyIsInNsaWRlc2hvdyI6IjZmOGQwYWUifQ%3D%3D\">\n\t\t\t\t\t<div class=\"e-gallery-image elementor-gallery-item__image\" data-thumbnail=\"https:\/\/www.askony.sk\/wp-content\/uploads\/2022\/12\/velkorozmerove_1.jpeg\" data-width=\"150\" data-height=\"150\" aria-label=\"\" role=\"img\" ><\/div>\n\t\t\t\t\t\t\t\t\t\t\t<div class=\"elementor-gallery-item__overlay\"><\/div>\n\t\t\t\t\t\t\t\t\t\t\t\t\t\t<\/a>\n\t\t\t\t\t\t\t<a class=\"e-gallery-item elementor-gallery-item elementor-animated-content\" href=\"https:\/\/www.askony.sk\/wp-content\/uploads\/2022\/12\/velkorozmerove_2.jpeg\" data-elementor-open-lightbox=\"yes\" data-elementor-lightbox-slideshow=\"6f8d0ae\" data-e-action-hash=\"#elementor-action%3Aaction%3Dlightbox%26settings%3DeyJpZCI6ODAzLCJ1cmwiOiJodHRwczpcL1wvd3d3LmFza29ueS5za1wvd3AtY29udGVudFwvdXBsb2Fkc1wvMjAyMlwvMTJcL3ZlbGtvcm96bWVyb3ZlXzIuanBlZyIsInNsaWRlc2hvdyI6IjZmOGQwYWUifQ%3D%3D\">\n\t\t\t\t\t<div class=\"e-gallery-image elementor-gallery-item__image\" data-thumbnail=\"https:\/\/www.askony.sk\/wp-content\/uploads\/2022\/12\/velkorozmerove_2.jpeg\" data-width=\"150\" data-height=\"150\" aria-label=\"\" role=\"img\" ><\/div>\n\t\t\t\t\t\t\t\t\t\t\t<div class=\"elementor-gallery-item__overlay\"><\/div>\n\t\t\t\t\t\t\t\t\t\t\t\t\t\t<\/a>\n\t\t\t\t\t\t\t<a class=\"e-gallery-item elementor-gallery-item elementor-animated-content\" href=\"https:\/\/www.askony.sk\/wp-content\/uploads\/2022\/12\/velkorozmerove_3.jpeg\" data-elementor-open-lightbox=\"yes\" data-elementor-lightbox-slideshow=\"6f8d0ae\" data-e-action-hash=\"#elementor-action%3Aaction%3Dlightbox%26settings%3DeyJpZCI6ODA0LCJ1cmwiOiJodHRwczpcL1wvd3d3LmFza29ueS5za1wvd3AtY29udGVudFwvdXBsb2Fkc1wvMjAyMlwvMTJcL3ZlbGtvcm96bWVyb3ZlXzMuanBlZyIsInNsaWRlc2hvdyI6IjZmOGQwYWUifQ%3D%3D\">\n\t\t\t\t\t<div class=\"e-gallery-image elementor-gallery-item__image\" data-thumbnail=\"https:\/\/www.askony.sk\/wp-content\/uploads\/2022\/12\/velkorozmerove_3.jpeg\" data-width=\"150\" data-height=\"150\" aria-label=\"\" role=\"img\" ><\/div>\n\t\t\t\t\t\t\t\t\t\t\t<div class=\"elementor-gallery-item__overlay\"><\/div>\n\t\t\t\t\t\t\t\t\t\t\t\t\t\t<\/a>\n\t\t\t\t\t<\/div>\n\t\t\t\t\t<\/div>\n\t\t\t\t<\/div>\n\t\t\t\t\t<\/div>\n\t\t<\/div>\n\t\t\t\t\t<\/div>\n\t\t<\/section>\n\t\t\t\t\t<\/div>\n\t\t<\/div>\n\t\t\t\t\t<\/div>\n\t\t<\/section>\n\t\t\t\t<\/div>","protected":false},"excerpt":{"rendered":"<p>\u0160peci\u00e1lne kon\u0161trukcie na mieru, pod\u013ea pr\u00edslu\u0161nej projektovej dokument\u00e1cie obdl\u017enikov\u00e9ho alebo polyg\u00f3nov\u00e9ho tvaru.&nbsp; Hlavn\u00e9 vyu\u017eitie:&nbsp;vodomern\u00e9 \u0161achty, spojovacie komory, reten\u010dn\u00e9 n\u00e1dr\u017ee a hydrotechnick\u00e9 stavby. Spojovacie komory sa pou\u017e\u00edvaj\u00fa hlavne pri zmene smeru potrubia, alebo pri prechode r\u00f4znych priemerov potrubia. Dno m\u00f4\u017ee by\u0165 bet\u00f3nov\u00e9, alebo oblo\u017een\u00e9 \u010dadi\u010dom. \u010ealej sa tieto kon\u0161trukcie vyu\u017e\u00edvaj\u00fa ako zbern\u00e9 n\u00e1dr\u017ee, septiky, \u017eumpy, z\u00e1kladov\u00e9 [&hellip;]<\/p>\n","protected":false},"author":1,"featured_media":0,"parent":0,"menu_order":0,"comment_status":"closed","ping_status":"closed","template":"","meta":{"footnotes":""},"class_list":["post-324","page","type-page","status-publish","hentry"],"yoast_head":"<!-- This site is optimized with the Yoast SEO plugin v27.5 - https:\/\/yoast.com\/product\/yoast-seo-wordpress\/ -->\n<title>Ve\u013ekorozmerov\u00e9 \u017eelezobet\u00f3nov\u00e9 elementy | ASKONY<\/title>\n<meta name=\"description\" content=\"Prefabrikovan\u00e9 kon\u0161trukcie na mieru pre vodomern\u00e9 \u0161achty, reten\u010dn\u00e9 n\u00e1dr\u017ee a hydrotechniku. Optimalizujte v\u00fdstavbu s efekt\u00edvnymi \u017eelezobet\u00f3nov\u00fdmi elementmi.\" \/>\n<meta name=\"robots\" content=\"index, follow, max-snippet:-1, max-image-preview:large, max-video-preview:-1\" \/>\n<link rel=\"canonical\" href=\"https:\/\/www.askony.sk\/en\/velkorozmerove-zelezobetonove-elementy\/\" \/>\n<meta property=\"og:locale\" content=\"en_GB\" \/>\n<meta property=\"og:type\" content=\"article\" \/>\n<meta property=\"og:title\" content=\"Ve\u013ekorozmerov\u00e9 \u017eelezobet\u00f3nov\u00e9 elementy | ASKONY\" \/>\n<meta property=\"og:description\" content=\"Prefabrikovan\u00e9 kon\u0161trukcie na mieru pre vodomern\u00e9 \u0161achty, reten\u010dn\u00e9 n\u00e1dr\u017ee a hydrotechniku. Optimalizujte v\u00fdstavbu s efekt\u00edvnymi \u017eelezobet\u00f3nov\u00fdmi elementmi.\" \/>\n<meta property=\"og:url\" content=\"https:\/\/www.askony.sk\/en\/velkorozmerove-zelezobetonove-elementy\/\" \/>\n<meta property=\"og:site_name\" content=\"ASKONY\" \/>\n<meta property=\"article:modified_time\" content=\"2023-06-16T12:06:40+00:00\" \/>\n<meta property=\"og:image\" content=\"https:\/\/www.askony.sk\/wp-content\/uploads\/2022\/12\/velkorozmerove_4.png\" \/>\n<meta name=\"twitter:card\" content=\"summary_large_image\" \/>\n<meta name=\"twitter:label1\" content=\"Estimated reading time\" \/>\n\t<meta name=\"twitter:data1\" content=\"2 minutes\" \/>\n<script type=\"application\/ld+json\" class=\"yoast-schema-graph\">{\"@context\":\"https:\\\/\\\/schema.org\",\"@graph\":[{\"@type\":\"WebPage\",\"@id\":\"https:\\\/\\\/www.askony.sk\\\/velkorozmerove-zelezobetonove-elementy\\\/\",\"url\":\"https:\\\/\\\/www.askony.sk\\\/velkorozmerove-zelezobetonove-elementy\\\/\",\"name\":\"Ve\u013ekorozmerov\u00e9 \u017eelezobet\u00f3nov\u00e9 elementy | ASKONY\",\"isPartOf\":{\"@id\":\"https:\\\/\\\/www.askony.sk\\\/#website\"},\"primaryImageOfPage\":{\"@id\":\"https:\\\/\\\/www.askony.sk\\\/velkorozmerove-zelezobetonove-elementy\\\/#primaryimage\"},\"image\":{\"@id\":\"https:\\\/\\\/www.askony.sk\\\/velkorozmerove-zelezobetonove-elementy\\\/#primaryimage\"},\"thumbnailUrl\":\"https:\\\/\\\/www.askony.sk\\\/wp-content\\\/uploads\\\/2022\\\/12\\\/velkorozmerove_4.png\",\"datePublished\":\"2022-11-18T01:27:46+00:00\",\"dateModified\":\"2023-06-16T12:06:40+00:00\",\"description\":\"Prefabrikovan\u00e9 kon\u0161trukcie na mieru pre vodomern\u00e9 \u0161achty, reten\u010dn\u00e9 n\u00e1dr\u017ee a hydrotechniku. Optimalizujte v\u00fdstavbu s efekt\u00edvnymi \u017eelezobet\u00f3nov\u00fdmi elementmi.\",\"breadcrumb\":{\"@id\":\"https:\\\/\\\/www.askony.sk\\\/velkorozmerove-zelezobetonove-elementy\\\/#breadcrumb\"},\"inLanguage\":\"en-GB\",\"potentialAction\":[{\"@type\":\"ReadAction\",\"target\":[\"https:\\\/\\\/www.askony.sk\\\/velkorozmerove-zelezobetonove-elementy\\\/\"]}]},{\"@type\":\"ImageObject\",\"inLanguage\":\"en-GB\",\"@id\":\"https:\\\/\\\/www.askony.sk\\\/velkorozmerove-zelezobetonove-elementy\\\/#primaryimage\",\"url\":\"https:\\\/\\\/www.askony.sk\\\/wp-content\\\/uploads\\\/2022\\\/12\\\/velkorozmerove_4.png\",\"contentUrl\":\"https:\\\/\\\/www.askony.sk\\\/wp-content\\\/uploads\\\/2022\\\/12\\\/velkorozmerove_4.png\"},{\"@type\":\"BreadcrumbList\",\"@id\":\"https:\\\/\\\/www.askony.sk\\\/velkorozmerove-zelezobetonove-elementy\\\/#breadcrumb\",\"itemListElement\":[{\"@type\":\"ListItem\",\"position\":1,\"name\":\"\u00davod\",\"item\":\"https:\\\/\\\/www.askony.sk\\\/\"},{\"@type\":\"ListItem\",\"position\":2,\"name\":\"Ve\u013ekorozmerov\u00e9 \u017eelezobet\u00f3nov\u00e9 elementy\"}]},{\"@type\":\"WebSite\",\"@id\":\"https:\\\/\\\/www.askony.sk\\\/#website\",\"url\":\"https:\\\/\\\/www.askony.sk\\\/\",\"name\":\"ASKONY\",\"description\":\"Oce\u013eov\u00e9 r\u00fary v\u0161etk\u00fdch rozmerov a akost\u00ed\",\"publisher\":{\"@id\":\"https:\\\/\\\/www.askony.sk\\\/#organization\"},\"potentialAction\":[{\"@type\":\"SearchAction\",\"target\":{\"@type\":\"EntryPoint\",\"urlTemplate\":\"https:\\\/\\\/www.askony.sk\\\/?s={search_term_string}\"},\"query-input\":{\"@type\":\"PropertyValueSpecification\",\"valueRequired\":true,\"valueName\":\"search_term_string\"}}],\"inLanguage\":\"en-GB\"},{\"@type\":\"Organization\",\"@id\":\"https:\\\/\\\/www.askony.sk\\\/#organization\",\"name\":\"ASKONY export \u2013 import, s. r. o.\",\"url\":\"https:\\\/\\\/www.askony.sk\\\/\",\"logo\":{\"@type\":\"ImageObject\",\"inLanguage\":\"en-GB\",\"@id\":\"https:\\\/\\\/www.askony.sk\\\/#\\\/schema\\\/logo\\\/image\\\/\",\"url\":\"https:\\\/\\\/www.askony.sk\\\/wp-content\\\/uploads\\\/2022\\\/12\\\/askony_logo_white.jpg\",\"contentUrl\":\"https:\\\/\\\/www.askony.sk\\\/wp-content\\\/uploads\\\/2022\\\/12\\\/askony_logo_white.jpg\",\"width\":1080,\"height\":1080,\"caption\":\"ASKONY export \u2013 import, s. r. o.\"},\"image\":{\"@id\":\"https:\\\/\\\/www.askony.sk\\\/#\\\/schema\\\/logo\\\/image\\\/\"}}]}<\/script>\n<!-- \/ Yoast SEO plugin. -->","yoast_head_json":{"title":"Ve\u013ekorozmerov\u00e9 \u017eelezobet\u00f3nov\u00e9 elementy | ASKONY","description":"Prefabrikovan\u00e9 kon\u0161trukcie na mieru pre vodomern\u00e9 \u0161achty, reten\u010dn\u00e9 n\u00e1dr\u017ee a hydrotechniku. Optimalizujte v\u00fdstavbu s efekt\u00edvnymi \u017eelezobet\u00f3nov\u00fdmi elementmi.","robots":{"index":"index","follow":"follow","max-snippet":"max-snippet:-1","max-image-preview":"max-image-preview:large","max-video-preview":"max-video-preview:-1"},"canonical":"https:\/\/www.askony.sk\/en\/velkorozmerove-zelezobetonove-elementy\/","og_locale":"en_GB","og_type":"article","og_title":"Ve\u013ekorozmerov\u00e9 \u017eelezobet\u00f3nov\u00e9 elementy | ASKONY","og_description":"Prefabrikovan\u00e9 kon\u0161trukcie na mieru pre vodomern\u00e9 \u0161achty, reten\u010dn\u00e9 n\u00e1dr\u017ee a hydrotechniku. Optimalizujte v\u00fdstavbu s efekt\u00edvnymi \u017eelezobet\u00f3nov\u00fdmi elementmi.","og_url":"https:\/\/www.askony.sk\/en\/velkorozmerove-zelezobetonove-elementy\/","og_site_name":"ASKONY","article_modified_time":"2023-06-16T12:06:40+00:00","og_image":[{"url":"https:\/\/www.askony.sk\/wp-content\/uploads\/2022\/12\/velkorozmerove_4.png","type":"","width":"","height":""}],"twitter_card":"summary_large_image","twitter_misc":{"Estimated reading time":"2 minutes"},"schema":{"@context":"https:\/\/schema.org","@graph":[{"@type":"WebPage","@id":"https:\/\/www.askony.sk\/velkorozmerove-zelezobetonove-elementy\/","url":"https:\/\/www.askony.sk\/velkorozmerove-zelezobetonove-elementy\/","name":"Ve\u013ekorozmerov\u00e9 \u017eelezobet\u00f3nov\u00e9 elementy | ASKONY","isPartOf":{"@id":"https:\/\/www.askony.sk\/#website"},"primaryImageOfPage":{"@id":"https:\/\/www.askony.sk\/velkorozmerove-zelezobetonove-elementy\/#primaryimage"},"image":{"@id":"https:\/\/www.askony.sk\/velkorozmerove-zelezobetonove-elementy\/#primaryimage"},"thumbnailUrl":"https:\/\/www.askony.sk\/wp-content\/uploads\/2022\/12\/velkorozmerove_4.png","datePublished":"2022-11-18T01:27:46+00:00","dateModified":"2023-06-16T12:06:40+00:00","description":"Prefabrikovan\u00e9 kon\u0161trukcie na mieru pre vodomern\u00e9 \u0161achty, reten\u010dn\u00e9 n\u00e1dr\u017ee a hydrotechniku. Optimalizujte v\u00fdstavbu s efekt\u00edvnymi \u017eelezobet\u00f3nov\u00fdmi elementmi.","breadcrumb":{"@id":"https:\/\/www.askony.sk\/velkorozmerove-zelezobetonove-elementy\/#breadcrumb"},"inLanguage":"en-GB","potentialAction":[{"@type":"ReadAction","target":["https:\/\/www.askony.sk\/velkorozmerove-zelezobetonove-elementy\/"]}]},{"@type":"ImageObject","inLanguage":"en-GB","@id":"https:\/\/www.askony.sk\/velkorozmerove-zelezobetonove-elementy\/#primaryimage","url":"https:\/\/www.askony.sk\/wp-content\/uploads\/2022\/12\/velkorozmerove_4.png","contentUrl":"https:\/\/www.askony.sk\/wp-content\/uploads\/2022\/12\/velkorozmerove_4.png"},{"@type":"BreadcrumbList","@id":"https:\/\/www.askony.sk\/velkorozmerove-zelezobetonove-elementy\/#breadcrumb","itemListElement":[{"@type":"ListItem","position":1,"name":"\u00davod","item":"https:\/\/www.askony.sk\/"},{"@type":"ListItem","position":2,"name":"Ve\u013ekorozmerov\u00e9 \u017eelezobet\u00f3nov\u00e9 elementy"}]},{"@type":"WebSite","@id":"https:\/\/www.askony.sk\/#website","url":"https:\/\/www.askony.sk\/","name":"ASKONY","description":"Steel pipes of all sizes and grades","publisher":{"@id":"https:\/\/www.askony.sk\/#organization"},"potentialAction":[{"@type":"SearchAction","target":{"@type":"EntryPoint","urlTemplate":"https:\/\/www.askony.sk\/?s={search_term_string}"},"query-input":{"@type":"PropertyValueSpecification","valueRequired":true,"valueName":"search_term_string"}}],"inLanguage":"en-GB"},{"@type":"Organization","@id":"https:\/\/www.askony.sk\/#organization","name":"ASKONY export - import, s. r. o.","url":"https:\/\/www.askony.sk\/","logo":{"@type":"ImageObject","inLanguage":"en-GB","@id":"https:\/\/www.askony.sk\/#\/schema\/logo\/image\/","url":"https:\/\/www.askony.sk\/wp-content\/uploads\/2022\/12\/askony_logo_white.jpg","contentUrl":"https:\/\/www.askony.sk\/wp-content\/uploads\/2022\/12\/askony_logo_white.jpg","width":1080,"height":1080,"caption":"ASKONY export \u2013 import, s. r. o."},"image":{"@id":"https:\/\/www.askony.sk\/#\/schema\/logo\/image\/"}}]}},"_links":{"self":[{"href":"https:\/\/www.askony.sk\/en\/wp-json\/wp\/v2\/pages\/324","targetHints":{"allow":["GET"]}}],"collection":[{"href":"https:\/\/www.askony.sk\/en\/wp-json\/wp\/v2\/pages"}],"about":[{"href":"https:\/\/www.askony.sk\/en\/wp-json\/wp\/v2\/types\/page"}],"author":[{"embeddable":true,"href":"https:\/\/www.askony.sk\/en\/wp-json\/wp\/v2\/users\/1"}],"replies":[{"embeddable":true,"href":"https:\/\/www.askony.sk\/en\/wp-json\/wp\/v2\/comments?post=324"}],"version-history":[{"count":6,"href":"https:\/\/www.askony.sk\/en\/wp-json\/wp\/v2\/pages\/324\/revisions"}],"predecessor-version":[{"id":1136,"href":"https:\/\/www.askony.sk\/en\/wp-json\/wp\/v2\/pages\/324\/revisions\/1136"}],"wp:attachment":[{"href":"https:\/\/www.askony.sk\/en\/wp-json\/wp\/v2\/media?parent=324"}],"curies":[{"name":"wp","href":"https:\/\/api.w.org\/{rel}","templated":true}]}}