{"id":318,"date":"2022-11-18T02:27:12","date_gmt":"2022-11-18T01:27:12","guid":{"rendered":"https:\/\/www.askony.sk\/?page_id=318"},"modified":"2023-08-24T13:34:02","modified_gmt":"2023-08-24T11:34:02","slug":"rury-ocelove-pozdlzne-zvarane","status":"publish","type":"page","link":"https:\/\/www.askony.sk\/en\/rury-ocelove-pozdlzne-zvarane\/","title":{"rendered":"Longitudinally welded steel tubes"},"content":{"rendered":"<div data-elementor-type=\"wp-page\" data-elementor-id=\"318\" class=\"elementor elementor-318\" data-elementor-post-type=\"page\">\n\t\t\t\t\t\t<section class=\"elementor-section elementor-top-section elementor-element elementor-element-3aa407c elementor-section-height-min-height elementor-section-stretched elementor-section-boxed elementor-section-height-default elementor-section-items-middle\" data-id=\"3aa407c\" data-element_type=\"section\" data-e-type=\"section\" data-settings=\"{&quot;stretch_section&quot;:&quot;section-stretched&quot;}\">\n\t\t\t\t\t\t<div class=\"elementor-container elementor-column-gap-default\">\n\t\t\t\t\t<div class=\"elementor-column elementor-col-100 elementor-top-column elementor-element elementor-element-0992a83\" data-id=\"0992a83\" data-element_type=\"column\" data-e-type=\"column\">\n\t\t\t<div class=\"elementor-widget-wrap elementor-element-populated\">\n\t\t\t\t\t\t<section class=\"elementor-section elementor-inner-section elementor-element elementor-element-c2f5b36 elementor-section-boxed elementor-section-height-default elementor-section-height-default\" data-id=\"c2f5b36\" data-element_type=\"section\" data-e-type=\"section\" data-settings=\"{&quot;background_background&quot;:&quot;classic&quot;}\">\n\t\t\t\t\t\t<div class=\"elementor-container elementor-column-gap-default\">\n\t\t\t\t\t<div class=\"elementor-column elementor-col-100 elementor-inner-column elementor-element elementor-element-3f2388c\" data-id=\"3f2388c\" data-element_type=\"column\" data-e-type=\"column\">\n\t\t\t<div class=\"elementor-widget-wrap elementor-element-populated\">\n\t\t\t\t\t\t<div class=\"elementor-element elementor-element-fc81572 elementor-widget__width-auto list-askony elementor-widget elementor-widget-heading\" data-id=\"fc81572\" data-element_type=\"widget\" data-e-type=\"widget\" data-widget_type=\"heading.default\">\n\t\t\t\t<div class=\"elementor-widget-container\">\n\t\t\t\t\t<div class=\"elementor-heading-title elementor-size-default\"><strong>You searched also how:<\/strong> thick wall pipe, thick wall steel pipe price, large diameter steel pipe<\/div>\t\t\t\t<\/div>\n\t\t\t\t<\/div>\n\t\t\t\t<div class=\"elementor-element elementor-element-6d50806 list-askony elementor-widget elementor-widget-text-editor\" data-id=\"6d50806\" data-element_type=\"widget\" data-e-type=\"widget\" data-widget_type=\"text-editor.default\">\n\t\t\t\t<div class=\"elementor-widget-container\">\n\t\t\t\t\t\t\t\t\t<p>Our product range includes longitudinally welded steel tubes by various methods - resistance welded (ERW), high frequency welded (HFW) in diameters from 114.3 to 530 mm as well as longitudinally submerged arc welded (LSAW) steel tubes in diameters from 559 to 2032 mm. Depending on the required diameter, the pipes are welded with one to three longitudinal welds. To achieve the required length, the individual segments are joined by transverse welds. Thick-walled steel tubes and large diameter tubes are also produced by this method.<\/p><p><b>The pipes are manufactured according to standards:<\/b><\/p><ul><li>EN 10217<\/li><li>EN 10219<\/li><li>EN 10224<\/li><li>EN ISO 3183<\/li><\/ul>\t\t\t\t\t\t\t\t<\/div>\n\t\t\t\t<\/div>\n\t\t\t\t\t<\/div>\n\t\t<\/div>\n\t\t\t\t\t<\/div>\n\t\t<\/section>\n\t\t\t\t\t<\/div>\n\t\t<\/div>\n\t\t\t\t\t<\/div>\n\t\t<\/section>\n\t\t\t\t<\/div>","protected":false},"excerpt":{"rendered":"<p>H\u013eadali ste aj ako: hrubostenn\u00e9 r\u00fary, oce\u013eov\u00e9 r\u00fary hrubostenn\u00e9 cena, oce\u013eov\u00e9 r\u00fary ve\u013ek\u00fdch priemerov N\u00e1\u0161 sortiment zah\u0155\u0148a oce\u013eov\u00e9 r\u00fary pozd\u013a\u017ene zv\u00e1ran\u00e9 r\u00f4znymi met\u00f3dami \u2013 odporovo zv\u00e1ran\u00e9 (ERW), vysokofrekven\u010dne zv\u00e1ran\u00e9 (HFW) v\u00a0priemeroch 114,3 a\u017e 530 mm ako aj oce\u013eov\u00e9 r\u00fary pozd\u013a\u017ene zv\u00e1ran\u00e9 pod tavivom (LSAW) v\u00a0priemeroch 559 a\u017e 2032mm. Pod\u013ea po\u017eadovan\u00e9ho priemeru s\u00fa r\u00fary zv\u00e1ran\u00e9 jedn\u00fdm [&hellip;]<\/p>\n","protected":false},"author":1,"featured_media":0,"parent":0,"menu_order":0,"comment_status":"closed","ping_status":"closed","template":"","meta":{"footnotes":""},"class_list":["post-318","page","type-page","status-publish","hentry"],"yoast_head":"<!-- This site is optimized with the Yoast SEO plugin v27.5 - https:\/\/yoast.com\/product\/yoast-seo-wordpress\/ -->\n<title>R\u00fary oce\u013eov\u00e9 pozd\u013a\u017ene zv\u00e1ran\u00e9 | ASKONY<\/title>\n<meta name=\"description\" content=\"Oce\u013eov\u00e9 r\u00fary hrubostenn\u00e9, pozd\u013a\u017ene zv\u00e1ran\u00e9 odporovou, vysokofrekven\u010dnou a podtaviacou met\u00f3dou. Presved\u010dte sa o na\u0161ej kvalite.\" \/>\n<meta name=\"robots\" content=\"index, follow, max-snippet:-1, max-image-preview:large, max-video-preview:-1\" \/>\n<link rel=\"canonical\" href=\"https:\/\/www.askony.sk\/en\/rury-ocelove-pozdlzne-zvarane\/\" \/>\n<meta property=\"og:locale\" content=\"en_GB\" \/>\n<meta property=\"og:type\" content=\"article\" \/>\n<meta property=\"og:title\" content=\"R\u00fary oce\u013eov\u00e9 pozd\u013a\u017ene zv\u00e1ran\u00e9 | ASKONY\" \/>\n<meta property=\"og:description\" content=\"Oce\u013eov\u00e9 r\u00fary hrubostenn\u00e9, pozd\u013a\u017ene zv\u00e1ran\u00e9 odporovou, vysokofrekven\u010dnou a podtaviacou met\u00f3dou. Presved\u010dte sa o na\u0161ej kvalite.\" \/>\n<meta property=\"og:url\" content=\"https:\/\/www.askony.sk\/en\/rury-ocelove-pozdlzne-zvarane\/\" \/>\n<meta property=\"og:site_name\" content=\"ASKONY\" \/>\n<meta property=\"article:modified_time\" content=\"2023-08-24T11:34:02+00:00\" \/>\n<meta name=\"twitter:card\" content=\"summary_large_image\" \/>\n<meta name=\"twitter:label1\" content=\"Estimated reading time\" \/>\n\t<meta name=\"twitter:data1\" content=\"1 minute\" \/>\n<script type=\"application\/ld+json\" class=\"yoast-schema-graph\">{\"@context\":\"https:\\\/\\\/schema.org\",\"@graph\":[{\"@type\":\"WebPage\",\"@id\":\"https:\\\/\\\/www.askony.sk\\\/rury-ocelove-pozdlzne-zvarane\\\/\",\"url\":\"https:\\\/\\\/www.askony.sk\\\/rury-ocelove-pozdlzne-zvarane\\\/\",\"name\":\"R\u00fary oce\u013eov\u00e9 pozd\u013a\u017ene zv\u00e1ran\u00e9 | ASKONY\",\"isPartOf\":{\"@id\":\"https:\\\/\\\/www.askony.sk\\\/#website\"},\"datePublished\":\"2022-11-18T01:27:12+00:00\",\"dateModified\":\"2023-08-24T11:34:02+00:00\",\"description\":\"Oce\u013eov\u00e9 r\u00fary hrubostenn\u00e9, pozd\u013a\u017ene zv\u00e1ran\u00e9 odporovou, vysokofrekven\u010dnou a podtaviacou met\u00f3dou. Presved\u010dte sa o na\u0161ej kvalite.\",\"breadcrumb\":{\"@id\":\"https:\\\/\\\/www.askony.sk\\\/rury-ocelove-pozdlzne-zvarane\\\/#breadcrumb\"},\"inLanguage\":\"en-GB\",\"potentialAction\":[{\"@type\":\"ReadAction\",\"target\":[\"https:\\\/\\\/www.askony.sk\\\/rury-ocelove-pozdlzne-zvarane\\\/\"]}]},{\"@type\":\"BreadcrumbList\",\"@id\":\"https:\\\/\\\/www.askony.sk\\\/rury-ocelove-pozdlzne-zvarane\\\/#breadcrumb\",\"itemListElement\":[{\"@type\":\"ListItem\",\"position\":1,\"name\":\"\u00davod\",\"item\":\"https:\\\/\\\/www.askony.sk\\\/\"},{\"@type\":\"ListItem\",\"position\":2,\"name\":\"R\u00fary oce\u013eov\u00e9 pozd\u013a\u017ene zv\u00e1ran\u00e9\"}]},{\"@type\":\"WebSite\",\"@id\":\"https:\\\/\\\/www.askony.sk\\\/#website\",\"url\":\"https:\\\/\\\/www.askony.sk\\\/\",\"name\":\"ASKONY\",\"description\":\"Oce\u013eov\u00e9 r\u00fary v\u0161etk\u00fdch rozmerov a akost\u00ed\",\"publisher\":{\"@id\":\"https:\\\/\\\/www.askony.sk\\\/#organization\"},\"potentialAction\":[{\"@type\":\"SearchAction\",\"target\":{\"@type\":\"EntryPoint\",\"urlTemplate\":\"https:\\\/\\\/www.askony.sk\\\/?s={search_term_string}\"},\"query-input\":{\"@type\":\"PropertyValueSpecification\",\"valueRequired\":true,\"valueName\":\"search_term_string\"}}],\"inLanguage\":\"en-GB\"},{\"@type\":\"Organization\",\"@id\":\"https:\\\/\\\/www.askony.sk\\\/#organization\",\"name\":\"ASKONY export \u2013 import, s. r. o.\",\"url\":\"https:\\\/\\\/www.askony.sk\\\/\",\"logo\":{\"@type\":\"ImageObject\",\"inLanguage\":\"en-GB\",\"@id\":\"https:\\\/\\\/www.askony.sk\\\/#\\\/schema\\\/logo\\\/image\\\/\",\"url\":\"https:\\\/\\\/www.askony.sk\\\/wp-content\\\/uploads\\\/2022\\\/12\\\/askony_logo_white.jpg\",\"contentUrl\":\"https:\\\/\\\/www.askony.sk\\\/wp-content\\\/uploads\\\/2022\\\/12\\\/askony_logo_white.jpg\",\"width\":1080,\"height\":1080,\"caption\":\"ASKONY export \u2013 import, s. r. o.\"},\"image\":{\"@id\":\"https:\\\/\\\/www.askony.sk\\\/#\\\/schema\\\/logo\\\/image\\\/\"}}]}<\/script>\n<!-- \/ Yoast SEO plugin. -->","yoast_head_json":{"title":"R\u00fary oce\u013eov\u00e9 pozd\u013a\u017ene zv\u00e1ran\u00e9 | ASKONY","description":"Oce\u013eov\u00e9 r\u00fary hrubostenn\u00e9, pozd\u013a\u017ene zv\u00e1ran\u00e9 odporovou, vysokofrekven\u010dnou a podtaviacou met\u00f3dou. Presved\u010dte sa o na\u0161ej kvalite.","robots":{"index":"index","follow":"follow","max-snippet":"max-snippet:-1","max-image-preview":"max-image-preview:large","max-video-preview":"max-video-preview:-1"},"canonical":"https:\/\/www.askony.sk\/en\/rury-ocelove-pozdlzne-zvarane\/","og_locale":"en_GB","og_type":"article","og_title":"R\u00fary oce\u013eov\u00e9 pozd\u013a\u017ene zv\u00e1ran\u00e9 | ASKONY","og_description":"Oce\u013eov\u00e9 r\u00fary hrubostenn\u00e9, pozd\u013a\u017ene zv\u00e1ran\u00e9 odporovou, vysokofrekven\u010dnou a podtaviacou met\u00f3dou. Presved\u010dte sa o na\u0161ej kvalite.","og_url":"https:\/\/www.askony.sk\/en\/rury-ocelove-pozdlzne-zvarane\/","og_site_name":"ASKONY","article_modified_time":"2023-08-24T11:34:02+00:00","twitter_card":"summary_large_image","twitter_misc":{"Estimated reading time":"1 minute"},"schema":{"@context":"https:\/\/schema.org","@graph":[{"@type":"WebPage","@id":"https:\/\/www.askony.sk\/rury-ocelove-pozdlzne-zvarane\/","url":"https:\/\/www.askony.sk\/rury-ocelove-pozdlzne-zvarane\/","name":"R\u00fary oce\u013eov\u00e9 pozd\u013a\u017ene zv\u00e1ran\u00e9 | ASKONY","isPartOf":{"@id":"https:\/\/www.askony.sk\/#website"},"datePublished":"2022-11-18T01:27:12+00:00","dateModified":"2023-08-24T11:34:02+00:00","description":"Oce\u013eov\u00e9 r\u00fary hrubostenn\u00e9, pozd\u013a\u017ene zv\u00e1ran\u00e9 odporovou, vysokofrekven\u010dnou a podtaviacou met\u00f3dou. Presved\u010dte sa o na\u0161ej kvalite.","breadcrumb":{"@id":"https:\/\/www.askony.sk\/rury-ocelove-pozdlzne-zvarane\/#breadcrumb"},"inLanguage":"en-GB","potentialAction":[{"@type":"ReadAction","target":["https:\/\/www.askony.sk\/rury-ocelove-pozdlzne-zvarane\/"]}]},{"@type":"BreadcrumbList","@id":"https:\/\/www.askony.sk\/rury-ocelove-pozdlzne-zvarane\/#breadcrumb","itemListElement":[{"@type":"ListItem","position":1,"name":"\u00davod","item":"https:\/\/www.askony.sk\/"},{"@type":"ListItem","position":2,"name":"R\u00fary oce\u013eov\u00e9 pozd\u013a\u017ene zv\u00e1ran\u00e9"}]},{"@type":"WebSite","@id":"https:\/\/www.askony.sk\/#website","url":"https:\/\/www.askony.sk\/","name":"ASKONY","description":"Steel pipes of all sizes and grades","publisher":{"@id":"https:\/\/www.askony.sk\/#organization"},"potentialAction":[{"@type":"SearchAction","target":{"@type":"EntryPoint","urlTemplate":"https:\/\/www.askony.sk\/?s={search_term_string}"},"query-input":{"@type":"PropertyValueSpecification","valueRequired":true,"valueName":"search_term_string"}}],"inLanguage":"en-GB"},{"@type":"Organization","@id":"https:\/\/www.askony.sk\/#organization","name":"ASKONY export - import, s. r. o.","url":"https:\/\/www.askony.sk\/","logo":{"@type":"ImageObject","inLanguage":"en-GB","@id":"https:\/\/www.askony.sk\/#\/schema\/logo\/image\/","url":"https:\/\/www.askony.sk\/wp-content\/uploads\/2022\/12\/askony_logo_white.jpg","contentUrl":"https:\/\/www.askony.sk\/wp-content\/uploads\/2022\/12\/askony_logo_white.jpg","width":1080,"height":1080,"caption":"ASKONY export \u2013 import, s. r. o."},"image":{"@id":"https:\/\/www.askony.sk\/#\/schema\/logo\/image\/"}}]}},"_links":{"self":[{"href":"https:\/\/www.askony.sk\/en\/wp-json\/wp\/v2\/pages\/318","targetHints":{"allow":["GET"]}}],"collection":[{"href":"https:\/\/www.askony.sk\/en\/wp-json\/wp\/v2\/pages"}],"about":[{"href":"https:\/\/www.askony.sk\/en\/wp-json\/wp\/v2\/types\/page"}],"author":[{"embeddable":true,"href":"https:\/\/www.askony.sk\/en\/wp-json\/wp\/v2\/users\/1"}],"replies":[{"embeddable":true,"href":"https:\/\/www.askony.sk\/en\/wp-json\/wp\/v2\/comments?post=318"}],"version-history":[{"count":6,"href":"https:\/\/www.askony.sk\/en\/wp-json\/wp\/v2\/pages\/318\/revisions"}],"predecessor-version":[{"id":1145,"href":"https:\/\/www.askony.sk\/en\/wp-json\/wp\/v2\/pages\/318\/revisions\/1145"}],"wp:attachment":[{"href":"https:\/\/www.askony.sk\/en\/wp-json\/wp\/v2\/media?parent=318"}],"curies":[{"name":"wp","href":"https:\/\/api.w.org\/{rel}","templated":true}]}}