{"id":532,"date":"2022-11-18T05:07:06","date_gmt":"2022-11-18T04:07:06","guid":{"rendered":"https:\/\/www.askony.sk\/?page_id=532"},"modified":"2022-12-09T16:13:42","modified_gmt":"2022-12-09T15:13:42","slug":"o-nas","status":"publish","type":"page","link":"https:\/\/www.askony.sk\/de\/o-nas\/","title":{"rendered":"\u00dcber uns"},"content":{"rendered":"<div data-elementor-type=\"wp-page\" data-elementor-id=\"532\" class=\"elementor elementor-532\" data-elementor-post-type=\"page\">\n\t\t\t\t\t\t<section class=\"elementor-section elementor-top-section elementor-element elementor-element-3791bcd elementor-section-height-min-height elementor-section-stretched elementor-section-boxed elementor-section-height-default elementor-section-items-middle\" data-id=\"3791bcd\" data-element_type=\"section\" data-e-type=\"section\" data-settings=\"{&quot;stretch_section&quot;:&quot;section-stretched&quot;}\">\n\t\t\t\t\t\t<div class=\"elementor-container elementor-column-gap-default\">\n\t\t\t\t\t<div class=\"elementor-column elementor-col-100 elementor-top-column elementor-element elementor-element-9f77ebc\" data-id=\"9f77ebc\" data-element_type=\"column\" data-e-type=\"column\">\n\t\t\t<div class=\"elementor-widget-wrap elementor-element-populated\">\n\t\t\t\t\t\t<section class=\"elementor-section elementor-inner-section elementor-element elementor-element-a2d4aff elementor-section-boxed elementor-section-height-default elementor-section-height-default\" data-id=\"a2d4aff\" data-element_type=\"section\" data-e-type=\"section\" data-settings=\"{&quot;background_background&quot;:&quot;classic&quot;}\">\n\t\t\t\t\t\t<div class=\"elementor-container elementor-column-gap-default\">\n\t\t\t\t\t<div class=\"elementor-column elementor-col-100 elementor-inner-column elementor-element elementor-element-e404169\" data-id=\"e404169\" data-element_type=\"column\" data-e-type=\"column\">\n\t\t\t<div class=\"elementor-widget-wrap elementor-element-populated\">\n\t\t\t\t\t\t<div class=\"elementor-element elementor-element-6f01935 elementor-widget elementor-widget-heading\" data-id=\"6f01935\" data-element_type=\"widget\" data-e-type=\"widget\" data-widget_type=\"heading.default\">\n\t\t\t\t<div class=\"elementor-widget-container\">\n\t\t\t\t\t<h2 class=\"elementor-heading-title elementor-size-default\">\u00dcber das Unternehmen<\/h2>\t\t\t\t<\/div>\n\t\t\t\t<\/div>\n\t\t\t\t<div class=\"elementor-element elementor-element-585b506 list-askony elementor-widget elementor-widget-text-editor\" data-id=\"585b506\" data-element_type=\"widget\" data-e-type=\"widget\" data-widget_type=\"text-editor.default\">\n\t\t\t\t<div class=\"elementor-widget-container\">\n\t\t\t\t\t\t\t\t\t<p>Das Unternehmen <strong>ASKONY export-import, spol. s r.o.<\/strong> wurde im Jahr <strong>1994<\/strong> gegr\u00fcndet und hat sich im Laufe seiner T\u00e4tigkeit zu einem entscheidenden Lieferanten von geschwei\u00dften Stahlrohren auf dem slowakischen Markt entwickelt. Es liefert spiralgeschwei\u00dfte, l\u00e4ngsgeschwei\u00dfte und nahtlose Stahlrohre <strong>in der Slowakei, der Tschechischen Republik, Polen, usw.<\/strong><\/p>\t\t\t\t\t\t\t\t<\/div>\n\t\t\t\t<\/div>\n\t\t\t\t\t<\/div>\n\t\t<\/div>\n\t\t\t\t\t<\/div>\n\t\t<\/section>\n\t\t\t\t\t<\/div>\n\t\t<\/div>\n\t\t\t\t\t<\/div>\n\t\t<\/section>\n\t\t\t\t<section class=\"elementor-section elementor-top-section elementor-element elementor-element-c1b91c0 elementor-section-stretched elementor-section-boxed elementor-section-height-default elementor-section-height-default\" data-id=\"c1b91c0\" data-element_type=\"section\" data-e-type=\"section\" data-settings=\"{&quot;background_background&quot;:&quot;classic&quot;,&quot;stretch_section&quot;:&quot;section-stretched&quot;}\">\n\t\t\t\t\t\t<div class=\"elementor-container elementor-column-gap-default\">\n\t\t\t\t\t<div class=\"elementor-column elementor-col-100 elementor-top-column elementor-element elementor-element-1478f21\" data-id=\"1478f21\" data-element_type=\"column\" data-e-type=\"column\">\n\t\t\t<div class=\"elementor-widget-wrap elementor-element-populated\">\n\t\t\t\t\t\t<div class=\"elementor-element elementor-element-eb02f01 elementor-widget elementor-widget-heading\" data-id=\"eb02f01\" data-element_type=\"widget\" data-e-type=\"widget\" data-widget_type=\"heading.default\">\n\t\t\t\t<div class=\"elementor-widget-container\">\n\t\t\t\t\t<h2 class=\"elementor-heading-title elementor-size-default\">Unternehmensprofil<\/h2>\t\t\t\t<\/div>\n\t\t\t\t<\/div>\n\t\t\t\t<div class=\"elementor-element elementor-element-d95370c elementor-widget elementor-widget-text-editor\" data-id=\"d95370c\" data-element_type=\"widget\" data-e-type=\"widget\" data-widget_type=\"text-editor.default\">\n\t\t\t\t<div class=\"elementor-widget-container\">\n\t\t\t\t\t\t\t\t\t<p>Die Mitarbeiter der Firma ASKONY Export-Import, spol. s r.o.Krompachy sorgen f\u00fcr eine problemlose Lieferung von Stahlrohren, Stahlb\u00f6gen, Kr\u00fcmmern und anderen Rohrteilen inklusive Zubeh\u00f6r aller Abmessungsnormen sowie Isolierungen nach den g\u00e4ngigen Normen. Die Qualit\u00e4t ist eine der h\u00f6chsten Priorit\u00e4ten unseres Unternehmens, was durch die Zertifizierung nach ISO 9001 : 2015 durch SGS System Certification ausgewiesen wird. Wir verpflichten uns zur Einhaltung genauer Regeln in Bezug auf Qualit\u00e4tsmanagement, Qualit\u00e4t der Materialversorgung, korrekte und fehlerfreie Produktdokumentation, Lagerung und Versand. Neben den oben genannten Aktivit\u00e4ten widmet sich ASKONY Export-Import, spol. s r.o.Krompachy auch der Entwicklung des Tourismus in der Region, wir besitzen ein Erholungszentrum \"Vital World\", das mit seinen Saunen, dem Sprudelbad, Tepidarium und der Tagesbar den Besuchern und B\u00fcrgern von Krompachy und der Umgebung dient.<\/p>\n<p><!-- \/wp:paragraph --><!-- wp:heading --><\/p>\t\t\t\t\t\t\t\t<\/div>\n\t\t\t\t<\/div>\n\t\t\t\t\t<\/div>\n\t\t<\/div>\n\t\t\t\t\t<\/div>\n\t\t<\/section>\n\t\t\t\t<section class=\"elementor-section elementor-top-section elementor-element elementor-element-612abab elementor-section-height-min-height elementor-section-stretched elementor-section-boxed elementor-section-height-default elementor-section-items-middle\" data-id=\"612abab\" data-element_type=\"section\" data-e-type=\"section\" data-settings=\"{&quot;stretch_section&quot;:&quot;section-stretched&quot;}\">\n\t\t\t\t\t\t<div class=\"elementor-container elementor-column-gap-default\">\n\t\t\t\t\t<div class=\"elementor-column elementor-col-100 elementor-top-column elementor-element elementor-element-a069318\" data-id=\"a069318\" data-element_type=\"column\" data-e-type=\"column\">\n\t\t\t<div class=\"elementor-widget-wrap elementor-element-populated\">\n\t\t\t\t\t\t<section class=\"elementor-section elementor-inner-section elementor-element elementor-element-dd1679a elementor-section-boxed elementor-section-height-default elementor-section-height-default\" data-id=\"dd1679a\" data-element_type=\"section\" data-e-type=\"section\" data-settings=\"{&quot;background_background&quot;:&quot;classic&quot;}\">\n\t\t\t\t\t\t<div class=\"elementor-container elementor-column-gap-default\">\n\t\t\t\t\t<div class=\"elementor-column elementor-col-100 elementor-inner-column elementor-element elementor-element-7cab178\" data-id=\"7cab178\" data-element_type=\"column\" data-e-type=\"column\">\n\t\t\t<div class=\"elementor-widget-wrap elementor-element-populated\">\n\t\t\t\t\t\t<div class=\"elementor-element elementor-element-6f6b15b elementor-widget elementor-widget-heading\" data-id=\"6f6b15b\" data-element_type=\"widget\" data-e-type=\"widget\" data-widget_type=\"heading.default\">\n\t\t\t\t<div class=\"elementor-widget-container\">\n\t\t\t\t\t<h2 class=\"elementor-heading-title elementor-size-default\">Qualit\u00e4tspolitik<\/h2>\t\t\t\t<\/div>\n\t\t\t\t<\/div>\n\t\t\t\t<div class=\"elementor-element elementor-element-b3bb00f list-askony elementor-widget elementor-widget-text-editor\" data-id=\"b3bb00f\" data-element_type=\"widget\" data-e-type=\"widget\" data-widget_type=\"text-editor.default\">\n\t\t\t\t<div class=\"elementor-widget-container\">\n\t\t\t\t\t\t\t\t\t<p><b>Askony Export \u2013 Import,\u00a0 s. r. o. Krompachy<\/b> ist ein Handelsunternehmen, das an der Spitze des Handels mit nahtlosen und geschwei\u00dften Stahlrohren in der Slowakischen Republik steht und auch in der Tschechischen Republik eine starke Pr\u00e4senz hat.<\/p>\n<p>\u00a0<\/p>\n<p>Unsere Ziele k\u00f6nnen nur durch unsere Mitarbeiter erreicht werden. Daher ist die Nutzung des Potenzials unserer Mitarbeiter eine wesentliche Ressource, die wir entwickeln und der wir maximale Aufmerksamkeit widmen. Vor allem verlangen wir von unseren Mitarbeitern eine verantwortungsvolle Arbeitsweise, effektive Teamarbeit und die st\u00e4ndige Erweiterung von Wissen und F\u00e4higkeiten. Die Mitarbeiter m\u00fcssen ihre Kunden, deren Erwartungen und Anforderungen kennen. Nur wenn alle Mitarbeiter ihr Bestes geben, wird unser Unternehmen im Wettbewerb gewinnen. Unser Ziel:<\/p>\n<p>\u00a0<\/p>\n<p><strong>\"Teilnahme am kontinuierlichen Prozess der Qualit\u00e4tsverbesserung der angebotenen Unternehmensdienstleistungen, damit die Anforderungen und Bed\u00fcrfnisse der Gesch\u00e4ftspartner auf dem Markt bestm\u00f6glich erf\u00fcllt werden.<\/strong><\/p>\t\t\t\t\t\t\t\t<\/div>\n\t\t\t\t<\/div>\n\t\t\t\t\t<\/div>\n\t\t<\/div>\n\t\t\t\t\t<\/div>\n\t\t<\/section>\n\t\t\t\t\t<\/div>\n\t\t<\/div>\n\t\t\t\t\t<\/div>\n\t\t<\/section>\n\t\t\t\t<section class=\"elementor-section elementor-top-section elementor-element elementor-element-adef7d0 elementor-section-height-min-height elementor-section-stretched elementor-section-boxed elementor-section-height-default elementor-section-items-middle\" data-id=\"adef7d0\" data-element_type=\"section\" data-e-type=\"section\" data-settings=\"{&quot;stretch_section&quot;:&quot;section-stretched&quot;}\">\n\t\t\t\t\t\t<div class=\"elementor-container elementor-column-gap-default\">\n\t\t\t\t\t<div class=\"elementor-column elementor-col-100 elementor-top-column elementor-element elementor-element-5c5ac2c\" data-id=\"5c5ac2c\" data-element_type=\"column\" data-e-type=\"column\">\n\t\t\t<div class=\"elementor-widget-wrap elementor-element-populated\">\n\t\t\t\t\t\t<section class=\"elementor-section elementor-inner-section elementor-element elementor-element-69d588a elementor-section-boxed elementor-section-height-default elementor-section-height-default\" data-id=\"69d588a\" data-element_type=\"section\" data-e-type=\"section\" data-settings=\"{&quot;background_background&quot;:&quot;classic&quot;}\">\n\t\t\t\t\t\t<div class=\"elementor-container elementor-column-gap-default\">\n\t\t\t\t\t<div class=\"elementor-column elementor-col-100 elementor-inner-column elementor-element elementor-element-7234c32\" data-id=\"7234c32\" data-element_type=\"column\" data-e-type=\"column\">\n\t\t\t<div class=\"elementor-widget-wrap elementor-element-populated\">\n\t\t\t\t\t\t<div class=\"elementor-element elementor-element-4fe680e elementor-widget elementor-widget-heading\" data-id=\"4fe680e\" data-element_type=\"widget\" data-e-type=\"widget\" data-widget_type=\"heading.default\">\n\t\t\t\t<div class=\"elementor-widget-container\">\n\t\t\t\t\t<h2 class=\"elementor-heading-title elementor-size-default\">Ziele<\/h2>\t\t\t\t<\/div>\n\t\t\t\t<\/div>\n\t\t\t\t<div class=\"elementor-element elementor-element-e7c1106 list-askony elementor-widget elementor-widget-text-editor\" data-id=\"e7c1106\" data-element_type=\"widget\" data-e-type=\"widget\" data-widget_type=\"text-editor.default\">\n\t\t\t\t<div class=\"elementor-widget-container\">\n\t\t\t\t\t\t\t\t\t<p>In einem wettbewerbsorientierten Umfeld will das Unternehmen seine Position auf den M\u00e4rkten halten, st\u00e4rken und ausbauen. Die wichtigste Voraussetzung daf\u00fcr ist, die Qualit\u00e4t der Dienstleistungen der Konkurrenten zu erreichen oder zu \u00fcbertreffen und den Gesch\u00e4ftspartnern eine attraktive Dienstleistungsqualit\u00e4t zu bieten, wobei bestehende M\u00e4rkte erhalten und neue M\u00e4rkte erschlossen werden sollen. Diese Voraussetzung zu erf\u00fcllen bedeutet, die Qualit\u00e4t der Dienstleistungen auf einem hohen Niveau zu halten, sie st\u00e4ndig zu verbessern und gem\u00e4\u00df unserem Motto nach den Bed\u00fcrfnissen und Anforderungen unserer Gesch\u00e4ftspartner zu arbeiten:<\/p>\n<p><!-- \/wp:paragraph --><!-- wp:heading {\"level\":5} --><\/p>\t\t\t\t\t\t\t\t<\/div>\n\t\t\t\t<\/div>\n\t\t\t\t<div class=\"elementor-element elementor-element-71a2b5c elementor-widget elementor-widget-heading\" data-id=\"71a2b5c\" data-element_type=\"widget\" data-e-type=\"widget\" data-widget_type=\"heading.default\">\n\t\t\t\t<div class=\"elementor-widget-container\">\n\t\t\t\t\t<h5 class=\"elementor-heading-title elementor-size-default\">\"Rohre aller G\u00fcteklassen und Gr\u00f6\u00dfen von ASKONY\"<\/h5>\t\t\t\t<\/div>\n\t\t\t\t<\/div>\n\t\t\t\t<div class=\"elementor-element elementor-element-7219a65 elementor-widget elementor-widget-image\" data-id=\"7219a65\" data-element_type=\"widget\" data-e-type=\"widget\" data-widget_type=\"image.default\">\n\t\t\t\t<div class=\"elementor-widget-container\">\n\t\t\t\t\t\t\t\t\t\t\t\t\t\t\t<img decoding=\"async\" width=\"151\" height=\"148\" src=\"https:\/\/www.askony.sk\/wp-content\/uploads\/2022\/11\/sng-priehladne.png\" class=\"attachment-medium_large size-medium_large wp-image-535\" alt=\"\" srcset=\"https:\/\/www.askony.sk\/wp-content\/uploads\/2022\/11\/sng-priehladne.png 151w, https:\/\/www.askony.sk\/wp-content\/uploads\/2022\/11\/sng-priehladne-12x12.png 12w\" sizes=\"(max-width: 151px) 100vw, 151px\" \/>\t\t\t\t\t\t\t\t\t\t\t\t\t\t\t<\/div>\n\t\t\t\t<\/div>\n\t\t\t\t\t<\/div>\n\t\t<\/div>\n\t\t\t\t\t<\/div>\n\t\t<\/section>\n\t\t\t\t\t<\/div>\n\t\t<\/div>\n\t\t\t\t\t<\/div>\n\t\t<\/section>\n\t\t\t\t<\/div>","protected":false},"excerpt":{"rendered":"<p>O spolo\u010dnosti Spolo\u010dnos\u0165 ASKONY export-import, spol. s r.o. vznikla v roku 1994 a po\u010das svojej \u010dinnosti sa stala rozhoduj\u00facim dod\u00e1vate\u013eom zv\u00e1ran\u00fdch oce\u013eov\u00fdch r\u00far na slovenskom trhu. Dod\u00e1va \u0161pir\u00e1lovo zv\u00e1ran\u00e9, pozd\u013a\u017ene zv\u00e1ran\u00e9 a bezo\u0161v\u00e9 oce\u013eov\u00e9 r\u00fary od v\u00fdrobcov v SR, \u010cR, v Po\u013esku, at\u010f. Profil spolo\u010dnosti Pracovn\u00edci firmy ASKONY export-import, spol. s r.o.Krompachy V\u00e1m zabezpe\u010dia bezprobl\u00e9mov\u00fa [&hellip;]<\/p>\n","protected":false},"author":1,"featured_media":0,"parent":0,"menu_order":0,"comment_status":"closed","ping_status":"closed","template":"","meta":{"footnotes":""},"class_list":["post-532","page","type-page","status-publish","hentry"],"yoast_head":"<!-- This site is optimized with the Yoast SEO plugin v27.4 - https:\/\/yoast.com\/product\/yoast-seo-wordpress\/ -->\n<title>O n\u00e1s - ASKONY<\/title>\n<meta name=\"robots\" content=\"index, follow, max-snippet:-1, max-image-preview:large, max-video-preview:-1\" \/>\n<link rel=\"canonical\" href=\"https:\/\/www.askony.sk\/de\/o-nas\/\" \/>\n<meta property=\"og:locale\" content=\"de_DE\" \/>\n<meta property=\"og:type\" content=\"article\" \/>\n<meta property=\"og:title\" content=\"O n\u00e1s - ASKONY\" \/>\n<meta property=\"og:description\" content=\"O spolo\u010dnosti Spolo\u010dnos\u0165 ASKONY export-import, spol. s r.o. vznikla v roku 1994 a po\u010das svojej \u010dinnosti sa stala rozhoduj\u00facim dod\u00e1vate\u013eom zv\u00e1ran\u00fdch oce\u013eov\u00fdch r\u00far na slovenskom trhu. Dod\u00e1va \u0161pir\u00e1lovo zv\u00e1ran\u00e9, pozd\u013a\u017ene zv\u00e1ran\u00e9 a bezo\u0161v\u00e9 oce\u013eov\u00e9 r\u00fary od v\u00fdrobcov v SR, \u010cR, v Po\u013esku, at\u010f. Profil spolo\u010dnosti Pracovn\u00edci firmy ASKONY export-import, spol. s r.o.Krompachy V\u00e1m zabezpe\u010dia bezprobl\u00e9mov\u00fa [&hellip;]\" \/>\n<meta property=\"og:url\" content=\"https:\/\/www.askony.sk\/de\/o-nas\/\" \/>\n<meta property=\"og:site_name\" content=\"ASKONY\" \/>\n<meta property=\"article:modified_time\" content=\"2022-12-09T15:13:42+00:00\" \/>\n<meta property=\"og:image\" content=\"https:\/\/www.askony.sk\/wp-content\/uploads\/2022\/11\/sng-priehladne.png\" \/>\n<meta name=\"twitter:card\" content=\"summary_large_image\" \/>\n<meta name=\"twitter:label1\" content=\"Gesch\u00e4tzte Lesezeit\" \/>\n\t<meta name=\"twitter:data1\" content=\"3\u00a0Minuten\" \/>\n<script type=\"application\/ld+json\" class=\"yoast-schema-graph\">{\"@context\":\"https:\\\/\\\/schema.org\",\"@graph\":[{\"@type\":\"WebPage\",\"@id\":\"https:\\\/\\\/www.askony.sk\\\/o-nas\\\/\",\"url\":\"https:\\\/\\\/www.askony.sk\\\/o-nas\\\/\",\"name\":\"O n\u00e1s - ASKONY\",\"isPartOf\":{\"@id\":\"https:\\\/\\\/www.askony.sk\\\/#website\"},\"primaryImageOfPage\":{\"@id\":\"https:\\\/\\\/www.askony.sk\\\/o-nas\\\/#primaryimage\"},\"image\":{\"@id\":\"https:\\\/\\\/www.askony.sk\\\/o-nas\\\/#primaryimage\"},\"thumbnailUrl\":\"https:\\\/\\\/www.askony.sk\\\/wp-content\\\/uploads\\\/2022\\\/11\\\/sng-priehladne.png\",\"datePublished\":\"2022-11-18T04:07:06+00:00\",\"dateModified\":\"2022-12-09T15:13:42+00:00\",\"breadcrumb\":{\"@id\":\"https:\\\/\\\/www.askony.sk\\\/o-nas\\\/#breadcrumb\"},\"inLanguage\":\"de\",\"potentialAction\":[{\"@type\":\"ReadAction\",\"target\":[\"https:\\\/\\\/www.askony.sk\\\/o-nas\\\/\"]}]},{\"@type\":\"ImageObject\",\"inLanguage\":\"de\",\"@id\":\"https:\\\/\\\/www.askony.sk\\\/o-nas\\\/#primaryimage\",\"url\":\"https:\\\/\\\/www.askony.sk\\\/wp-content\\\/uploads\\\/2022\\\/11\\\/sng-priehladne.png\",\"contentUrl\":\"https:\\\/\\\/www.askony.sk\\\/wp-content\\\/uploads\\\/2022\\\/11\\\/sng-priehladne.png\"},{\"@type\":\"BreadcrumbList\",\"@id\":\"https:\\\/\\\/www.askony.sk\\\/o-nas\\\/#breadcrumb\",\"itemListElement\":[{\"@type\":\"ListItem\",\"position\":1,\"name\":\"\u00davod\",\"item\":\"https:\\\/\\\/www.askony.sk\\\/\"},{\"@type\":\"ListItem\",\"position\":2,\"name\":\"O n\u00e1s\"}]},{\"@type\":\"WebSite\",\"@id\":\"https:\\\/\\\/www.askony.sk\\\/#website\",\"url\":\"https:\\\/\\\/www.askony.sk\\\/\",\"name\":\"ASKONY\",\"description\":\"Oce\u013eov\u00e9 r\u00fary v\u0161etk\u00fdch rozmerov a akost\u00ed\",\"publisher\":{\"@id\":\"https:\\\/\\\/www.askony.sk\\\/#organization\"},\"potentialAction\":[{\"@type\":\"SearchAction\",\"target\":{\"@type\":\"EntryPoint\",\"urlTemplate\":\"https:\\\/\\\/www.askony.sk\\\/?s={search_term_string}\"},\"query-input\":{\"@type\":\"PropertyValueSpecification\",\"valueRequired\":true,\"valueName\":\"search_term_string\"}}],\"inLanguage\":\"de\"},{\"@type\":\"Organization\",\"@id\":\"https:\\\/\\\/www.askony.sk\\\/#organization\",\"name\":\"ASKONY export \u2013 import, s. r. o.\",\"url\":\"https:\\\/\\\/www.askony.sk\\\/\",\"logo\":{\"@type\":\"ImageObject\",\"inLanguage\":\"de\",\"@id\":\"https:\\\/\\\/www.askony.sk\\\/#\\\/schema\\\/logo\\\/image\\\/\",\"url\":\"https:\\\/\\\/www.askony.sk\\\/wp-content\\\/uploads\\\/2022\\\/12\\\/askony_logo_white.jpg\",\"contentUrl\":\"https:\\\/\\\/www.askony.sk\\\/wp-content\\\/uploads\\\/2022\\\/12\\\/askony_logo_white.jpg\",\"width\":1080,\"height\":1080,\"caption\":\"ASKONY export \u2013 import, s. r. o.\"},\"image\":{\"@id\":\"https:\\\/\\\/www.askony.sk\\\/#\\\/schema\\\/logo\\\/image\\\/\"}}]}<\/script>\n<!-- \/ Yoast SEO plugin. -->","yoast_head_json":{"title":"O n\u00e1s - ASKONY","robots":{"index":"index","follow":"follow","max-snippet":"max-snippet:-1","max-image-preview":"max-image-preview:large","max-video-preview":"max-video-preview:-1"},"canonical":"https:\/\/www.askony.sk\/de\/o-nas\/","og_locale":"de_DE","og_type":"article","og_title":"O n\u00e1s - ASKONY","og_description":"O spolo\u010dnosti Spolo\u010dnos\u0165 ASKONY export-import, spol. s r.o. vznikla v roku 1994 a po\u010das svojej \u010dinnosti sa stala rozhoduj\u00facim dod\u00e1vate\u013eom zv\u00e1ran\u00fdch oce\u013eov\u00fdch r\u00far na slovenskom trhu. Dod\u00e1va \u0161pir\u00e1lovo zv\u00e1ran\u00e9, pozd\u013a\u017ene zv\u00e1ran\u00e9 a bezo\u0161v\u00e9 oce\u013eov\u00e9 r\u00fary od v\u00fdrobcov v SR, \u010cR, v Po\u013esku, at\u010f. Profil spolo\u010dnosti Pracovn\u00edci firmy ASKONY export-import, spol. s r.o.Krompachy V\u00e1m zabezpe\u010dia bezprobl\u00e9mov\u00fa [&hellip;]","og_url":"https:\/\/www.askony.sk\/de\/o-nas\/","og_site_name":"ASKONY","article_modified_time":"2022-12-09T15:13:42+00:00","og_image":[{"url":"https:\/\/www.askony.sk\/wp-content\/uploads\/2022\/11\/sng-priehladne.png","type":"","width":"","height":""}],"twitter_card":"summary_large_image","twitter_misc":{"Gesch\u00e4tzte Lesezeit":"3\u00a0Minuten"},"schema":{"@context":"https:\/\/schema.org","@graph":[{"@type":"WebPage","@id":"https:\/\/www.askony.sk\/o-nas\/","url":"https:\/\/www.askony.sk\/o-nas\/","name":"O n\u00e1s - ASKONY","isPartOf":{"@id":"https:\/\/www.askony.sk\/#website"},"primaryImageOfPage":{"@id":"https:\/\/www.askony.sk\/o-nas\/#primaryimage"},"image":{"@id":"https:\/\/www.askony.sk\/o-nas\/#primaryimage"},"thumbnailUrl":"https:\/\/www.askony.sk\/wp-content\/uploads\/2022\/11\/sng-priehladne.png","datePublished":"2022-11-18T04:07:06+00:00","dateModified":"2022-12-09T15:13:42+00:00","breadcrumb":{"@id":"https:\/\/www.askony.sk\/o-nas\/#breadcrumb"},"inLanguage":"de","potentialAction":[{"@type":"ReadAction","target":["https:\/\/www.askony.sk\/o-nas\/"]}]},{"@type":"ImageObject","inLanguage":"de","@id":"https:\/\/www.askony.sk\/o-nas\/#primaryimage","url":"https:\/\/www.askony.sk\/wp-content\/uploads\/2022\/11\/sng-priehladne.png","contentUrl":"https:\/\/www.askony.sk\/wp-content\/uploads\/2022\/11\/sng-priehladne.png"},{"@type":"BreadcrumbList","@id":"https:\/\/www.askony.sk\/o-nas\/#breadcrumb","itemListElement":[{"@type":"ListItem","position":1,"name":"\u00davod","item":"https:\/\/www.askony.sk\/"},{"@type":"ListItem","position":2,"name":"O n\u00e1s"}]},{"@type":"WebSite","@id":"https:\/\/www.askony.sk\/#website","url":"https:\/\/www.askony.sk\/","name":"ASKONY","description":"Stahlrohre aller Gr\u00f6\u00dfen und G\u00fcten","publisher":{"@id":"https:\/\/www.askony.sk\/#organization"},"potentialAction":[{"@type":"SearchAction","target":{"@type":"EntryPoint","urlTemplate":"https:\/\/www.askony.sk\/?s={search_term_string}"},"query-input":{"@type":"PropertyValueSpecification","valueRequired":true,"valueName":"search_term_string"}}],"inLanguage":"de"},{"@type":"Organization","@id":"https:\/\/www.askony.sk\/#organization","name":"ASKONY export \u2013 import, s. r. o.","url":"https:\/\/www.askony.sk\/","logo":{"@type":"ImageObject","inLanguage":"de","@id":"https:\/\/www.askony.sk\/#\/schema\/logo\/image\/","url":"https:\/\/www.askony.sk\/wp-content\/uploads\/2022\/12\/askony_logo_white.jpg","contentUrl":"https:\/\/www.askony.sk\/wp-content\/uploads\/2022\/12\/askony_logo_white.jpg","width":1080,"height":1080,"caption":"ASKONY export \u2013 import, s. r. o."},"image":{"@id":"https:\/\/www.askony.sk\/#\/schema\/logo\/image\/"}}]}},"_links":{"self":[{"href":"https:\/\/www.askony.sk\/de\/wp-json\/wp\/v2\/pages\/532","targetHints":{"allow":["GET"]}}],"collection":[{"href":"https:\/\/www.askony.sk\/de\/wp-json\/wp\/v2\/pages"}],"about":[{"href":"https:\/\/www.askony.sk\/de\/wp-json\/wp\/v2\/types\/page"}],"author":[{"embeddable":true,"href":"https:\/\/www.askony.sk\/de\/wp-json\/wp\/v2\/users\/1"}],"replies":[{"embeddable":true,"href":"https:\/\/www.askony.sk\/de\/wp-json\/wp\/v2\/comments?post=532"}],"version-history":[{"count":16,"href":"https:\/\/www.askony.sk\/de\/wp-json\/wp\/v2\/pages\/532\/revisions"}],"predecessor-version":[{"id":992,"href":"https:\/\/www.askony.sk\/de\/wp-json\/wp\/v2\/pages\/532\/revisions\/992"}],"wp:attachment":[{"href":"https:\/\/www.askony.sk\/de\/wp-json\/wp\/v2\/media?parent=532"}],"curies":[{"name":"wp","href":"https:\/\/api.w.org\/{rel}","templated":true}]}}