{"id":378,"date":"2022-11-18T02:49:48","date_gmt":"2022-11-18T01:49:48","guid":{"rendered":"https:\/\/www.askony.sk\/?page_id=378"},"modified":"2026-04-23T20:51:00","modified_gmt":"2026-04-23T18:51:00","slug":"na-stiahnutie","status":"publish","type":"page","link":"https:\/\/www.askony.sk\/de\/na-stiahnutie\/","title":{"rendered":"Downloads"},"content":{"rendered":"<div data-elementor-type=\"wp-page\" data-elementor-id=\"378\" class=\"elementor elementor-378\" data-elementor-post-type=\"page\">\n\t\t\t\t<div class=\"elementor-element elementor-element-0114617 e-flex e-con-boxed e-con e-parent\" data-id=\"0114617\" data-element_type=\"container\" data-e-type=\"container\">\n\t\t\t\t\t<div class=\"e-con-inner\">\n\t\t<div class=\"elementor-element elementor-element-95d6c7b e-con-full e-flex e-con e-child\" data-id=\"95d6c7b\" data-element_type=\"container\" data-e-type=\"container\">\n\t\t\t\t<div class=\"elementor-element elementor-element-d519296 elementor-position-inline-end elementor-mobile-position-inline-start elementor-view-default elementor-widget elementor-widget-icon-box\" data-id=\"d519296\" data-element_type=\"widget\" data-e-type=\"widget\" data-widget_type=\"icon-box.default\">\n\t\t\t\t<div class=\"elementor-widget-container\">\n\t\t\t\t\t\t\t<div class=\"elementor-icon-box-wrapper\">\n\n\t\t\t\t\t\t<div class=\"elementor-icon-box-icon\">\n\t\t\t\t<a href=\"https:\/\/www.askony.sk\/wp-content\/uploads\/2025\/01\/Reference-list-2010-2024-EN.pdf\" target=\"_blank\" class=\"elementor-icon\" tabindex=\"-1\" aria-label=\"Referenzen\">\n\t\t\t\t<svg xmlns=\"http:\/\/www.w3.org\/2000\/svg\" height=\"24px\" viewbox=\"0 0 24 24\" width=\"24px\" fill=\"#000000\"><path d=\"M0 0h24v24H0V0z\" fill=\"none\"><\/path><path d=\"M18 19H6c-.55 0-1-.45-1-1V6c0-.55.45-1 1-1h5c.55 0 1-.45 1-1s-.45-1-1-1H5c-1.11 0-2 .9-2 2v14c0 1.1.9 2 2 2h14c1.1 0 2-.9 2-2v-6c0-.55-.45-1-1-1s-1 .45-1 1v5c0 .55-.45 1-1 1zM14 4c0 .55.45 1 1 1h2.59l-9.13 9.13c-.39.39-.39 1.02 0 1.41.39.39 1.02.39 1.41 0L19 6.41V9c0 .55.45 1 1 1s1-.45 1-1V3h-6c-.55 0-1 .45-1 1z\"><\/path><\/svg>\t\t\t\t<\/a>\n\t\t\t<\/div>\n\t\t\t\n\t\t\t\t\t\t<div class=\"elementor-icon-box-content\">\n\n\t\t\t\t\t\t\t\t\t<h4 class=\"elementor-icon-box-title\">\n\t\t\t\t\t\t<a href=\"https:\/\/www.askony.sk\/wp-content\/uploads\/2025\/01\/Reference-list-2010-2024-EN.pdf\" target=\"_blank\" >\n\t\t\t\t\t\t\tReferenzen\t\t\t\t\t\t<\/a>\n\t\t\t\t\t<\/h4>\n\t\t\t\t\n\t\t\t\t\n\t\t\t<\/div>\n\t\t\t\n\t\t<\/div>\n\t\t\t\t\t\t<\/div>\n\t\t\t\t<\/div>\n\t\t\t\t<div class=\"elementor-element elementor-element-1ae2a90 elementor-position-inline-end elementor-mobile-position-inline-start elementor-view-default elementor-widget elementor-widget-icon-box\" data-id=\"1ae2a90\" data-element_type=\"widget\" data-e-type=\"widget\" data-widget_type=\"icon-box.default\">\n\t\t\t\t<div class=\"elementor-widget-container\">\n\t\t\t\t\t\t\t<div class=\"elementor-icon-box-wrapper\">\n\n\t\t\t\t\t\t<div class=\"elementor-icon-box-icon\">\n\t\t\t\t<a href=\"https:\/\/www.askony.sk\/wp-content\/uploads\/2022\/12\/prepravny-poriadok-askony.pdf\" target=\"_blank\" class=\"elementor-icon\" tabindex=\"-1\" aria-label=\"Transportbestimmungen\">\n\t\t\t\t<svg xmlns=\"http:\/\/www.w3.org\/2000\/svg\" height=\"24px\" viewbox=\"0 0 24 24\" width=\"24px\" fill=\"#000000\"><path d=\"M0 0h24v24H0V0z\" fill=\"none\"><\/path><path d=\"M18 19H6c-.55 0-1-.45-1-1V6c0-.55.45-1 1-1h5c.55 0 1-.45 1-1s-.45-1-1-1H5c-1.11 0-2 .9-2 2v14c0 1.1.9 2 2 2h14c1.1 0 2-.9 2-2v-6c0-.55-.45-1-1-1s-1 .45-1 1v5c0 .55-.45 1-1 1zM14 4c0 .55.45 1 1 1h2.59l-9.13 9.13c-.39.39-.39 1.02 0 1.41.39.39 1.02.39 1.41 0L19 6.41V9c0 .55.45 1 1 1s1-.45 1-1V3h-6c-.55 0-1 .45-1 1z\"><\/path><\/svg>\t\t\t\t<\/a>\n\t\t\t<\/div>\n\t\t\t\n\t\t\t\t\t\t<div class=\"elementor-icon-box-content\">\n\n\t\t\t\t\t\t\t\t\t<h4 class=\"elementor-icon-box-title\">\n\t\t\t\t\t\t<a href=\"https:\/\/www.askony.sk\/wp-content\/uploads\/2022\/12\/prepravny-poriadok-askony.pdf\" target=\"_blank\" >\n\t\t\t\t\t\t\tTransportbestimmungen\t\t\t\t\t\t<\/a>\n\t\t\t\t\t<\/h4>\n\t\t\t\t\n\t\t\t\t\n\t\t\t<\/div>\n\t\t\t\n\t\t<\/div>\n\t\t\t\t\t\t<\/div>\n\t\t\t\t<\/div>\n\t\t\t\t<div class=\"elementor-element elementor-element-ca3198d elementor-position-inline-end elementor-mobile-position-inline-start elementor-view-default elementor-widget elementor-widget-icon-box\" data-id=\"ca3198d\" data-element_type=\"widget\" data-e-type=\"widget\" data-widget_type=\"icon-box.default\">\n\t\t\t\t<div class=\"elementor-widget-container\">\n\t\t\t\t\t\t\t<div class=\"elementor-icon-box-wrapper\">\n\n\t\t\t\t\t\t<div class=\"elementor-icon-box-icon\">\n\t\t\t\t<a href=\"https:\/\/www.askony.sk\/wp-content\/uploads\/2023\/08\/certifikat-ISO-9001-2015-platny-do-12062024-SK.pdf\" target=\"_blank\" class=\"elementor-icon\" tabindex=\"-1\" aria-label=\"EN ISO 9001:2015 de\">\n\t\t\t\t<svg xmlns=\"http:\/\/www.w3.org\/2000\/svg\" height=\"24px\" viewbox=\"0 0 24 24\" width=\"24px\" fill=\"#000000\"><path d=\"M0 0h24v24H0V0z\" fill=\"none\"><\/path><path d=\"M18 19H6c-.55 0-1-.45-1-1V6c0-.55.45-1 1-1h5c.55 0 1-.45 1-1s-.45-1-1-1H5c-1.11 0-2 .9-2 2v14c0 1.1.9 2 2 2h14c1.1 0 2-.9 2-2v-6c0-.55-.45-1-1-1s-1 .45-1 1v5c0 .55-.45 1-1 1zM14 4c0 .55.45 1 1 1h2.59l-9.13 9.13c-.39.39-.39 1.02 0 1.41.39.39 1.02.39 1.41 0L19 6.41V9c0 .55.45 1 1 1s1-.45 1-1V3h-6c-.55 0-1 .45-1 1z\"><\/path><\/svg>\t\t\t\t<\/a>\n\t\t\t<\/div>\n\t\t\t\n\t\t\t\t\t\t<div class=\"elementor-icon-box-content\">\n\n\t\t\t\t\t\t\t\t\t<h4 class=\"elementor-icon-box-title\">\n\t\t\t\t\t\t<a href=\"https:\/\/www.askony.sk\/wp-content\/uploads\/2023\/08\/certifikat-ISO-9001-2015-platny-do-12062024-SK.pdf\" target=\"_blank\" >\n\t\t\t\t\t\t\tEN ISO 9001:2015 de\t\t\t\t\t\t<\/a>\n\t\t\t\t\t<\/h4>\n\t\t\t\t\n\t\t\t\t\t\t\t\t\t<p class=\"elementor-icon-box-description\">\n\t\t\t\t\t\tZertifikat\t\t\t\t\t<\/p>\n\t\t\t\t\n\t\t\t<\/div>\n\t\t\t\n\t\t<\/div>\n\t\t\t\t\t\t<\/div>\n\t\t\t\t<\/div>\n\t\t\t\t<\/div>\n\t\t\t\t\t<\/div>\n\t\t\t\t<\/div>\n\t\t\t\t<\/div>","protected":false},"excerpt":{"rendered":"<p>Referenzen Transportvorschriften EN ISO 9001:2015 de Zertifikat<\/p>","protected":false},"author":1,"featured_media":0,"parent":0,"menu_order":0,"comment_status":"closed","ping_status":"closed","template":"","meta":{"footnotes":""},"class_list":["post-378","page","type-page","status-publish","hentry"],"yoast_head":"<!-- This site is optimized with the Yoast SEO plugin v27.4 - https:\/\/yoast.com\/product\/yoast-seo-wordpress\/ -->\n<title>Na stiahnutie - ASKONY<\/title>\n<meta name=\"robots\" content=\"index, follow, max-snippet:-1, max-image-preview:large, max-video-preview:-1\" \/>\n<link rel=\"canonical\" href=\"https:\/\/www.askony.sk\/de\/na-stiahnutie\/\" \/>\n<meta property=\"og:locale\" content=\"de_DE\" \/>\n<meta property=\"og:type\" content=\"article\" \/>\n<meta property=\"og:title\" content=\"Na stiahnutie - ASKONY\" \/>\n<meta property=\"og:description\" content=\"Referencie Prepravn\u00fd poriadok EN ISO 9001:2015 sk Certifik\u00e1t\" \/>\n<meta property=\"og:url\" content=\"https:\/\/www.askony.sk\/de\/na-stiahnutie\/\" \/>\n<meta property=\"og:site_name\" content=\"ASKONY\" \/>\n<meta property=\"article:modified_time\" content=\"2026-04-23T18:51:00+00:00\" \/>\n<meta name=\"twitter:card\" content=\"summary_large_image\" \/>\n<script type=\"application\/ld+json\" class=\"yoast-schema-graph\">{\"@context\":\"https:\\\/\\\/schema.org\",\"@graph\":[{\"@type\":\"WebPage\",\"@id\":\"https:\\\/\\\/www.askony.sk\\\/na-stiahnutie\\\/\",\"url\":\"https:\\\/\\\/www.askony.sk\\\/na-stiahnutie\\\/\",\"name\":\"Na stiahnutie - ASKONY\",\"isPartOf\":{\"@id\":\"https:\\\/\\\/www.askony.sk\\\/#website\"},\"datePublished\":\"2022-11-18T01:49:48+00:00\",\"dateModified\":\"2026-04-23T18:51:00+00:00\",\"breadcrumb\":{\"@id\":\"https:\\\/\\\/www.askony.sk\\\/na-stiahnutie\\\/#breadcrumb\"},\"inLanguage\":\"de\",\"potentialAction\":[{\"@type\":\"ReadAction\",\"target\":[\"https:\\\/\\\/www.askony.sk\\\/na-stiahnutie\\\/\"]}]},{\"@type\":\"BreadcrumbList\",\"@id\":\"https:\\\/\\\/www.askony.sk\\\/na-stiahnutie\\\/#breadcrumb\",\"itemListElement\":[{\"@type\":\"ListItem\",\"position\":1,\"name\":\"\u00davod\",\"item\":\"https:\\\/\\\/www.askony.sk\\\/\"},{\"@type\":\"ListItem\",\"position\":2,\"name\":\"Na stiahnutie\"}]},{\"@type\":\"WebSite\",\"@id\":\"https:\\\/\\\/www.askony.sk\\\/#website\",\"url\":\"https:\\\/\\\/www.askony.sk\\\/\",\"name\":\"ASKONY\",\"description\":\"Oce\u013eov\u00e9 r\u00fary v\u0161etk\u00fdch rozmerov a akost\u00ed\",\"publisher\":{\"@id\":\"https:\\\/\\\/www.askony.sk\\\/#organization\"},\"potentialAction\":[{\"@type\":\"SearchAction\",\"target\":{\"@type\":\"EntryPoint\",\"urlTemplate\":\"https:\\\/\\\/www.askony.sk\\\/?s={search_term_string}\"},\"query-input\":{\"@type\":\"PropertyValueSpecification\",\"valueRequired\":true,\"valueName\":\"search_term_string\"}}],\"inLanguage\":\"de\"},{\"@type\":\"Organization\",\"@id\":\"https:\\\/\\\/www.askony.sk\\\/#organization\",\"name\":\"ASKONY export \u2013 import, s. r. o.\",\"url\":\"https:\\\/\\\/www.askony.sk\\\/\",\"logo\":{\"@type\":\"ImageObject\",\"inLanguage\":\"de\",\"@id\":\"https:\\\/\\\/www.askony.sk\\\/#\\\/schema\\\/logo\\\/image\\\/\",\"url\":\"https:\\\/\\\/www.askony.sk\\\/wp-content\\\/uploads\\\/2022\\\/12\\\/askony_logo_white.jpg\",\"contentUrl\":\"https:\\\/\\\/www.askony.sk\\\/wp-content\\\/uploads\\\/2022\\\/12\\\/askony_logo_white.jpg\",\"width\":1080,\"height\":1080,\"caption\":\"ASKONY export \u2013 import, s. r. o.\"},\"image\":{\"@id\":\"https:\\\/\\\/www.askony.sk\\\/#\\\/schema\\\/logo\\\/image\\\/\"}}]}<\/script>\n<!-- \/ Yoast SEO plugin. -->","yoast_head_json":{"title":"Na stiahnutie - ASKONY","robots":{"index":"index","follow":"follow","max-snippet":"max-snippet:-1","max-image-preview":"max-image-preview:large","max-video-preview":"max-video-preview:-1"},"canonical":"https:\/\/www.askony.sk\/de\/na-stiahnutie\/","og_locale":"de_DE","og_type":"article","og_title":"Na stiahnutie - ASKONY","og_description":"Referencie Prepravn\u00fd poriadok EN ISO 9001:2015 sk Certifik\u00e1t","og_url":"https:\/\/www.askony.sk\/de\/na-stiahnutie\/","og_site_name":"ASKONY","article_modified_time":"2026-04-23T18:51:00+00:00","twitter_card":"summary_large_image","schema":{"@context":"https:\/\/schema.org","@graph":[{"@type":"WebPage","@id":"https:\/\/www.askony.sk\/na-stiahnutie\/","url":"https:\/\/www.askony.sk\/na-stiahnutie\/","name":"Na stiahnutie - ASKONY","isPartOf":{"@id":"https:\/\/www.askony.sk\/#website"},"datePublished":"2022-11-18T01:49:48+00:00","dateModified":"2026-04-23T18:51:00+00:00","breadcrumb":{"@id":"https:\/\/www.askony.sk\/na-stiahnutie\/#breadcrumb"},"inLanguage":"de","potentialAction":[{"@type":"ReadAction","target":["https:\/\/www.askony.sk\/na-stiahnutie\/"]}]},{"@type":"BreadcrumbList","@id":"https:\/\/www.askony.sk\/na-stiahnutie\/#breadcrumb","itemListElement":[{"@type":"ListItem","position":1,"name":"\u00davod","item":"https:\/\/www.askony.sk\/"},{"@type":"ListItem","position":2,"name":"Na stiahnutie"}]},{"@type":"WebSite","@id":"https:\/\/www.askony.sk\/#website","url":"https:\/\/www.askony.sk\/","name":"ASKONY","description":"Stahlrohre aller Gr\u00f6\u00dfen und G\u00fcten","publisher":{"@id":"https:\/\/www.askony.sk\/#organization"},"potentialAction":[{"@type":"SearchAction","target":{"@type":"EntryPoint","urlTemplate":"https:\/\/www.askony.sk\/?s={search_term_string}"},"query-input":{"@type":"PropertyValueSpecification","valueRequired":true,"valueName":"search_term_string"}}],"inLanguage":"de"},{"@type":"Organization","@id":"https:\/\/www.askony.sk\/#organization","name":"ASKONY export \u2013 import, s. r. o.","url":"https:\/\/www.askony.sk\/","logo":{"@type":"ImageObject","inLanguage":"de","@id":"https:\/\/www.askony.sk\/#\/schema\/logo\/image\/","url":"https:\/\/www.askony.sk\/wp-content\/uploads\/2022\/12\/askony_logo_white.jpg","contentUrl":"https:\/\/www.askony.sk\/wp-content\/uploads\/2022\/12\/askony_logo_white.jpg","width":1080,"height":1080,"caption":"ASKONY export \u2013 import, s. r. o."},"image":{"@id":"https:\/\/www.askony.sk\/#\/schema\/logo\/image\/"}}]}},"_links":{"self":[{"href":"https:\/\/www.askony.sk\/de\/wp-json\/wp\/v2\/pages\/378","targetHints":{"allow":["GET"]}}],"collection":[{"href":"https:\/\/www.askony.sk\/de\/wp-json\/wp\/v2\/pages"}],"about":[{"href":"https:\/\/www.askony.sk\/de\/wp-json\/wp\/v2\/types\/page"}],"author":[{"embeddable":true,"href":"https:\/\/www.askony.sk\/de\/wp-json\/wp\/v2\/users\/1"}],"replies":[{"embeddable":true,"href":"https:\/\/www.askony.sk\/de\/wp-json\/wp\/v2\/comments?post=378"}],"version-history":[{"count":6,"href":"https:\/\/www.askony.sk\/de\/wp-json\/wp\/v2\/pages\/378\/revisions"}],"predecessor-version":[{"id":1298,"href":"https:\/\/www.askony.sk\/de\/wp-json\/wp\/v2\/pages\/378\/revisions\/1298"}],"wp:attachment":[{"href":"https:\/\/www.askony.sk\/de\/wp-json\/wp\/v2\/media?parent=378"}],"curies":[{"name":"wp","href":"https:\/\/api.w.org\/{rel}","templated":true}]}}