{"id":336,"date":"2022-11-18T02:28:42","date_gmt":"2022-11-18T01:28:42","guid":{"rendered":"https:\/\/www.askony.sk\/?page_id=336"},"modified":"2023-08-24T13:35:45","modified_gmt":"2023-08-24T11:35:45","slug":"nerezove-produkty","status":"publish","type":"page","link":"https:\/\/www.askony.sk\/de\/nerezove-produkty\/","title":{"rendered":"Produkte aus rostfreiem Stahl"},"content":{"rendered":"<div data-elementor-type=\"wp-page\" data-elementor-id=\"336\" class=\"elementor elementor-336\" data-elementor-post-type=\"page\">\n\t\t\t\t\t\t<section class=\"elementor-section elementor-top-section elementor-element elementor-element-4262a89 elementor-section-stretched elementor-section-boxed elementor-section-height-default elementor-section-height-default\" data-id=\"4262a89\" data-element_type=\"section\" data-e-type=\"section\" data-settings=\"{&quot;stretch_section&quot;:&quot;section-stretched&quot;,&quot;background_background&quot;:&quot;classic&quot;}\">\n\t\t\t\t\t\t<div class=\"elementor-container elementor-column-gap-default\">\n\t\t\t\t\t<div class=\"elementor-column elementor-col-50 elementor-top-column elementor-element elementor-element-1dcd11d\" data-id=\"1dcd11d\" data-element_type=\"column\" data-e-type=\"column\">\n\t\t\t<div class=\"elementor-widget-wrap elementor-element-populated\">\n\t\t\t\t\t\t<div class=\"elementor-element elementor-element-e290758 elementor-widget__width-auto list-askony elementor-widget elementor-widget-heading\" data-id=\"e290758\" data-element_type=\"widget\" data-e-type=\"widget\" data-widget_type=\"heading.default\">\n\t\t\t\t<div class=\"elementor-widget-container\">\n\t\t\t\t\t<div class=\"elementor-heading-title elementor-size-default\"><strong>Sie suchten auch wie:<\/strong> \u00d6fen aus rostfreiem Stahl, \u00d6fen aus rostfreiem Stahl<\/div>\t\t\t\t<\/div>\n\t\t\t\t<\/div>\n\t\t\t\t<div class=\"elementor-element elementor-element-03572d7 elementor-widget elementor-widget-heading\" data-id=\"03572d7\" data-element_type=\"widget\" data-e-type=\"widget\" data-widget_type=\"heading.default\">\n\t\t\t\t<div class=\"elementor-widget-container\">\n\t\t\t\t\t<h3 class=\"elementor-heading-title elementor-size-default\">Lieferoptionen f\u00fcr Edelstahlrohre in dieser Spezifikation:<\/h3>\t\t\t\t<\/div>\n\t\t\t\t<\/div>\n\t\t\t\t<div class=\"elementor-element elementor-element-713208b list-askony elementor-widget elementor-widget-text-editor\" data-id=\"713208b\" data-element_type=\"widget\" data-e-type=\"widget\" data-widget_type=\"text-editor.default\">\n\t\t\t\t<div class=\"elementor-widget-container\">\n\t\t\t\t\t\t\t\t\t<p><b>Eingangsmaterial:<\/b><\/p><ul><li>A 304, 310, 316 L<\/li><li>Wir k\u00f6nnen auch Segmentb\u00f6gen in den gleichen Abmessungen \/ Anzahl der Segmente 5 oder 7 liefern.<\/li><li>- Auf Anfrage liefern wir fertig geschwei\u00dfte Standardflansche \u00a0<\/li><li>- Die Einzell\u00e4ngen betragen max. 2000 mm.\u00a0<\/li><li>- Wir k\u00f6nnen Ihnen je L\u00e4nge liefern und auf Ihren Wunsch  zusammenschwei\u00dfen.<\/li><li>- Wir bieten Pr\u00fcfungen von Schwei\u00dfverbindungen durch Kapillarinspektion, USG oder R\u00f6ntgenstrahlen.<\/li><\/ul>\t\t\t\t\t\t\t\t<\/div>\n\t\t\t\t<\/div>\n\t\t\t\t<div class=\"elementor-element elementor-element-97fe104 elementor-widget-divider--view-line elementor-widget elementor-widget-divider\" data-id=\"97fe104\" data-element_type=\"widget\" data-e-type=\"widget\" data-widget_type=\"divider.default\">\n\t\t\t\t<div class=\"elementor-widget-container\">\n\t\t\t\t\t\t\t<div class=\"elementor-divider\">\n\t\t\t<span class=\"elementor-divider-separator\">\n\t\t\t\t\t\t<\/span>\n\t\t<\/div>\n\t\t\t\t\t\t<\/div>\n\t\t\t\t<\/div>\n\t\t\t\t<div class=\"elementor-element elementor-element-aee52be list-askony elementor-widget elementor-widget-text-editor\" data-id=\"aee52be\" data-element_type=\"widget\" data-e-type=\"widget\" data-widget_type=\"text-editor.default\">\n\t\t\t\t<div class=\"elementor-widget-container\">\n\t\t\t\t\t\t\t\t\t<p>Oberfl\u00e4chenbehandlung durch chemische und mechanische Reinigung<\/p>\t\t\t\t\t\t\t\t<\/div>\n\t\t\t\t<\/div>\n\t\t\t\t\t<\/div>\n\t\t<\/div>\n\t\t\t\t<div class=\"elementor-column elementor-col-50 elementor-top-column elementor-element elementor-element-0d12eb5\" data-id=\"0d12eb5\" data-element_type=\"column\" data-e-type=\"column\">\n\t\t\t<div class=\"elementor-widget-wrap elementor-element-populated\">\n\t\t\t\t\t\t<div class=\"elementor-element elementor-element-7b7641c elementor-widget elementor-widget-text-editor\" data-id=\"7b7641c\" data-element_type=\"widget\" data-e-type=\"widget\" data-widget_type=\"text-editor.default\">\n\t\t\t\t<div class=\"elementor-widget-container\">\n\t\t\t\t\t\t\t\t\t<table>\n<tbody>\n<tr>\n<td><b>Durchmesser<\/b><\/td>\n<td><b>Wandst\u00e4rke<\/b><\/td>\n<\/tr>\n<tr>\n<td>400 - 500<\/td>\n<td>1,5 - 2<\/td>\n<\/tr>\n<tr>\n<td>500 - 600\u00a0<\/td>\n<td>1,5 - 3<\/td>\n<\/tr>\n<tr>\n<td>600 - 1000<\/td>\n<td>1,5 - 4<\/td>\n<\/tr>\n<tr>\n<td>1000 - 1500<\/td>\n<td>3,0 - 6<\/td>\n<\/tr>\n<tr>\n<td>1500 - 3000<\/td>\n<td>3,0 - 8<\/td>\n<\/tr>\n<tr>\n<td>2000 - 3000<\/td>\n<td>4,0 - 12<\/td>\n<\/tr>\n<\/tbody>\n<\/table>\t\t\t\t\t\t\t\t<\/div>\n\t\t\t\t<\/div>\n\t\t\t\t\t<\/div>\n\t\t<\/div>\n\t\t\t\t\t<\/div>\n\t\t<\/section>\n\t\t\t\t<section class=\"elementor-section elementor-top-section elementor-element elementor-element-7f28e36 elementor-section-stretched elementor-section-boxed elementor-section-height-default elementor-section-height-default\" data-id=\"7f28e36\" data-element_type=\"section\" data-e-type=\"section\" data-settings=\"{&quot;stretch_section&quot;:&quot;section-stretched&quot;}\">\n\t\t\t\t\t\t<div class=\"elementor-container elementor-column-gap-default\">\n\t\t\t\t\t<div class=\"elementor-column elementor-col-50 elementor-top-column elementor-element elementor-element-5c09fa3\" data-id=\"5c09fa3\" data-element_type=\"column\" data-e-type=\"column\">\n\t\t\t<div class=\"elementor-widget-wrap elementor-element-populated\">\n\t\t\t\t\t\t<div class=\"elementor-element elementor-element-4411bc7 elementor-widget elementor-widget-image\" data-id=\"4411bc7\" data-element_type=\"widget\" data-e-type=\"widget\" data-widget_type=\"image.default\">\n\t\t\t\t<div class=\"elementor-widget-container\">\n\t\t\t\t\t\t\t\t\t\t\t\t\t\t\t<img fetchpriority=\"high\" decoding=\"async\" width=\"800\" height=\"600\" src=\"https:\/\/www.askony.sk\/wp-content\/uploads\/2022\/12\/nerezove_2.jpg\" class=\"attachment-large size-large wp-image-929\" alt=\"\" srcset=\"https:\/\/www.askony.sk\/wp-content\/uploads\/2022\/12\/nerezove_2.jpg 1024w, https:\/\/www.askony.sk\/wp-content\/uploads\/2022\/12\/nerezove_2-300x225.jpg 300w, https:\/\/www.askony.sk\/wp-content\/uploads\/2022\/12\/nerezove_2-768x576.jpg 768w, https:\/\/www.askony.sk\/wp-content\/uploads\/2022\/12\/nerezove_2-16x12.jpg 16w\" sizes=\"(max-width: 800px) 100vw, 800px\" \/>\t\t\t\t\t\t\t\t\t\t\t\t\t\t\t<\/div>\n\t\t\t\t<\/div>\n\t\t\t\t\t<\/div>\n\t\t<\/div>\n\t\t\t\t<div class=\"elementor-column elementor-col-50 elementor-top-column elementor-element elementor-element-b80f811\" data-id=\"b80f811\" data-element_type=\"column\" data-e-type=\"column\">\n\t\t\t<div class=\"elementor-widget-wrap elementor-element-populated\">\n\t\t\t\t\t\t<div class=\"elementor-element elementor-element-e86ed53 elementor-widget elementor-widget-image\" data-id=\"e86ed53\" data-element_type=\"widget\" data-e-type=\"widget\" data-widget_type=\"image.default\">\n\t\t\t\t<div class=\"elementor-widget-container\">\n\t\t\t\t\t\t\t\t\t\t\t\t\t\t\t<img decoding=\"async\" width=\"800\" height=\"600\" src=\"https:\/\/www.askony.sk\/wp-content\/uploads\/2022\/12\/nerezove_1.jpg\" class=\"attachment-large size-large wp-image-928\" alt=\"\" srcset=\"https:\/\/www.askony.sk\/wp-content\/uploads\/2022\/12\/nerezove_1.jpg 1024w, https:\/\/www.askony.sk\/wp-content\/uploads\/2022\/12\/nerezove_1-300x225.jpg 300w, https:\/\/www.askony.sk\/wp-content\/uploads\/2022\/12\/nerezove_1-768x576.jpg 768w, https:\/\/www.askony.sk\/wp-content\/uploads\/2022\/12\/nerezove_1-16x12.jpg 16w\" sizes=\"(max-width: 800px) 100vw, 800px\" \/>\t\t\t\t\t\t\t\t\t\t\t\t\t\t\t<\/div>\n\t\t\t\t<\/div>\n\t\t\t\t\t<\/div>\n\t\t<\/div>\n\t\t\t\t\t<\/div>\n\t\t<\/section>\n\t\t\t\t<\/div>","protected":false},"excerpt":{"rendered":"<p>H\u013eadali ste aj ako: nerezov\u00e9 r\u00fary, antikorov\u00e1 r\u00fara Mo\u017enosti dod\u00e1vok nerezov\u00fdch r\u00far v tejto \u0161pecifik\u00e1cii: Vstupn\u00fd materi\u00e1l: A 304, 310, 316 L V rovnak\u00fdch rozmeroch vieme doda\u0165 aj segmentov\u00e9 kolen\u00e1 \/ po\u010det segmentov 5 alebo 7 V pr\u00edpade po\u017eiadavky vieme doda\u0165 hotov\u00e9 s privaren\u00fdmi normalizovan\u00fdmi pr\u00edrubami \u00a0 Jednotliv\u00e9 d\u013a\u017eky s\u00fa max. 2000 mm.\u00a0 Na z\u00e1klade [&hellip;]<\/p>\n","protected":false},"author":1,"featured_media":0,"parent":0,"menu_order":0,"comment_status":"closed","ping_status":"closed","template":"","meta":{"footnotes":""},"class_list":["post-336","page","type-page","status-publish","hentry"],"yoast_head":"<!-- This site is optimized with the Yoast SEO plugin v27.4 - https:\/\/yoast.com\/product\/yoast-seo-wordpress\/ -->\n<title>Nerezov\u00e9 produkty | ASKONY<\/title>\n<meta name=\"description\" content=\"\u0160irok\u00e1 paleta nerezov\u00fdch r\u00far a produktov. Poskytujeme aj hotov\u00e9 rie\u0161enia s privaren\u00fdmi normalizovan\u00fdmi pr\u00edrubami, sk\u00fa\u0161ky zvarov\u00fdch spojov a povrchov\u00fa \u00fapravu.\" \/>\n<meta name=\"robots\" content=\"index, follow, max-snippet:-1, max-image-preview:large, max-video-preview:-1\" \/>\n<link rel=\"canonical\" href=\"https:\/\/www.askony.sk\/de\/nerezove-produkty\/\" \/>\n<meta property=\"og:locale\" content=\"de_DE\" \/>\n<meta property=\"og:type\" content=\"article\" \/>\n<meta property=\"og:title\" content=\"Nerezov\u00e9 produkty | ASKONY\" \/>\n<meta property=\"og:description\" content=\"\u0160irok\u00e1 paleta nerezov\u00fdch r\u00far a produktov. Poskytujeme aj hotov\u00e9 rie\u0161enia s privaren\u00fdmi normalizovan\u00fdmi pr\u00edrubami, sk\u00fa\u0161ky zvarov\u00fdch spojov a povrchov\u00fa \u00fapravu.\" \/>\n<meta property=\"og:url\" content=\"https:\/\/www.askony.sk\/de\/nerezove-produkty\/\" \/>\n<meta property=\"og:site_name\" content=\"ASKONY\" \/>\n<meta property=\"article:modified_time\" content=\"2023-08-24T11:35:45+00:00\" \/>\n<meta property=\"og:image\" content=\"https:\/\/www.askony.sk\/wp-content\/uploads\/2022\/12\/nerezove_2.jpg\" \/>\n<meta name=\"twitter:card\" content=\"summary_large_image\" \/>\n<meta name=\"twitter:label1\" content=\"Gesch\u00e4tzte Lesezeit\" \/>\n\t<meta name=\"twitter:data1\" content=\"1\u00a0Minute\" \/>\n<script type=\"application\/ld+json\" class=\"yoast-schema-graph\">{\"@context\":\"https:\\\/\\\/schema.org\",\"@graph\":[{\"@type\":\"WebPage\",\"@id\":\"https:\\\/\\\/www.askony.sk\\\/nerezove-produkty\\\/\",\"url\":\"https:\\\/\\\/www.askony.sk\\\/nerezove-produkty\\\/\",\"name\":\"Nerezov\u00e9 produkty | ASKONY\",\"isPartOf\":{\"@id\":\"https:\\\/\\\/www.askony.sk\\\/#website\"},\"primaryImageOfPage\":{\"@id\":\"https:\\\/\\\/www.askony.sk\\\/nerezove-produkty\\\/#primaryimage\"},\"image\":{\"@id\":\"https:\\\/\\\/www.askony.sk\\\/nerezove-produkty\\\/#primaryimage\"},\"thumbnailUrl\":\"https:\\\/\\\/www.askony.sk\\\/wp-content\\\/uploads\\\/2022\\\/12\\\/nerezove_2.jpg\",\"datePublished\":\"2022-11-18T01:28:42+00:00\",\"dateModified\":\"2023-08-24T11:35:45+00:00\",\"description\":\"\u0160irok\u00e1 paleta nerezov\u00fdch r\u00far a produktov. Poskytujeme aj hotov\u00e9 rie\u0161enia s privaren\u00fdmi normalizovan\u00fdmi pr\u00edrubami, sk\u00fa\u0161ky zvarov\u00fdch spojov a povrchov\u00fa \u00fapravu.\",\"breadcrumb\":{\"@id\":\"https:\\\/\\\/www.askony.sk\\\/nerezove-produkty\\\/#breadcrumb\"},\"inLanguage\":\"de\",\"potentialAction\":[{\"@type\":\"ReadAction\",\"target\":[\"https:\\\/\\\/www.askony.sk\\\/nerezove-produkty\\\/\"]}]},{\"@type\":\"ImageObject\",\"inLanguage\":\"de\",\"@id\":\"https:\\\/\\\/www.askony.sk\\\/nerezove-produkty\\\/#primaryimage\",\"url\":\"https:\\\/\\\/www.askony.sk\\\/wp-content\\\/uploads\\\/2022\\\/12\\\/nerezove_2.jpg\",\"contentUrl\":\"https:\\\/\\\/www.askony.sk\\\/wp-content\\\/uploads\\\/2022\\\/12\\\/nerezove_2.jpg\"},{\"@type\":\"BreadcrumbList\",\"@id\":\"https:\\\/\\\/www.askony.sk\\\/nerezove-produkty\\\/#breadcrumb\",\"itemListElement\":[{\"@type\":\"ListItem\",\"position\":1,\"name\":\"\u00davod\",\"item\":\"https:\\\/\\\/www.askony.sk\\\/\"},{\"@type\":\"ListItem\",\"position\":2,\"name\":\"Nerezov\u00e9 produkty\"}]},{\"@type\":\"WebSite\",\"@id\":\"https:\\\/\\\/www.askony.sk\\\/#website\",\"url\":\"https:\\\/\\\/www.askony.sk\\\/\",\"name\":\"ASKONY\",\"description\":\"Oce\u013eov\u00e9 r\u00fary v\u0161etk\u00fdch rozmerov a akost\u00ed\",\"publisher\":{\"@id\":\"https:\\\/\\\/www.askony.sk\\\/#organization\"},\"potentialAction\":[{\"@type\":\"SearchAction\",\"target\":{\"@type\":\"EntryPoint\",\"urlTemplate\":\"https:\\\/\\\/www.askony.sk\\\/?s={search_term_string}\"},\"query-input\":{\"@type\":\"PropertyValueSpecification\",\"valueRequired\":true,\"valueName\":\"search_term_string\"}}],\"inLanguage\":\"de\"},{\"@type\":\"Organization\",\"@id\":\"https:\\\/\\\/www.askony.sk\\\/#organization\",\"name\":\"ASKONY export \u2013 import, s. r. o.\",\"url\":\"https:\\\/\\\/www.askony.sk\\\/\",\"logo\":{\"@type\":\"ImageObject\",\"inLanguage\":\"de\",\"@id\":\"https:\\\/\\\/www.askony.sk\\\/#\\\/schema\\\/logo\\\/image\\\/\",\"url\":\"https:\\\/\\\/www.askony.sk\\\/wp-content\\\/uploads\\\/2022\\\/12\\\/askony_logo_white.jpg\",\"contentUrl\":\"https:\\\/\\\/www.askony.sk\\\/wp-content\\\/uploads\\\/2022\\\/12\\\/askony_logo_white.jpg\",\"width\":1080,\"height\":1080,\"caption\":\"ASKONY export \u2013 import, s. r. o.\"},\"image\":{\"@id\":\"https:\\\/\\\/www.askony.sk\\\/#\\\/schema\\\/logo\\\/image\\\/\"}}]}<\/script>\n<!-- \/ Yoast SEO plugin. -->","yoast_head_json":{"title":"Nerezov\u00e9 produkty | ASKONY","description":"\u0160irok\u00e1 paleta nerezov\u00fdch r\u00far a produktov. Poskytujeme aj hotov\u00e9 rie\u0161enia s privaren\u00fdmi normalizovan\u00fdmi pr\u00edrubami, sk\u00fa\u0161ky zvarov\u00fdch spojov a povrchov\u00fa \u00fapravu.","robots":{"index":"index","follow":"follow","max-snippet":"max-snippet:-1","max-image-preview":"max-image-preview:large","max-video-preview":"max-video-preview:-1"},"canonical":"https:\/\/www.askony.sk\/de\/nerezove-produkty\/","og_locale":"de_DE","og_type":"article","og_title":"Nerezov\u00e9 produkty | ASKONY","og_description":"\u0160irok\u00e1 paleta nerezov\u00fdch r\u00far a produktov. Poskytujeme aj hotov\u00e9 rie\u0161enia s privaren\u00fdmi normalizovan\u00fdmi pr\u00edrubami, sk\u00fa\u0161ky zvarov\u00fdch spojov a povrchov\u00fa \u00fapravu.","og_url":"https:\/\/www.askony.sk\/de\/nerezove-produkty\/","og_site_name":"ASKONY","article_modified_time":"2023-08-24T11:35:45+00:00","og_image":[{"url":"https:\/\/www.askony.sk\/wp-content\/uploads\/2022\/12\/nerezove_2.jpg","type":"","width":"","height":""}],"twitter_card":"summary_large_image","twitter_misc":{"Gesch\u00e4tzte Lesezeit":"1\u00a0Minute"},"schema":{"@context":"https:\/\/schema.org","@graph":[{"@type":"WebPage","@id":"https:\/\/www.askony.sk\/nerezove-produkty\/","url":"https:\/\/www.askony.sk\/nerezove-produkty\/","name":"Nerezov\u00e9 produkty | ASKONY","isPartOf":{"@id":"https:\/\/www.askony.sk\/#website"},"primaryImageOfPage":{"@id":"https:\/\/www.askony.sk\/nerezove-produkty\/#primaryimage"},"image":{"@id":"https:\/\/www.askony.sk\/nerezove-produkty\/#primaryimage"},"thumbnailUrl":"https:\/\/www.askony.sk\/wp-content\/uploads\/2022\/12\/nerezove_2.jpg","datePublished":"2022-11-18T01:28:42+00:00","dateModified":"2023-08-24T11:35:45+00:00","description":"\u0160irok\u00e1 paleta nerezov\u00fdch r\u00far a produktov. Poskytujeme aj hotov\u00e9 rie\u0161enia s privaren\u00fdmi normalizovan\u00fdmi pr\u00edrubami, sk\u00fa\u0161ky zvarov\u00fdch spojov a povrchov\u00fa \u00fapravu.","breadcrumb":{"@id":"https:\/\/www.askony.sk\/nerezove-produkty\/#breadcrumb"},"inLanguage":"de","potentialAction":[{"@type":"ReadAction","target":["https:\/\/www.askony.sk\/nerezove-produkty\/"]}]},{"@type":"ImageObject","inLanguage":"de","@id":"https:\/\/www.askony.sk\/nerezove-produkty\/#primaryimage","url":"https:\/\/www.askony.sk\/wp-content\/uploads\/2022\/12\/nerezove_2.jpg","contentUrl":"https:\/\/www.askony.sk\/wp-content\/uploads\/2022\/12\/nerezove_2.jpg"},{"@type":"BreadcrumbList","@id":"https:\/\/www.askony.sk\/nerezove-produkty\/#breadcrumb","itemListElement":[{"@type":"ListItem","position":1,"name":"\u00davod","item":"https:\/\/www.askony.sk\/"},{"@type":"ListItem","position":2,"name":"Nerezov\u00e9 produkty"}]},{"@type":"WebSite","@id":"https:\/\/www.askony.sk\/#website","url":"https:\/\/www.askony.sk\/","name":"ASKONY","description":"Stahlrohre aller Gr\u00f6\u00dfen und G\u00fcten","publisher":{"@id":"https:\/\/www.askony.sk\/#organization"},"potentialAction":[{"@type":"SearchAction","target":{"@type":"EntryPoint","urlTemplate":"https:\/\/www.askony.sk\/?s={search_term_string}"},"query-input":{"@type":"PropertyValueSpecification","valueRequired":true,"valueName":"search_term_string"}}],"inLanguage":"de"},{"@type":"Organization","@id":"https:\/\/www.askony.sk\/#organization","name":"ASKONY export \u2013 import, s. r. o.","url":"https:\/\/www.askony.sk\/","logo":{"@type":"ImageObject","inLanguage":"de","@id":"https:\/\/www.askony.sk\/#\/schema\/logo\/image\/","url":"https:\/\/www.askony.sk\/wp-content\/uploads\/2022\/12\/askony_logo_white.jpg","contentUrl":"https:\/\/www.askony.sk\/wp-content\/uploads\/2022\/12\/askony_logo_white.jpg","width":1080,"height":1080,"caption":"ASKONY export \u2013 import, s. r. o."},"image":{"@id":"https:\/\/www.askony.sk\/#\/schema\/logo\/image\/"}}]}},"_links":{"self":[{"href":"https:\/\/www.askony.sk\/de\/wp-json\/wp\/v2\/pages\/336","targetHints":{"allow":["GET"]}}],"collection":[{"href":"https:\/\/www.askony.sk\/de\/wp-json\/wp\/v2\/pages"}],"about":[{"href":"https:\/\/www.askony.sk\/de\/wp-json\/wp\/v2\/types\/page"}],"author":[{"embeddable":true,"href":"https:\/\/www.askony.sk\/de\/wp-json\/wp\/v2\/users\/1"}],"replies":[{"embeddable":true,"href":"https:\/\/www.askony.sk\/de\/wp-json\/wp\/v2\/comments?post=336"}],"version-history":[{"count":6,"href":"https:\/\/www.askony.sk\/de\/wp-json\/wp\/v2\/pages\/336\/revisions"}],"predecessor-version":[{"id":1148,"href":"https:\/\/www.askony.sk\/de\/wp-json\/wp\/v2\/pages\/336\/revisions\/1148"}],"wp:attachment":[{"href":"https:\/\/www.askony.sk\/de\/wp-json\/wp\/v2\/media?parent=336"}],"curies":[{"name":"wp","href":"https:\/\/api.w.org\/{rel}","templated":true}]}}