{"id":334,"date":"2022-11-18T02:28:28","date_gmt":"2022-11-18T01:28:28","guid":{"rendered":"https:\/\/www.askony.sk\/?page_id=334"},"modified":"2023-08-24T13:36:47","modified_gmt":"2023-08-24T11:36:47","slug":"povrchove-upravy","status":"publish","type":"page","link":"https:\/\/www.askony.sk\/de\/povrchove-upravy\/","title":{"rendered":"Oberfl\u00e4chenbeschaffenheit"},"content":{"rendered":"<div data-elementor-type=\"wp-page\" data-elementor-id=\"334\" class=\"elementor elementor-334\" data-elementor-post-type=\"page\">\n\t\t\t\t\t\t<section class=\"elementor-section elementor-top-section elementor-element elementor-element-9b7e6d9 elementor-section-height-min-height elementor-section-stretched elementor-section-boxed elementor-section-height-default elementor-section-items-middle\" data-id=\"9b7e6d9\" data-element_type=\"section\" data-e-type=\"section\" data-settings=\"{&quot;stretch_section&quot;:&quot;section-stretched&quot;}\">\n\t\t\t\t\t\t<div class=\"elementor-container elementor-column-gap-default\">\n\t\t\t\t\t<div class=\"elementor-column elementor-col-100 elementor-top-column elementor-element elementor-element-ce4d080\" data-id=\"ce4d080\" data-element_type=\"column\" data-e-type=\"column\">\n\t\t\t<div class=\"elementor-widget-wrap elementor-element-populated\">\n\t\t\t\t\t\t<section class=\"elementor-section elementor-inner-section elementor-element elementor-element-3023c66 elementor-section-boxed elementor-section-height-default elementor-section-height-default\" data-id=\"3023c66\" data-element_type=\"section\" data-e-type=\"section\" data-settings=\"{&quot;background_background&quot;:&quot;classic&quot;}\">\n\t\t\t\t\t\t<div class=\"elementor-container elementor-column-gap-default\">\n\t\t\t\t\t<div class=\"elementor-column elementor-col-100 elementor-inner-column elementor-element elementor-element-46b55bb\" data-id=\"46b55bb\" data-element_type=\"column\" data-e-type=\"column\">\n\t\t\t<div class=\"elementor-widget-wrap elementor-element-populated\">\n\t\t\t\t\t\t<div class=\"elementor-element elementor-element-639a66a elementor-widget__width-auto list-askony elementor-widget elementor-widget-heading\" data-id=\"639a66a\" data-element_type=\"widget\" data-e-type=\"widget\" data-widget_type=\"heading.default\">\n\t\t\t\t<div class=\"elementor-widget-container\">\n\t\t\t\t\t<div class=\"elementor-heading-title elementor-size-default\"><strong>Sie suchten auch wie:<\/strong> Verzinkung, Wasserrohre, Preisliste f\u00fcr verzinkte Rohre.<\/div>\t\t\t\t<\/div>\n\t\t\t\t<\/div>\n\t\t\t\t<div class=\"elementor-element elementor-element-4274c28 list-askony elementor-widget elementor-widget-text-editor\" data-id=\"4274c28\" data-element_type=\"widget\" data-e-type=\"widget\" data-widget_type=\"text-editor.default\">\n\t\t\t\t<div class=\"elementor-widget-container\">\n\t\t\t\t\t\t\t\t\t<p><b>Schutz von Stahlrohren<\/b><\/p><p>Zur Verl\u00e4ngerung der Lebensdauer und Funktionalit\u00e4t<span class=\"Apple-converted-space\">\u00a0 <\/span>Stahlrohre f\u00fcr den Transport von Gas, Kraftstoff, Wasser und anderen Medien bieten wir Ihnen verschiedene Oberfl\u00e4chenbehandlungen f\u00fcr den \u00e4u\u00dferen und inneren Schutz der Rohre an. Die angebotenen Oberfl\u00e4chenbehandlungen werden nach den h\u00f6chsten Standards durchgef\u00fchrt und umfassen:<\/p><p><strong>\u00c4usserer Schutz<\/strong><\/p><ul><li>3LPE nach DIN 30670 in N-n, N-v oder S-n, S-v<\/li><li>- 3LPP nach DIN 30678<\/li><\/ul><p><strong>Innerer Schutz<\/strong><\/p><ul><li>- Epoxid-Injektion gem\u00e4\u00df EN 10301, API RP5L2<\/li><li>Innend\u00e4mmung mit Zementm\u00f6rtel nach DIN 2614<\/li><\/ul><p><strong>Feuerverzinkung - Metallisierung<\/strong><\/p><p><strong>Strahlen und Beschichtungen<\/strong><\/p><ul><li>Entsprechend den Kundenanforderungen<\/li><\/ul><p>Setzen Sie sich mit uns in Verbindung, und wir beraten Sie bei der Auswahl der am besten geeigneten Oberfl\u00e4chen f\u00fcr Ihre Stahlrohre.<\/p>\t\t\t\t\t\t\t\t<\/div>\n\t\t\t\t<\/div>\n\t\t\t\t\t<\/div>\n\t\t<\/div>\n\t\t\t\t\t<\/div>\n\t\t<\/section>\n\t\t\t\t\t<\/div>\n\t\t<\/div>\n\t\t\t\t\t<\/div>\n\t\t<\/section>\n\t\t\t\t<\/div>","protected":false},"excerpt":{"rendered":"<p>H\u013eadali ste aj ako: pozinkovanie, vodovodne trubky, pozinkovan\u00e9 r\u00fary cenn\u00edk. Ochrana oce\u013eov\u00fdch r\u00far Ak chcete pred\u013a\u017ei\u0165 \u017eivotnos\u0165 a funk\u010dnos\u0165\u00a0 oce\u013eov\u00fdch r\u00far pre prepravu plynu, pal\u00edv, trubieky na vodu a \u010fal\u0161\u00edch m\u00e9di\u00ed, pon\u00fakame v\u00e1m r\u00f4zne povrchov\u00e9 \u00fapravy pre vonkaj\u0161iu aj vn\u00fatorn\u00fa ochranu r\u00far. Pon\u00fakan\u00e9 povrchov\u00e9 \u00fapravy s\u00fa vykon\u00e1van\u00e9 pod\u013ea najvy\u0161\u0161\u00edch \u0161tandardov a zah\u0155\u0148aj\u00fa: Vonkaj\u0161ia ochrana 3LPE [&hellip;]<\/p>\n","protected":false},"author":1,"featured_media":0,"parent":0,"menu_order":0,"comment_status":"closed","ping_status":"closed","template":"","meta":{"footnotes":""},"class_list":["post-334","page","type-page","status-publish","hentry"],"yoast_head":"<!-- This site is optimized with the Yoast SEO plugin v27.4 - https:\/\/yoast.com\/product\/yoast-seo-wordpress\/ -->\n<title>Povrchov\u00e9 \u00fapravy oce\u013eov\u00fdch r\u00far | ASKONY<\/title>\n<meta name=\"description\" content=\"Povrchov\u00e9 \u00fapravy a vn\u00fatorn\u00e1 ochrana oce\u013eov\u00fdch r\u00far pred\u013a\u017eia ich \u017eivotnos\u0165. Vyberte si spo\u013eahliv\u00fa ochranu trubiek na vodu, paliv\u00e1 alebo plyn.\" \/>\n<meta name=\"robots\" content=\"index, follow, max-snippet:-1, max-image-preview:large, max-video-preview:-1\" \/>\n<link rel=\"canonical\" href=\"https:\/\/www.askony.sk\/de\/povrchove-upravy\/\" \/>\n<meta property=\"og:locale\" content=\"de_DE\" \/>\n<meta property=\"og:type\" content=\"article\" \/>\n<meta property=\"og:title\" content=\"Povrchov\u00e9 \u00fapravy oce\u013eov\u00fdch r\u00far | ASKONY\" \/>\n<meta property=\"og:description\" content=\"Povrchov\u00e9 \u00fapravy a vn\u00fatorn\u00e1 ochrana oce\u013eov\u00fdch r\u00far pred\u013a\u017eia ich \u017eivotnos\u0165. Vyberte si spo\u013eahliv\u00fa ochranu trubiek na vodu, paliv\u00e1 alebo plyn.\" \/>\n<meta property=\"og:url\" content=\"https:\/\/www.askony.sk\/de\/povrchove-upravy\/\" \/>\n<meta property=\"og:site_name\" content=\"ASKONY\" \/>\n<meta property=\"article:modified_time\" content=\"2023-08-24T11:36:47+00:00\" \/>\n<meta name=\"twitter:card\" content=\"summary_large_image\" \/>\n<meta name=\"twitter:label1\" content=\"Gesch\u00e4tzte Lesezeit\" \/>\n\t<meta name=\"twitter:data1\" content=\"1\u00a0Minute\" \/>\n<script type=\"application\/ld+json\" class=\"yoast-schema-graph\">{\"@context\":\"https:\\\/\\\/schema.org\",\"@graph\":[{\"@type\":\"WebPage\",\"@id\":\"https:\\\/\\\/www.askony.sk\\\/povrchove-upravy\\\/\",\"url\":\"https:\\\/\\\/www.askony.sk\\\/povrchove-upravy\\\/\",\"name\":\"Povrchov\u00e9 \u00fapravy oce\u013eov\u00fdch r\u00far | ASKONY\",\"isPartOf\":{\"@id\":\"https:\\\/\\\/www.askony.sk\\\/#website\"},\"datePublished\":\"2022-11-18T01:28:28+00:00\",\"dateModified\":\"2023-08-24T11:36:47+00:00\",\"description\":\"Povrchov\u00e9 \u00fapravy a vn\u00fatorn\u00e1 ochrana oce\u013eov\u00fdch r\u00far pred\u013a\u017eia ich \u017eivotnos\u0165. Vyberte si spo\u013eahliv\u00fa ochranu trubiek na vodu, paliv\u00e1 alebo plyn.\",\"breadcrumb\":{\"@id\":\"https:\\\/\\\/www.askony.sk\\\/povrchove-upravy\\\/#breadcrumb\"},\"inLanguage\":\"de\",\"potentialAction\":[{\"@type\":\"ReadAction\",\"target\":[\"https:\\\/\\\/www.askony.sk\\\/povrchove-upravy\\\/\"]}]},{\"@type\":\"BreadcrumbList\",\"@id\":\"https:\\\/\\\/www.askony.sk\\\/povrchove-upravy\\\/#breadcrumb\",\"itemListElement\":[{\"@type\":\"ListItem\",\"position\":1,\"name\":\"\u00davod\",\"item\":\"https:\\\/\\\/www.askony.sk\\\/\"},{\"@type\":\"ListItem\",\"position\":2,\"name\":\"Povrchov\u00e9 \u00fapravy\"}]},{\"@type\":\"WebSite\",\"@id\":\"https:\\\/\\\/www.askony.sk\\\/#website\",\"url\":\"https:\\\/\\\/www.askony.sk\\\/\",\"name\":\"ASKONY\",\"description\":\"Oce\u013eov\u00e9 r\u00fary v\u0161etk\u00fdch rozmerov a akost\u00ed\",\"publisher\":{\"@id\":\"https:\\\/\\\/www.askony.sk\\\/#organization\"},\"potentialAction\":[{\"@type\":\"SearchAction\",\"target\":{\"@type\":\"EntryPoint\",\"urlTemplate\":\"https:\\\/\\\/www.askony.sk\\\/?s={search_term_string}\"},\"query-input\":{\"@type\":\"PropertyValueSpecification\",\"valueRequired\":true,\"valueName\":\"search_term_string\"}}],\"inLanguage\":\"de\"},{\"@type\":\"Organization\",\"@id\":\"https:\\\/\\\/www.askony.sk\\\/#organization\",\"name\":\"ASKONY export \u2013 import, s. r. o.\",\"url\":\"https:\\\/\\\/www.askony.sk\\\/\",\"logo\":{\"@type\":\"ImageObject\",\"inLanguage\":\"de\",\"@id\":\"https:\\\/\\\/www.askony.sk\\\/#\\\/schema\\\/logo\\\/image\\\/\",\"url\":\"https:\\\/\\\/www.askony.sk\\\/wp-content\\\/uploads\\\/2022\\\/12\\\/askony_logo_white.jpg\",\"contentUrl\":\"https:\\\/\\\/www.askony.sk\\\/wp-content\\\/uploads\\\/2022\\\/12\\\/askony_logo_white.jpg\",\"width\":1080,\"height\":1080,\"caption\":\"ASKONY export \u2013 import, s. r. o.\"},\"image\":{\"@id\":\"https:\\\/\\\/www.askony.sk\\\/#\\\/schema\\\/logo\\\/image\\\/\"}}]}<\/script>\n<!-- \/ Yoast SEO plugin. -->","yoast_head_json":{"title":"Povrchov\u00e9 \u00fapravy oce\u013eov\u00fdch r\u00far | ASKONY","description":"Povrchov\u00e9 \u00fapravy a vn\u00fatorn\u00e1 ochrana oce\u013eov\u00fdch r\u00far pred\u013a\u017eia ich \u017eivotnos\u0165. Vyberte si spo\u013eahliv\u00fa ochranu trubiek na vodu, paliv\u00e1 alebo plyn.","robots":{"index":"index","follow":"follow","max-snippet":"max-snippet:-1","max-image-preview":"max-image-preview:large","max-video-preview":"max-video-preview:-1"},"canonical":"https:\/\/www.askony.sk\/de\/povrchove-upravy\/","og_locale":"de_DE","og_type":"article","og_title":"Povrchov\u00e9 \u00fapravy oce\u013eov\u00fdch r\u00far | ASKONY","og_description":"Povrchov\u00e9 \u00fapravy a vn\u00fatorn\u00e1 ochrana oce\u013eov\u00fdch r\u00far pred\u013a\u017eia ich \u017eivotnos\u0165. Vyberte si spo\u013eahliv\u00fa ochranu trubiek na vodu, paliv\u00e1 alebo plyn.","og_url":"https:\/\/www.askony.sk\/de\/povrchove-upravy\/","og_site_name":"ASKONY","article_modified_time":"2023-08-24T11:36:47+00:00","twitter_card":"summary_large_image","twitter_misc":{"Gesch\u00e4tzte Lesezeit":"1\u00a0Minute"},"schema":{"@context":"https:\/\/schema.org","@graph":[{"@type":"WebPage","@id":"https:\/\/www.askony.sk\/povrchove-upravy\/","url":"https:\/\/www.askony.sk\/povrchove-upravy\/","name":"Povrchov\u00e9 \u00fapravy oce\u013eov\u00fdch r\u00far | ASKONY","isPartOf":{"@id":"https:\/\/www.askony.sk\/#website"},"datePublished":"2022-11-18T01:28:28+00:00","dateModified":"2023-08-24T11:36:47+00:00","description":"Povrchov\u00e9 \u00fapravy a vn\u00fatorn\u00e1 ochrana oce\u013eov\u00fdch r\u00far pred\u013a\u017eia ich \u017eivotnos\u0165. Vyberte si spo\u013eahliv\u00fa ochranu trubiek na vodu, paliv\u00e1 alebo plyn.","breadcrumb":{"@id":"https:\/\/www.askony.sk\/povrchove-upravy\/#breadcrumb"},"inLanguage":"de","potentialAction":[{"@type":"ReadAction","target":["https:\/\/www.askony.sk\/povrchove-upravy\/"]}]},{"@type":"BreadcrumbList","@id":"https:\/\/www.askony.sk\/povrchove-upravy\/#breadcrumb","itemListElement":[{"@type":"ListItem","position":1,"name":"\u00davod","item":"https:\/\/www.askony.sk\/"},{"@type":"ListItem","position":2,"name":"Povrchov\u00e9 \u00fapravy"}]},{"@type":"WebSite","@id":"https:\/\/www.askony.sk\/#website","url":"https:\/\/www.askony.sk\/","name":"ASKONY","description":"Stahlrohre aller Gr\u00f6\u00dfen und G\u00fcten","publisher":{"@id":"https:\/\/www.askony.sk\/#organization"},"potentialAction":[{"@type":"SearchAction","target":{"@type":"EntryPoint","urlTemplate":"https:\/\/www.askony.sk\/?s={search_term_string}"},"query-input":{"@type":"PropertyValueSpecification","valueRequired":true,"valueName":"search_term_string"}}],"inLanguage":"de"},{"@type":"Organization","@id":"https:\/\/www.askony.sk\/#organization","name":"ASKONY export \u2013 import, s. r. o.","url":"https:\/\/www.askony.sk\/","logo":{"@type":"ImageObject","inLanguage":"de","@id":"https:\/\/www.askony.sk\/#\/schema\/logo\/image\/","url":"https:\/\/www.askony.sk\/wp-content\/uploads\/2022\/12\/askony_logo_white.jpg","contentUrl":"https:\/\/www.askony.sk\/wp-content\/uploads\/2022\/12\/askony_logo_white.jpg","width":1080,"height":1080,"caption":"ASKONY export \u2013 import, s. r. o."},"image":{"@id":"https:\/\/www.askony.sk\/#\/schema\/logo\/image\/"}}]}},"_links":{"self":[{"href":"https:\/\/www.askony.sk\/de\/wp-json\/wp\/v2\/pages\/334","targetHints":{"allow":["GET"]}}],"collection":[{"href":"https:\/\/www.askony.sk\/de\/wp-json\/wp\/v2\/pages"}],"about":[{"href":"https:\/\/www.askony.sk\/de\/wp-json\/wp\/v2\/types\/page"}],"author":[{"embeddable":true,"href":"https:\/\/www.askony.sk\/de\/wp-json\/wp\/v2\/users\/1"}],"replies":[{"embeddable":true,"href":"https:\/\/www.askony.sk\/de\/wp-json\/wp\/v2\/comments?post=334"}],"version-history":[{"count":6,"href":"https:\/\/www.askony.sk\/de\/wp-json\/wp\/v2\/pages\/334\/revisions"}],"predecessor-version":[{"id":1157,"href":"https:\/\/www.askony.sk\/de\/wp-json\/wp\/v2\/pages\/334\/revisions\/1157"}],"wp:attachment":[{"href":"https:\/\/www.askony.sk\/de\/wp-json\/wp\/v2\/media?parent=334"}],"curies":[{"name":"wp","href":"https:\/\/api.w.org\/{rel}","templated":true}]}}