{"id":332,"date":"2022-11-18T02:28:21","date_gmt":"2022-11-18T01:28:21","guid":{"rendered":"https:\/\/www.askony.sk\/?page_id=332"},"modified":"2023-08-24T13:36:31","modified_gmt":"2023-08-24T11:36:31","slug":"rury-ocelove-bezosve","status":"publish","type":"page","link":"https:\/\/www.askony.sk\/de\/rury-ocelove-bezosve\/","title":{"rendered":"Nahtlose Stahlrohre"},"content":{"rendered":"<div data-elementor-type=\"wp-page\" data-elementor-id=\"332\" class=\"elementor elementor-332\" data-elementor-post-type=\"page\">\n\t\t\t\t\t\t<section class=\"elementor-section elementor-top-section elementor-element elementor-element-944076c elementor-section-height-min-height elementor-section-stretched elementor-section-boxed elementor-section-height-default elementor-section-items-middle\" data-id=\"944076c\" data-element_type=\"section\" data-e-type=\"section\" data-settings=\"{&quot;stretch_section&quot;:&quot;section-stretched&quot;}\">\n\t\t\t\t\t\t<div class=\"elementor-container elementor-column-gap-default\">\n\t\t\t\t\t<div class=\"elementor-column elementor-col-100 elementor-top-column elementor-element elementor-element-9f37a8c\" data-id=\"9f37a8c\" data-element_type=\"column\" data-e-type=\"column\">\n\t\t\t<div class=\"elementor-widget-wrap elementor-element-populated\">\n\t\t\t\t\t\t<section class=\"elementor-section elementor-inner-section elementor-element elementor-element-f237c05 elementor-section-boxed elementor-section-height-default elementor-section-height-default\" data-id=\"f237c05\" data-element_type=\"section\" data-e-type=\"section\" data-settings=\"{&quot;background_background&quot;:&quot;classic&quot;}\">\n\t\t\t\t\t\t<div class=\"elementor-container elementor-column-gap-default\">\n\t\t\t\t\t<div class=\"elementor-column elementor-col-100 elementor-inner-column elementor-element elementor-element-b92afea\" data-id=\"b92afea\" data-element_type=\"column\" data-e-type=\"column\">\n\t\t\t<div class=\"elementor-widget-wrap elementor-element-populated\">\n\t\t\t\t\t\t<div class=\"elementor-element elementor-element-c3754f2 elementor-widget__width-auto list-askony elementor-widget elementor-widget-heading\" data-id=\"c3754f2\" data-element_type=\"widget\" data-e-type=\"widget\" data-widget_type=\"heading.default\">\n\t\t\t\t<div class=\"elementor-widget-container\">\n\t\t\t\t\t<div class=\"elementor-heading-title elementor-size-default\"><strong>Sie suchten auch wie:<\/strong> nahtlose stahlrohre preisliste, nahtlose stahlrohre schwarz, nahtlose stahlrohre<\/div>\t\t\t\t<\/div>\n\t\t\t\t<\/div>\n\t\t\t\t<div class=\"elementor-element elementor-element-7ee184a list-askony elementor-widget elementor-widget-text-editor\" data-id=\"7ee184a\" data-element_type=\"widget\" data-e-type=\"widget\" data-widget_type=\"text-editor.default\">\n\t\t\t\t<div class=\"elementor-widget-container\">\n\t\t\t\t\t\t\t\t\t<p>Wenn Sie nahtlose Stahlrohre f\u00fcr verschiedene Zwecke ben\u00f6tigen, haben wir eine gro\u00dfe Auswahl f\u00fcr Sie. Unsere nahtlosen Stahlrohre eignen sich f\u00fcr Bauwerke, Druckrohrleitungen, Produktleitungen, brennbare Medien und mehr. Unsere Rohre werden gem\u00e4\u00df den Normen hergestellt:<\/p><p>- EN10210-1+2<\/p><p>- EN10216-1,-2,-3<\/p><p>- EN 10297-1<\/p><p>- EN 10225<\/p><p>- EN 10208-1,2<\/p><p>Wir bieten Rohre in verschiedenen Durchmessern von 21,3 mm bis 426,0 mm an. Setzen Sie sich mit uns in Verbindung und wir beraten Sie bei der Auswahl der f\u00fcr Ihre Bed\u00fcrfnisse am besten geeigneten Rohre.<\/p>\t\t\t\t\t\t\t\t<\/div>\n\t\t\t\t<\/div>\n\t\t\t\t\t<\/div>\n\t\t<\/div>\n\t\t\t\t\t<\/div>\n\t\t<\/section>\n\t\t\t\t\t<\/div>\n\t\t<\/div>\n\t\t\t\t\t<\/div>\n\t\t<\/section>\n\t\t\t\t<section class=\"elementor-section elementor-top-section elementor-element elementor-element-46183dc elementor-section-stretched elementor-section-boxed elementor-section-height-default elementor-section-height-default\" data-id=\"46183dc\" data-element_type=\"section\" data-e-type=\"section\" data-settings=\"{&quot;stretch_section&quot;:&quot;section-stretched&quot;,&quot;background_background&quot;:&quot;classic&quot;}\">\n\t\t\t\t\t\t<div class=\"elementor-container elementor-column-gap-default\">\n\t\t\t\t\t<div class=\"elementor-column elementor-col-100 elementor-top-column elementor-element elementor-element-9dd80bf\" data-id=\"9dd80bf\" data-element_type=\"column\" data-e-type=\"column\">\n\t\t\t<div class=\"elementor-widget-wrap elementor-element-populated\">\n\t\t\t\t\t\t<div class=\"elementor-element elementor-element-5d8036e elementor-widget elementor-widget-heading\" data-id=\"5d8036e\" data-element_type=\"widget\" data-e-type=\"widget\" data-widget_type=\"heading.default\">\n\t\t\t\t<div class=\"elementor-widget-container\">\n\t\t\t\t\t<h4 class=\"elementor-heading-title elementor-size-default\">Nahtlose Rohre aus niedrig legiertem Stahl und Kohlenstoffstahl f\u00fcr den Maschinenbau.<\/h4>\t\t\t\t<\/div>\n\t\t\t\t<\/div>\n\t\t\t\t<div class=\"elementor-element elementor-element-4249e96 elementor-widget elementor-widget-text-editor\" data-id=\"4249e96\" data-element_type=\"widget\" data-e-type=\"widget\" data-widget_type=\"text-editor.default\">\n\t\t\t\t<div class=\"elementor-widget-container\">\n\t\t\t\t\t\t\t\t\t<table cellspacing=\"0\" cellpadding=\"0\"><tbody><tr><td valign=\"bottom\"><p align=\"center\"><b>Standard<\/b><\/p><\/td><td valign=\"bottom\"><p align=\"center\"><b>Min. Durchmesser, mm<\/b><\/p><\/td><td valign=\"bottom\"><p align=\"center\"><b>Max. Durchmesser, mm<\/b><\/p><\/td><td valign=\"bottom\"><p align=\"center\"><b>Min. Wandst\u00e4rke, mm<\/b><\/p><\/td><td valign=\"bottom\"><p align=\"center\"><b>Max. Wandst\u00e4rke<\/b>, mm<\/p><\/td><\/tr><tr><td valign=\"bottom\"><p align=\"center\"><b>EN 10297<\/b>\u00a0(kaltgewalzt)<\/p><\/td><td valign=\"bottom\"><p align=\"center\">33,7<\/p><\/td><td valign=\"bottom\"><p align=\"center\">82,2<\/p><\/td><td valign=\"bottom\"><p align=\"center\">3,6<\/p><\/td><td valign=\"bottom\"><p align=\"center\">16,0<\/p><\/td><\/tr><tr><td valign=\"bottom\"><p align=\"center\"><b>EN 10297<\/b>\u00a0(warmgewalzt)<\/p><\/td><td valign=\"bottom\"><p align=\"center\">33,7<\/p><\/td><td valign=\"bottom\"><p align=\"center\">368,0<\/p><\/td><td valign=\"bottom\"><p align=\"center\">3,2<\/p><\/td><td valign=\"bottom\"><p align=\"center\">65,0<\/p><\/td><\/tr><tr><td valign=\"bottom\"><p align=\"center\"><b>EN 10294-1<\/b>\u00a0(kaltgewalzt)<\/p><\/td><td valign=\"bottom\"><p align=\"center\">33,7<\/p><\/td><td valign=\"bottom\"><p align=\"center\">82,2<\/p><\/td><td valign=\"bottom\"><p align=\"center\">3,6<\/p><\/td><td valign=\"bottom\"><p align=\"center\">16,0<\/p><\/td><\/tr><tr><td valign=\"bottom\"><p align=\"center\"><b>EN 10294-1<\/b>\u00a0(warmgewalzt)<\/p><\/td><td valign=\"bottom\"><p align=\"center\">82,5<\/p><\/td><td valign=\"bottom\"><p align=\"center\">203,0<\/p><\/td><td valign=\"bottom\"><p align=\"center\">7,0<\/p><\/td><td valign=\"bottom\"><p align=\"center\">50,0<\/p><\/td><\/tr><tr><td valign=\"bottom\"><p align=\"center\"><b>EN 10210-1,2<\/b><\/p><\/td><td valign=\"bottom\"><p align=\"center\">33,7<\/p><\/td><td valign=\"bottom\"><p align=\"center\">368,0<\/p><\/td><td valign=\"bottom\"><p align=\"center\">3,2<\/p><\/td><td valign=\"bottom\"><p align=\"center\">60,0<\/p><\/td><\/tr><tr><td valign=\"bottom\"><p align=\"center\"><b>EN 10220 \/ DIN 1629<\/b><\/p><\/td><td valign=\"bottom\"><p align=\"center\">33,7<\/p><\/td><td valign=\"bottom\"><p align=\"center\">355,6<\/p><\/td><td valign=\"bottom\"><p align=\"center\">3,2<\/p><\/td><td valign=\"bottom\"><p align=\"center\">60,0<\/p><\/td><\/tr><tr><td valign=\"bottom\"><p align=\"center\"><b>EN 10220 \/ DIN 1630<\/b><\/p><\/td><td valign=\"bottom\"><p align=\"center\">33,7<\/p><\/td><td valign=\"bottom\"><p align=\"center\">355,6<\/p><\/td><td valign=\"bottom\"><p align=\"center\">3,2<\/p><\/td><td valign=\"bottom\"><p align=\"center\">60,0<\/p><\/td><\/tr><tr><td valign=\"bottom\"><p align=\"center\"><b>ASTM A 519<\/b><\/p><\/td><td valign=\"bottom\"><p align=\"center\">82,5<\/p><\/td><td valign=\"bottom\"><p align=\"center\">203,0<\/p><\/td><td valign=\"bottom\"><p align=\"center\">7,0<\/p><\/td><td valign=\"bottom\"><p align=\"center\">50,0<\/p><\/td><\/tr><\/tbody><\/table>\t\t\t\t\t\t\t\t<\/div>\n\t\t\t\t<\/div>\n\t\t\t\t\t<\/div>\n\t\t<\/div>\n\t\t\t\t\t<\/div>\n\t\t<\/section>\n\t\t\t\t<section class=\"elementor-section elementor-top-section elementor-element elementor-element-7d5dbbb elementor-section-stretched elementor-section-boxed elementor-section-height-default elementor-section-height-default\" data-id=\"7d5dbbb\" data-element_type=\"section\" data-e-type=\"section\" data-settings=\"{&quot;stretch_section&quot;:&quot;section-stretched&quot;}\">\n\t\t\t\t\t\t<div class=\"elementor-container elementor-column-gap-default\">\n\t\t\t\t\t<div class=\"elementor-column elementor-col-100 elementor-top-column elementor-element elementor-element-cc914f3\" data-id=\"cc914f3\" data-element_type=\"column\" data-e-type=\"column\">\n\t\t\t<div class=\"elementor-widget-wrap elementor-element-populated\">\n\t\t\t\t\t\t<div class=\"elementor-element elementor-element-11846fb elementor-widget elementor-widget-image\" data-id=\"11846fb\" data-element_type=\"widget\" data-e-type=\"widget\" data-widget_type=\"image.default\">\n\t\t\t\t<div class=\"elementor-widget-container\">\n\t\t\t\t\t\t\t\t\t\t\t\t\t\t\t\t<a href=\"https:\/\/www.askony.sk\/wp-content\/uploads\/2022\/12\/bezosve_1-scaled.jpeg\" data-elementor-open-lightbox=\"yes\" data-e-action-hash=\"#elementor-action%3Aaction%3Dlightbox%26settings%3DeyJpZCI6OTM5LCJ1cmwiOiJodHRwczpcL1wvd3d3LmFza29ueS5za1wvd3AtY29udGVudFwvdXBsb2Fkc1wvMjAyMlwvMTJcL2Jlem9zdmVfMS1zY2FsZWQuanBlZyJ9\">\n\t\t\t\t\t\t\t<img fetchpriority=\"high\" decoding=\"async\" width=\"2560\" height=\"1967\" src=\"https:\/\/www.askony.sk\/wp-content\/uploads\/2022\/12\/bezosve_1-scaled.jpeg\" class=\"attachment-full size-full wp-image-939\" alt=\"\" srcset=\"https:\/\/www.askony.sk\/wp-content\/uploads\/2022\/12\/bezosve_1-scaled.jpeg 2560w, https:\/\/www.askony.sk\/wp-content\/uploads\/2022\/12\/bezosve_1-300x231.jpeg 300w, https:\/\/www.askony.sk\/wp-content\/uploads\/2022\/12\/bezosve_1-1024x787.jpeg 1024w, https:\/\/www.askony.sk\/wp-content\/uploads\/2022\/12\/bezosve_1-768x590.jpeg 768w, https:\/\/www.askony.sk\/wp-content\/uploads\/2022\/12\/bezosve_1-1536x1180.jpeg 1536w, https:\/\/www.askony.sk\/wp-content\/uploads\/2022\/12\/bezosve_1-2048x1574.jpeg 2048w, https:\/\/www.askony.sk\/wp-content\/uploads\/2022\/12\/bezosve_1-16x12.jpeg 16w\" sizes=\"(max-width: 2560px) 100vw, 2560px\" \/>\t\t\t\t\t\t\t\t<\/a>\n\t\t\t\t\t\t\t\t\t\t\t\t\t\t\t<\/div>\n\t\t\t\t<\/div>\n\t\t\t\t\t<\/div>\n\t\t<\/div>\n\t\t\t\t\t<\/div>\n\t\t<\/section>\n\t\t\t\t<section class=\"elementor-section elementor-top-section elementor-element elementor-element-19c892c elementor-section-stretched elementor-section-boxed elementor-section-height-default elementor-section-height-default\" data-id=\"19c892c\" data-element_type=\"section\" data-e-type=\"section\" data-settings=\"{&quot;stretch_section&quot;:&quot;section-stretched&quot;}\">\n\t\t\t\t\t\t<div class=\"elementor-container elementor-column-gap-default\">\n\t\t\t\t\t<div class=\"elementor-column elementor-col-100 elementor-top-column elementor-element elementor-element-35d2c2b\" data-id=\"35d2c2b\" data-element_type=\"column\" data-e-type=\"column\">\n\t\t\t<div class=\"elementor-widget-wrap elementor-element-populated\">\n\t\t\t\t\t\t<div class=\"elementor-element elementor-element-c136c96 elementor-widget elementor-widget-image\" data-id=\"c136c96\" data-element_type=\"widget\" data-e-type=\"widget\" data-widget_type=\"image.default\">\n\t\t\t\t<div class=\"elementor-widget-container\">\n\t\t\t\t\t\t\t\t\t\t\t\t\t\t\t\t<a href=\"https:\/\/www.askony.sk\/wp-content\/uploads\/2022\/12\/bezosve_2-scaled.jpeg\" data-elementor-open-lightbox=\"yes\" data-e-action-hash=\"#elementor-action%3Aaction%3Dlightbox%26settings%3DeyJpZCI6OTQwLCJ1cmwiOiJodHRwczpcL1wvd3d3LmFza29ueS5za1wvd3AtY29udGVudFwvdXBsb2Fkc1wvMjAyMlwvMTJcL2Jlem9zdmVfMi1zY2FsZWQuanBlZyJ9\">\n\t\t\t\t\t\t\t<img decoding=\"async\" width=\"2560\" height=\"1967\" src=\"https:\/\/www.askony.sk\/wp-content\/uploads\/2022\/12\/bezosve_2-scaled.jpeg\" class=\"attachment-full size-full wp-image-940\" alt=\"\" srcset=\"https:\/\/www.askony.sk\/wp-content\/uploads\/2022\/12\/bezosve_2-scaled.jpeg 2560w, https:\/\/www.askony.sk\/wp-content\/uploads\/2022\/12\/bezosve_2-300x231.jpeg 300w, https:\/\/www.askony.sk\/wp-content\/uploads\/2022\/12\/bezosve_2-1024x787.jpeg 1024w, https:\/\/www.askony.sk\/wp-content\/uploads\/2022\/12\/bezosve_2-768x590.jpeg 768w, https:\/\/www.askony.sk\/wp-content\/uploads\/2022\/12\/bezosve_2-1536x1180.jpeg 1536w, https:\/\/www.askony.sk\/wp-content\/uploads\/2022\/12\/bezosve_2-2048x1574.jpeg 2048w, https:\/\/www.askony.sk\/wp-content\/uploads\/2022\/12\/bezosve_2-16x12.jpeg 16w\" sizes=\"(max-width: 2560px) 100vw, 2560px\" \/>\t\t\t\t\t\t\t\t<\/a>\n\t\t\t\t\t\t\t\t\t\t\t\t\t\t\t<\/div>\n\t\t\t\t<\/div>\n\t\t\t\t\t<\/div>\n\t\t<\/div>\n\t\t\t\t\t<\/div>\n\t\t<\/section>\n\t\t\t\t<\/div>","protected":false},"excerpt":{"rendered":"<p>H\u013eadali ste aj ako: oce\u013eov\u00e9 r\u00fary bezo\u0161v\u00e9 cenn\u00edk, r\u00fary oce\u013eov\u00e9 \u010dierne bezo\u0161v\u00e9, oce\u013eov\u00e9 bez\u0161v\u00edkov\u00e9 r\u00fary Ak potrebujete oce\u013eov\u00e9 r\u00fary bezo\u0161v\u00e9 pre r\u00f4zne \u00fa\u010dely, m\u00e1me pre v\u00e1s \u0161irok\u00fd v\u00fdber. Na\u0161e bezo\u0161v\u00e9 oce\u013eov\u00e9 r\u00fary s\u00fa vhodn\u00e9 pre kon\u0161trukcie, tlakov\u00e9 potrubia, produktovody, hor\u013eav\u00e9 media a \u010fal\u0161ie. Na\u0161e r\u00fary s\u00fa vyroben\u00e9 pod\u013ea noriem: \u2022 EN10210-1+2 \u2022 EN10216-1,-2,-3 \u2022 EN [&hellip;]<\/p>\n","protected":false},"author":1,"featured_media":0,"parent":0,"menu_order":0,"comment_status":"closed","ping_status":"closed","template":"","meta":{"footnotes":""},"class_list":["post-332","page","type-page","status-publish","hentry"],"yoast_head":"<!-- This site is optimized with the Yoast SEO plugin v27.4 - https:\/\/yoast.com\/product\/yoast-seo-wordpress\/ -->\n<title>R\u00fary oce\u013eov\u00e9 bezo\u0161v\u00e9 | ASKONY<\/title>\n<meta name=\"description\" content=\"Bezo\u0161v\u00e9 oce\u013eov\u00e9 r\u00fary vhodn\u00e9 pre kon\u0161trukcie, tlakov\u00e9 potrubia, produktovody a hor\u013eav\u00e9 m\u00e9di\u00e1. Vyberte si spo\u013eahliv\u00e9 rie\u0161enie.\" \/>\n<meta name=\"robots\" content=\"index, follow, max-snippet:-1, max-image-preview:large, max-video-preview:-1\" \/>\n<link rel=\"canonical\" href=\"https:\/\/www.askony.sk\/de\/rury-ocelove-bezosve\/\" \/>\n<meta property=\"og:locale\" content=\"de_DE\" \/>\n<meta property=\"og:type\" content=\"article\" \/>\n<meta property=\"og:title\" content=\"R\u00fary oce\u013eov\u00e9 bezo\u0161v\u00e9 | ASKONY\" \/>\n<meta property=\"og:description\" content=\"Bezo\u0161v\u00e9 oce\u013eov\u00e9 r\u00fary vhodn\u00e9 pre kon\u0161trukcie, tlakov\u00e9 potrubia, produktovody a hor\u013eav\u00e9 m\u00e9di\u00e1. Vyberte si spo\u013eahliv\u00e9 rie\u0161enie.\" \/>\n<meta property=\"og:url\" content=\"https:\/\/www.askony.sk\/de\/rury-ocelove-bezosve\/\" \/>\n<meta property=\"og:site_name\" content=\"ASKONY\" \/>\n<meta property=\"article:modified_time\" content=\"2023-08-24T11:36:31+00:00\" \/>\n<meta property=\"og:image\" content=\"https:\/\/www.askony.sk\/wp-content\/uploads\/2022\/12\/bezosve_1-scaled.jpeg\" \/>\n<meta name=\"twitter:card\" content=\"summary_large_image\" \/>\n<meta name=\"twitter:label1\" content=\"Gesch\u00e4tzte Lesezeit\" \/>\n\t<meta name=\"twitter:data1\" content=\"2\u00a0Minuten\" \/>\n<script type=\"application\/ld+json\" class=\"yoast-schema-graph\">{\"@context\":\"https:\\\/\\\/schema.org\",\"@graph\":[{\"@type\":\"WebPage\",\"@id\":\"https:\\\/\\\/www.askony.sk\\\/rury-ocelove-bezosve\\\/\",\"url\":\"https:\\\/\\\/www.askony.sk\\\/rury-ocelove-bezosve\\\/\",\"name\":\"R\u00fary oce\u013eov\u00e9 bezo\u0161v\u00e9 | ASKONY\",\"isPartOf\":{\"@id\":\"https:\\\/\\\/www.askony.sk\\\/#website\"},\"primaryImageOfPage\":{\"@id\":\"https:\\\/\\\/www.askony.sk\\\/rury-ocelove-bezosve\\\/#primaryimage\"},\"image\":{\"@id\":\"https:\\\/\\\/www.askony.sk\\\/rury-ocelove-bezosve\\\/#primaryimage\"},\"thumbnailUrl\":\"https:\\\/\\\/www.askony.sk\\\/wp-content\\\/uploads\\\/2022\\\/12\\\/bezosve_1-scaled.jpeg\",\"datePublished\":\"2022-11-18T01:28:21+00:00\",\"dateModified\":\"2023-08-24T11:36:31+00:00\",\"description\":\"Bezo\u0161v\u00e9 oce\u013eov\u00e9 r\u00fary vhodn\u00e9 pre kon\u0161trukcie, tlakov\u00e9 potrubia, produktovody a hor\u013eav\u00e9 m\u00e9di\u00e1. Vyberte si spo\u013eahliv\u00e9 rie\u0161enie.\",\"breadcrumb\":{\"@id\":\"https:\\\/\\\/www.askony.sk\\\/rury-ocelove-bezosve\\\/#breadcrumb\"},\"inLanguage\":\"de\",\"potentialAction\":[{\"@type\":\"ReadAction\",\"target\":[\"https:\\\/\\\/www.askony.sk\\\/rury-ocelove-bezosve\\\/\"]}]},{\"@type\":\"ImageObject\",\"inLanguage\":\"de\",\"@id\":\"https:\\\/\\\/www.askony.sk\\\/rury-ocelove-bezosve\\\/#primaryimage\",\"url\":\"https:\\\/\\\/www.askony.sk\\\/wp-content\\\/uploads\\\/2022\\\/12\\\/bezosve_1-scaled.jpeg\",\"contentUrl\":\"https:\\\/\\\/www.askony.sk\\\/wp-content\\\/uploads\\\/2022\\\/12\\\/bezosve_1-scaled.jpeg\"},{\"@type\":\"BreadcrumbList\",\"@id\":\"https:\\\/\\\/www.askony.sk\\\/rury-ocelove-bezosve\\\/#breadcrumb\",\"itemListElement\":[{\"@type\":\"ListItem\",\"position\":1,\"name\":\"\u00davod\",\"item\":\"https:\\\/\\\/www.askony.sk\\\/\"},{\"@type\":\"ListItem\",\"position\":2,\"name\":\"Bezo\u0161v\u00e9 oce\u013eov\u00e9 r\u00fary\"}]},{\"@type\":\"WebSite\",\"@id\":\"https:\\\/\\\/www.askony.sk\\\/#website\",\"url\":\"https:\\\/\\\/www.askony.sk\\\/\",\"name\":\"ASKONY\",\"description\":\"Oce\u013eov\u00e9 r\u00fary v\u0161etk\u00fdch rozmerov a akost\u00ed\",\"publisher\":{\"@id\":\"https:\\\/\\\/www.askony.sk\\\/#organization\"},\"potentialAction\":[{\"@type\":\"SearchAction\",\"target\":{\"@type\":\"EntryPoint\",\"urlTemplate\":\"https:\\\/\\\/www.askony.sk\\\/?s={search_term_string}\"},\"query-input\":{\"@type\":\"PropertyValueSpecification\",\"valueRequired\":true,\"valueName\":\"search_term_string\"}}],\"inLanguage\":\"de\"},{\"@type\":\"Organization\",\"@id\":\"https:\\\/\\\/www.askony.sk\\\/#organization\",\"name\":\"ASKONY export \u2013 import, s. r. o.\",\"url\":\"https:\\\/\\\/www.askony.sk\\\/\",\"logo\":{\"@type\":\"ImageObject\",\"inLanguage\":\"de\",\"@id\":\"https:\\\/\\\/www.askony.sk\\\/#\\\/schema\\\/logo\\\/image\\\/\",\"url\":\"https:\\\/\\\/www.askony.sk\\\/wp-content\\\/uploads\\\/2022\\\/12\\\/askony_logo_white.jpg\",\"contentUrl\":\"https:\\\/\\\/www.askony.sk\\\/wp-content\\\/uploads\\\/2022\\\/12\\\/askony_logo_white.jpg\",\"width\":1080,\"height\":1080,\"caption\":\"ASKONY export \u2013 import, s. r. o.\"},\"image\":{\"@id\":\"https:\\\/\\\/www.askony.sk\\\/#\\\/schema\\\/logo\\\/image\\\/\"}}]}<\/script>\n<!-- \/ Yoast SEO plugin. -->","yoast_head_json":{"title":"R\u00fary oce\u013eov\u00e9 bezo\u0161v\u00e9 | ASKONY","description":"Bezo\u0161v\u00e9 oce\u013eov\u00e9 r\u00fary vhodn\u00e9 pre kon\u0161trukcie, tlakov\u00e9 potrubia, produktovody a hor\u013eav\u00e9 m\u00e9di\u00e1. Vyberte si spo\u013eahliv\u00e9 rie\u0161enie.","robots":{"index":"index","follow":"follow","max-snippet":"max-snippet:-1","max-image-preview":"max-image-preview:large","max-video-preview":"max-video-preview:-1"},"canonical":"https:\/\/www.askony.sk\/de\/rury-ocelove-bezosve\/","og_locale":"de_DE","og_type":"article","og_title":"R\u00fary oce\u013eov\u00e9 bezo\u0161v\u00e9 | ASKONY","og_description":"Bezo\u0161v\u00e9 oce\u013eov\u00e9 r\u00fary vhodn\u00e9 pre kon\u0161trukcie, tlakov\u00e9 potrubia, produktovody a hor\u013eav\u00e9 m\u00e9di\u00e1. Vyberte si spo\u013eahliv\u00e9 rie\u0161enie.","og_url":"https:\/\/www.askony.sk\/de\/rury-ocelove-bezosve\/","og_site_name":"ASKONY","article_modified_time":"2023-08-24T11:36:31+00:00","og_image":[{"url":"https:\/\/www.askony.sk\/wp-content\/uploads\/2022\/12\/bezosve_1-scaled.jpeg","type":"","width":"","height":""}],"twitter_card":"summary_large_image","twitter_misc":{"Gesch\u00e4tzte Lesezeit":"2\u00a0Minuten"},"schema":{"@context":"https:\/\/schema.org","@graph":[{"@type":"WebPage","@id":"https:\/\/www.askony.sk\/rury-ocelove-bezosve\/","url":"https:\/\/www.askony.sk\/rury-ocelove-bezosve\/","name":"R\u00fary oce\u013eov\u00e9 bezo\u0161v\u00e9 | ASKONY","isPartOf":{"@id":"https:\/\/www.askony.sk\/#website"},"primaryImageOfPage":{"@id":"https:\/\/www.askony.sk\/rury-ocelove-bezosve\/#primaryimage"},"image":{"@id":"https:\/\/www.askony.sk\/rury-ocelove-bezosve\/#primaryimage"},"thumbnailUrl":"https:\/\/www.askony.sk\/wp-content\/uploads\/2022\/12\/bezosve_1-scaled.jpeg","datePublished":"2022-11-18T01:28:21+00:00","dateModified":"2023-08-24T11:36:31+00:00","description":"Bezo\u0161v\u00e9 oce\u013eov\u00e9 r\u00fary vhodn\u00e9 pre kon\u0161trukcie, tlakov\u00e9 potrubia, produktovody a hor\u013eav\u00e9 m\u00e9di\u00e1. Vyberte si spo\u013eahliv\u00e9 rie\u0161enie.","breadcrumb":{"@id":"https:\/\/www.askony.sk\/rury-ocelove-bezosve\/#breadcrumb"},"inLanguage":"de","potentialAction":[{"@type":"ReadAction","target":["https:\/\/www.askony.sk\/rury-ocelove-bezosve\/"]}]},{"@type":"ImageObject","inLanguage":"de","@id":"https:\/\/www.askony.sk\/rury-ocelove-bezosve\/#primaryimage","url":"https:\/\/www.askony.sk\/wp-content\/uploads\/2022\/12\/bezosve_1-scaled.jpeg","contentUrl":"https:\/\/www.askony.sk\/wp-content\/uploads\/2022\/12\/bezosve_1-scaled.jpeg"},{"@type":"BreadcrumbList","@id":"https:\/\/www.askony.sk\/rury-ocelove-bezosve\/#breadcrumb","itemListElement":[{"@type":"ListItem","position":1,"name":"\u00davod","item":"https:\/\/www.askony.sk\/"},{"@type":"ListItem","position":2,"name":"Bezo\u0161v\u00e9 oce\u013eov\u00e9 r\u00fary"}]},{"@type":"WebSite","@id":"https:\/\/www.askony.sk\/#website","url":"https:\/\/www.askony.sk\/","name":"ASKONY","description":"Stahlrohre aller Gr\u00f6\u00dfen und G\u00fcten","publisher":{"@id":"https:\/\/www.askony.sk\/#organization"},"potentialAction":[{"@type":"SearchAction","target":{"@type":"EntryPoint","urlTemplate":"https:\/\/www.askony.sk\/?s={search_term_string}"},"query-input":{"@type":"PropertyValueSpecification","valueRequired":true,"valueName":"search_term_string"}}],"inLanguage":"de"},{"@type":"Organization","@id":"https:\/\/www.askony.sk\/#organization","name":"ASKONY export \u2013 import, s. r. o.","url":"https:\/\/www.askony.sk\/","logo":{"@type":"ImageObject","inLanguage":"de","@id":"https:\/\/www.askony.sk\/#\/schema\/logo\/image\/","url":"https:\/\/www.askony.sk\/wp-content\/uploads\/2022\/12\/askony_logo_white.jpg","contentUrl":"https:\/\/www.askony.sk\/wp-content\/uploads\/2022\/12\/askony_logo_white.jpg","width":1080,"height":1080,"caption":"ASKONY export \u2013 import, s. r. o."},"image":{"@id":"https:\/\/www.askony.sk\/#\/schema\/logo\/image\/"}}]}},"_links":{"self":[{"href":"https:\/\/www.askony.sk\/de\/wp-json\/wp\/v2\/pages\/332","targetHints":{"allow":["GET"]}}],"collection":[{"href":"https:\/\/www.askony.sk\/de\/wp-json\/wp\/v2\/pages"}],"about":[{"href":"https:\/\/www.askony.sk\/de\/wp-json\/wp\/v2\/types\/page"}],"author":[{"embeddable":true,"href":"https:\/\/www.askony.sk\/de\/wp-json\/wp\/v2\/users\/1"}],"replies":[{"embeddable":true,"href":"https:\/\/www.askony.sk\/de\/wp-json\/wp\/v2\/comments?post=332"}],"version-history":[{"count":6,"href":"https:\/\/www.askony.sk\/de\/wp-json\/wp\/v2\/pages\/332\/revisions"}],"predecessor-version":[{"id":1154,"href":"https:\/\/www.askony.sk\/de\/wp-json\/wp\/v2\/pages\/332\/revisions\/1154"}],"wp:attachment":[{"href":"https:\/\/www.askony.sk\/de\/wp-json\/wp\/v2\/media?parent=332"}],"curies":[{"name":"wp","href":"https:\/\/api.w.org\/{rel}","templated":true}]}}