{"id":326,"date":"2022-11-18T02:27:56","date_gmt":"2022-11-18T01:27:56","guid":{"rendered":"https:\/\/www.askony.sk\/?page_id=326"},"modified":"2023-08-24T13:37:52","modified_gmt":"2023-08-24T11:37:52","slug":"betonove-sachty","status":"publish","type":"page","link":"https:\/\/www.askony.sk\/de\/betonove-sachty\/","title":{"rendered":"Betonsch\u00e4chte"},"content":{"rendered":"\t\t<div data-elementor-type=\"wp-page\" data-elementor-id=\"326\" class=\"elementor elementor-326\" data-elementor-post-type=\"page\">\n\t\t\t\t\t\t<section class=\"elementor-section elementor-top-section elementor-element elementor-element-91bc469 elementor-section-height-min-height elementor-section-stretched elementor-section-boxed elementor-section-height-default elementor-section-items-middle\" data-id=\"91bc469\" data-element_type=\"section\" data-e-type=\"section\" data-settings=\"{&quot;stretch_section&quot;:&quot;section-stretched&quot;}\">\n\t\t\t\t\t\t<div class=\"elementor-container elementor-column-gap-default\">\n\t\t\t\t\t<div class=\"elementor-column elementor-col-100 elementor-top-column elementor-element elementor-element-20bf85d\" data-id=\"20bf85d\" data-element_type=\"column\" data-e-type=\"column\">\n\t\t\t<div class=\"elementor-widget-wrap elementor-element-populated\">\n\t\t\t\t\t\t<section class=\"elementor-section elementor-inner-section elementor-element elementor-element-697ca6c elementor-section-boxed elementor-section-height-default elementor-section-height-default\" data-id=\"697ca6c\" data-element_type=\"section\" data-e-type=\"section\" data-settings=\"{&quot;background_background&quot;:&quot;classic&quot;}\">\n\t\t\t\t\t\t<div class=\"elementor-container elementor-column-gap-default\">\n\t\t\t\t\t<div class=\"elementor-column elementor-col-50 elementor-inner-column elementor-element elementor-element-358b5bb\" data-id=\"358b5bb\" data-element_type=\"column\" data-e-type=\"column\" data-settings=\"{&quot;background_background&quot;:&quot;classic&quot;}\">\n\t\t\t<div class=\"elementor-widget-wrap elementor-element-populated\">\n\t\t\t\t\t\t<div class=\"elementor-element elementor-element-7af2bdd elementor-widget__width-auto list-askony elementor-widget elementor-widget-heading\" data-id=\"7af2bdd\" data-element_type=\"widget\" data-e-type=\"widget\" data-widget_type=\"heading.default\">\n\t\t\t\t<div class=\"elementor-widget-container\">\n\t\t\t\t\t<div class=\"elementor-heading-title elementor-size-default\"><strong>H\u013eadali ste aj ako:<\/strong> bet\u00f3nov\u00e9 skru\u017ee, kanaliza\u010dn\u00e9 \u0161achty, bet\u00f3nov\u00e9 vodomern\u00e9 \u0161achty..<\/div>\t\t\t\t<\/div>\n\t\t\t\t<\/div>\n\t\t\t\t<div class=\"elementor-element elementor-element-0d3b09e elementor-widget elementor-widget-heading\" data-id=\"0d3b09e\" data-element_type=\"widget\" data-e-type=\"widget\" data-widget_type=\"heading.default\">\n\t\t\t\t<div class=\"elementor-widget-container\">\n\t\t\t\t\t<h2 class=\"elementor-heading-title elementor-size-default\">\u0160tandardn\u00e9 dno<\/h2>\t\t\t\t<\/div>\n\t\t\t\t<\/div>\n\t\t\t\t<div class=\"elementor-element elementor-element-8779d00 list-askony elementor-widget elementor-widget-text-editor\" data-id=\"8779d00\" data-element_type=\"widget\" data-e-type=\"widget\" data-widget_type=\"text-editor.default\">\n\t\t\t\t<div class=\"elementor-widget-container\">\n\t\t\t\t\t\t\t\t\t<ul><li>Bet\u00f3n alebo \u017eelezobet\u00f3n<\/li><li>Vyroben\u00e9 modernou technol\u00f3giou samozhutnite\u013en\u00e9ho bet\u00f3nu (SCC)<\/li><li>Priemery od DN 1000 mm do DN 3200 mm<\/li><li>\u0160irok\u00fd rozsah v\u00fd\u0161ok<\/li><li>V s\u00falade s PN-EN 1917, technick\u00fdm osved\u010den\u00edm alebo n\u00e1rodn\u00fdm technick\u00fdm pos\u00faden\u00edm, v z\u00e1vislosti od priemeru<\/li><li>Monoliticky in\u0161talovan\u00e9 tesn\u00e9 prechody (napr. Witros, PVC, GRP, PEHD, kamenina) v jednom v\u00fdrobnom cykle<\/li><li>Pre priechody ve\u013ek\u00e9ho priemeru je vyroben\u00e1 rovn\u00e1 strana dna (tzv. odsadenie) zais\u0165uj\u00faca \u00fapln\u00fa tesnos\u0165 priechodov a jednoduch\u00fa, bezpe\u010dn\u00fa a bezprobl\u00e9mov\u00fa mont\u00e1\u017e spojov<\/li><li>Trieda pevnosti bet\u00f3nu min. C40\/50 (napr. C70\/85)<\/li><li>Expozi\u010dn\u00e1 trieda bet\u00f3nu min. XC4, XD3, XF1, XA1, XM3 (zv\u00fd\u0161en\u00e1 odolnos\u0165 proti oderu) alebo vy\u0161\u0161ie v z\u00e1vislosti od objedn\u00e1vky<\/li><li>Stupe\u0148 mrazuvzdornosti vo vode F150<\/li><li>Stupe\u0148 mrazuvzdornosti v roztoku NaCl F50<\/li><li>Stupe\u0148 vodotesnosti bet\u00f3nu W12<\/li><li>Dostupn\u00e9 aj vo verzii pre ve\u013ek\u00e9 za\u0165a\u017eenie pre vysokotlakov\u00e9 oblasti, trieda za\u0165a\u017eenia do F900<\/li><li>Vybaven\u00e9 profesion\u00e1lnymi kotvami na mont\u00e1\u017e<\/li><\/ul>\t\t\t\t\t\t\t\t<\/div>\n\t\t\t\t<\/div>\n\t\t\t\t\t<\/div>\n\t\t<\/div>\n\t\t\t\t<div class=\"elementor-column elementor-col-50 elementor-inner-column elementor-element elementor-element-9bda1eb\" data-id=\"9bda1eb\" data-element_type=\"column\" data-e-type=\"column\">\n\t\t\t<div class=\"elementor-widget-wrap elementor-element-populated\">\n\t\t\t\t\t\t<div class=\"elementor-element elementor-element-5878e8a elementor-widget elementor-widget-image\" data-id=\"5878e8a\" data-element_type=\"widget\" data-e-type=\"widget\" data-widget_type=\"image.default\">\n\t\t\t\t<div class=\"elementor-widget-container\">\n\t\t\t\t\t\t\t\t\t\t\t\t\t\t\t<img fetchpriority=\"high\" decoding=\"async\" width=\"420\" height=\"788\" src=\"https:\/\/www.askony.sk\/wp-content\/uploads\/2022\/12\/betonove-sachty_1.png\" class=\"attachment-large size-large wp-image-748\" alt=\"\" srcset=\"https:\/\/www.askony.sk\/wp-content\/uploads\/2022\/12\/betonove-sachty_1.png 420w, https:\/\/www.askony.sk\/wp-content\/uploads\/2022\/12\/betonove-sachty_1-160x300.png 160w, https:\/\/www.askony.sk\/wp-content\/uploads\/2022\/12\/betonove-sachty_1-6x12.png 6w\" sizes=\"(max-width: 420px) 100vw, 420px\" \/>\t\t\t\t\t\t\t\t\t\t\t\t\t\t\t<\/div>\n\t\t\t\t<\/div>\n\t\t\t\t<div class=\"elementor-element elementor-element-654e5eb elementor-widget elementor-widget-image\" data-id=\"654e5eb\" data-element_type=\"widget\" data-e-type=\"widget\" data-widget_type=\"image.default\">\n\t\t\t\t<div class=\"elementor-widget-container\">\n\t\t\t\t\t\t\t\t\t\t\t\t\t\t\t<img decoding=\"async\" width=\"536\" height=\"238\" src=\"https:\/\/www.askony.sk\/wp-content\/uploads\/2022\/12\/betonove-sachty_3.png\" class=\"attachment-large size-large wp-image-750\" alt=\"\" srcset=\"https:\/\/www.askony.sk\/wp-content\/uploads\/2022\/12\/betonove-sachty_3.png 536w, https:\/\/www.askony.sk\/wp-content\/uploads\/2022\/12\/betonove-sachty_3-300x133.png 300w, https:\/\/www.askony.sk\/wp-content\/uploads\/2022\/12\/betonove-sachty_3-18x8.png 18w\" sizes=\"(max-width: 536px) 100vw, 536px\" \/>\t\t\t\t\t\t\t\t\t\t\t\t\t\t\t<\/div>\n\t\t\t\t<\/div>\n\t\t\t\t\t<\/div>\n\t\t<\/div>\n\t\t\t\t\t<\/div>\n\t\t<\/section>\n\t\t\t\t\t<\/div>\n\t\t<\/div>\n\t\t\t\t\t<\/div>\n\t\t<\/section>\n\t\t\t\t<section class=\"elementor-section elementor-top-section elementor-element elementor-element-799954a6 elementor-section-stretched elementor-section-boxed elementor-section-height-default elementor-section-height-default\" data-id=\"799954a6\" data-element_type=\"section\" data-e-type=\"section\" id=\"askony-tabulka\" data-settings=\"{&quot;stretch_section&quot;:&quot;section-stretched&quot;,&quot;background_background&quot;:&quot;classic&quot;}\">\n\t\t\t\t\t\t<div class=\"elementor-container elementor-column-gap-default\">\n\t\t\t\t\t<div class=\"elementor-column elementor-col-100 elementor-top-column elementor-element elementor-element-31ad7011\" data-id=\"31ad7011\" data-element_type=\"column\" data-e-type=\"column\">\n\t\t\t<div class=\"elementor-widget-wrap elementor-element-populated\">\n\t\t\t\t\t\t<div class=\"elementor-element elementor-element-b860f9a elementor-widget elementor-widget-heading\" data-id=\"b860f9a\" data-element_type=\"widget\" data-e-type=\"widget\" data-widget_type=\"heading.default\">\n\t\t\t\t<div class=\"elementor-widget-container\">\n\t\t\t\t\t<h6 class=\"elementor-heading-title elementor-size-default\">\u0160tandardn\u00e9 dno<\/h6>\t\t\t\t<\/div>\n\t\t\t\t<\/div>\n\t\t\t\t<div class=\"elementor-element elementor-element-df493cc elementor-widget elementor-widget-text-editor\" data-id=\"df493cc\" data-element_type=\"widget\" data-e-type=\"widget\" data-widget_type=\"text-editor.default\">\n\t\t\t\t<div class=\"elementor-widget-container\">\n\t\t\t\t\t\t\t\t\t<table cellspacing=\"0\" cellpadding=\"0\"><tbody><tr><td colspan=\"2\"><p><b>Priemer<\/b><\/p><\/td><td colspan=\"2\"><p><b>V\u00fd\u0161ka<\/b><\/p><\/td><td colspan=\"2\"><p><b>Hr\u00fabka<\/b><\/p><\/td><td rowspan=\"2\"><p><b>Max. priemer<\/b><\/p><p><b>priechodu<br \/>d<sub>max<\/sub><\/b><\/p><\/td><td rowspan=\"2\"><p><b>V\u00e1ha<\/b><\/p><p><b>orienta\u010dn\u00e1<\/b><\/p><\/td><\/tr><tr><td><p><b>Vn\u00fatorn\u00e9<br \/>DN<\/b><\/p><\/td><td><p><b>Vonk.<br \/>DZ<\/b><\/p><\/td><td><p><b>Stavebn\u00e1<br \/>h<\/b><\/p><\/td><td><p><b>Celkov\u00e1<br \/>H<\/b><\/p><\/td><td><p><b>Steny<br \/>t<sub>1<\/sub><\/b><\/p><\/td><td><p><b>Dna<br \/>t<sub>2<\/sub><\/b><\/p><\/td><\/tr><tr><td colspan=\"7\"><p><b>[mm]<\/b><\/p><\/td><td><p><b>[kg]<\/b><\/p><\/td><\/tr><tr><td><p>1000<\/p><\/td><td><p>1300<\/p><\/td><td><p>min 500<br \/>max 1500<\/p><\/td><td><p>min 650<br \/>max 1650<\/p><\/td><td><p>150<\/p><\/td><td><p>150<\/p><\/td><td><p>600<\/p><\/td><td><p>min 1200<br \/>max 2850<\/p><\/td><\/tr><tr><td><p>1200<\/p><\/td><td><p>1500<\/p><\/td><td><p>min 500<br \/>max 2350<\/p><\/td><td><p>min 650<br \/>max 2500<\/p><\/td><td><p>150<\/p><\/td><td><p>min 150<br \/>max 200<\/p><\/td><td><p>800<\/p><\/td><td><p>min 1550<br \/>max 5000<\/p><\/td><\/tr><tr><td><p>1500<\/p><\/td><td><p>1800<\/p><\/td><td><p>min 1000<br \/>max 2300<\/p><\/td><td><p>min 1200<br \/>max 2500<\/p><\/td><td><p>150<\/p><\/td><td><p>200<\/p><\/td><td><p>1000<\/p><\/td><td><p>min 3100<br \/>max 6500<\/p><\/td><\/tr><tr><td><p>2000<\/p><\/td><td><p>2400<\/p><\/td><td><p>min 1900<br \/>max 2300<\/p><\/td><td><p>min 2100<br \/>max 2500<\/p><\/td><td><p>200<\/p><\/td><td><p>200<\/p><\/td><td><p>1600<\/p><\/td><td><p>min 11500<br \/>max 16000<\/p><\/td><\/tr><tr><td><p>2500 &#8211; 3200<\/p><\/td><td colspan=\"7\"><p>\u00dadaje dostupn\u00e9 na vy\u017eiadanie<\/p><\/td><\/tr><\/tbody><\/table>\t\t\t\t\t\t\t\t<\/div>\n\t\t\t\t<\/div>\n\t\t\t\t\t<\/div>\n\t\t<\/div>\n\t\t\t\t\t<\/div>\n\t\t<\/section>\n\t\t\t\t<section class=\"elementor-section elementor-top-section elementor-element elementor-element-efb4506 elementor-section-stretched elementor-section-boxed elementor-section-height-default elementor-section-height-default\" data-id=\"efb4506\" data-element_type=\"section\" data-e-type=\"section\" data-settings=\"{&quot;stretch_section&quot;:&quot;section-stretched&quot;}\">\n\t\t\t\t\t\t<div class=\"elementor-container elementor-column-gap-default\">\n\t\t\t\t\t<div class=\"elementor-column elementor-col-50 elementor-top-column elementor-element elementor-element-62e89cb\" data-id=\"62e89cb\" data-element_type=\"column\" data-e-type=\"column\">\n\t\t\t<div class=\"elementor-widget-wrap elementor-element-populated\">\n\t\t\t\t\t\t<div class=\"elementor-element elementor-element-312c69c elementor-widget elementor-widget-heading\" data-id=\"312c69c\" data-element_type=\"widget\" data-e-type=\"widget\" data-widget_type=\"heading.default\">\n\t\t\t\t<div class=\"elementor-widget-container\">\n\t\t\t\t\t<h6 class=\"elementor-heading-title elementor-size-default\">Skru\u017ee<\/h6>\t\t\t\t<\/div>\n\t\t\t\t<\/div>\n\t\t\t\t<div class=\"elementor-element elementor-element-27b8ea4 elementor-widget elementor-widget-text-editor\" data-id=\"27b8ea4\" data-element_type=\"widget\" data-e-type=\"widget\" data-widget_type=\"text-editor.default\">\n\t\t\t\t<div class=\"elementor-widget-container\">\n\t\t\t\t\t\t\t\t\t<table cellspacing=\"0\" cellpadding=\"0\"><tbody><tr><td valign=\"middle\"><p align=\"center\"><b>Vn\u00fatorn\u00e9<br \/>DN<\/b><\/p><\/td><td valign=\"middle\"><p align=\"center\"><b>Vonk. <br \/>DZ<\/b><\/p><\/td><td valign=\"middle\"><p align=\"center\"><b>Stavebn\u00e1<\/b><\/p><p align=\"center\"><b>v\u00fd\u0161ka h<\/b><\/p><\/td><td valign=\"middle\"><p align=\"center\"><b>Celkov\u00e1<\/b><\/p><p align=\"center\"><b>V\u00fd\u0161ka H<\/b><\/p><\/td><td valign=\"middle\"><p align=\"center\"><b>Hr\u00fabka<\/b><\/p><p align=\"center\"><b>steny t<\/b><\/p><\/td><td valign=\"middle\"><p align=\"center\"><b>V\u00e1ha<\/b><\/p><p align=\"center\"><b>orienta\u010dn\u00e1<\/b><\/p><\/td><\/tr><tr><td colspan=\"5\" valign=\"middle\"><p align=\"center\"><b>[mm]<\/b><\/p><\/td><td valign=\"middle\"><p align=\"center\"><b>[kg]<\/b><\/p><\/td><\/tr><tr><td valign=\"middle\"><p align=\"center\">1000<\/p><\/td><td valign=\"middle\"><p align=\"center\">1240<\/p><\/td><td valign=\"middle\"><p align=\"center\">250<br \/>500<br \/>750<br \/>1000<\/p><\/td><td valign=\"middle\"><p align=\"center\">320<br \/>570<br \/>820<br \/>1070<\/p><\/td><td valign=\"middle\"><p align=\"center\">120<\/p><\/td><td valign=\"middle\"><p align=\"center\">270<br \/>510<br \/>760<br \/>1010<\/p><\/td><\/tr><tr><td valign=\"middle\"><p align=\"center\">1200<\/p><\/td><td valign=\"middle\"><p align=\"center\">1470<\/p><\/td><td valign=\"middle\"><p align=\"center\">250<br \/>500<br \/>750<br \/>1000<\/p><\/td><td valign=\"middle\"><p align=\"center\">330<br \/>580<br \/>830<br \/>1080<\/p><\/td><td valign=\"middle\"><p align=\"center\">135<\/p><\/td><td valign=\"middle\"><p align=\"center\">390<br \/>680<br \/>1010<br \/>1340<\/p><\/td><\/tr><tr><td valign=\"middle\"><p align=\"center\">1500<\/p><\/td><td valign=\"middle\"><p align=\"center\">1800<\/p><\/td><td valign=\"middle\"><p align=\"center\">250<br \/>500<br \/>750<br \/>1000<\/p><\/td><td valign=\"middle\"><p align=\"center\">340<br \/>590<br \/>840<br \/>1090<\/p><\/td><td valign=\"middle\"><p align=\"center\">150<\/p><\/td><td valign=\"middle\"><p align=\"center\">470<br \/>940<br \/>1400<br \/>1870<\/p><\/td><\/tr><tr><td valign=\"middle\"><p align=\"center\">2000<\/p><\/td><td valign=\"middle\"><p align=\"center\">2300<\/p><\/td><td valign=\"middle\"><p align=\"center\">500<br \/>1000<\/p><\/td><td valign=\"middle\"><p align=\"center\">590<br \/>1090<\/p><\/td><td valign=\"middle\"><p align=\"center\">150<\/p><\/td><td valign=\"middle\"><p align=\"center\">1200<br \/>2400<\/p><\/td><\/tr><\/tbody><\/table>\t\t\t\t\t\t\t\t<\/div>\n\t\t\t\t<\/div>\n\t\t\t\t\t<\/div>\n\t\t<\/div>\n\t\t\t\t<div class=\"elementor-column elementor-col-50 elementor-top-column elementor-element elementor-element-47b61e1\" data-id=\"47b61e1\" data-element_type=\"column\" data-e-type=\"column\" data-settings=\"{&quot;background_background&quot;:&quot;classic&quot;}\">\n\t\t\t<div class=\"elementor-widget-wrap elementor-element-populated\">\n\t\t\t\t\t\t<div class=\"elementor-element elementor-element-02cc9e2 elementor-widget elementor-widget-image\" data-id=\"02cc9e2\" data-element_type=\"widget\" data-e-type=\"widget\" data-widget_type=\"image.default\">\n\t\t\t\t<div class=\"elementor-widget-container\">\n\t\t\t\t\t\t\t\t\t\t\t\t\t\t\t<img decoding=\"async\" width=\"545\" height=\"448\" src=\"https:\/\/www.askony.sk\/wp-content\/uploads\/2022\/12\/betonove-sachty_4.png\" class=\"attachment-large size-large wp-image-751\" alt=\"\" srcset=\"https:\/\/www.askony.sk\/wp-content\/uploads\/2022\/12\/betonove-sachty_4.png 545w, https:\/\/www.askony.sk\/wp-content\/uploads\/2022\/12\/betonove-sachty_4-300x247.png 300w, https:\/\/www.askony.sk\/wp-content\/uploads\/2022\/12\/betonove-sachty_4-15x12.png 15w\" sizes=\"(max-width: 545px) 100vw, 545px\" \/>\t\t\t\t\t\t\t\t\t\t\t\t\t\t\t<\/div>\n\t\t\t\t<\/div>\n\t\t\t\t<div class=\"elementor-element elementor-element-40355c6 elementor-widget elementor-widget-image\" data-id=\"40355c6\" data-element_type=\"widget\" data-e-type=\"widget\" data-widget_type=\"image.default\">\n\t\t\t\t<div class=\"elementor-widget-container\">\n\t\t\t\t\t\t\t\t\t\t\t\t\t\t\t<img loading=\"lazy\" decoding=\"async\" width=\"452\" height=\"424\" src=\"https:\/\/www.askony.sk\/wp-content\/uploads\/2022\/12\/betonove-sachty_5.png\" class=\"attachment-large size-large wp-image-752\" alt=\"\" srcset=\"https:\/\/www.askony.sk\/wp-content\/uploads\/2022\/12\/betonove-sachty_5.png 452w, https:\/\/www.askony.sk\/wp-content\/uploads\/2022\/12\/betonove-sachty_5-300x281.png 300w, https:\/\/www.askony.sk\/wp-content\/uploads\/2022\/12\/betonove-sachty_5-13x12.png 13w\" sizes=\"(max-width: 452px) 100vw, 452px\" \/>\t\t\t\t\t\t\t\t\t\t\t\t\t\t\t<\/div>\n\t\t\t\t<\/div>\n\t\t\t\t\t<\/div>\n\t\t<\/div>\n\t\t\t\t\t<\/div>\n\t\t<\/section>\n\t\t\t\t<\/div>\n\t\t","protected":false},"excerpt":{"rendered":"<p>H\u013eadali ste aj ako: bet\u00f3nov\u00e9 skru\u017ee, kanaliza\u010dn\u00e9 \u0161achty, bet\u00f3nov\u00e9 vodomern\u00e9 \u0161achty.. \u0160tandardn\u00e9 dno Bet\u00f3n alebo \u017eelezobet\u00f3n Vyroben\u00e9 modernou technol\u00f3giou samozhutnite\u013en\u00e9ho bet\u00f3nu (SCC) Priemery od DN 1000 mm do DN 3200 mm \u0160irok\u00fd rozsah v\u00fd\u0161ok V s\u00falade s PN-EN 1917, technick\u00fdm osved\u010den\u00edm alebo n\u00e1rodn\u00fdm technick\u00fdm pos\u00faden\u00edm, v z\u00e1vislosti od priemeru Monoliticky in\u0161talovan\u00e9 tesn\u00e9 prechody (napr. Witros, [&hellip;]<\/p>\n","protected":false},"author":1,"featured_media":0,"parent":0,"menu_order":0,"comment_status":"closed","ping_status":"closed","template":"","meta":{"footnotes":""},"class_list":["post-326","page","type-page","status-publish","hentry"],"yoast_head":"<!-- This site is optimized with the Yoast SEO plugin v27.4 - https:\/\/yoast.com\/product\/yoast-seo-wordpress\/ -->\n<title>Bet\u00f3nov\u00e9 \u0161achty, skru\u017ee a kanaliza\u010dn\u00e9 rie\u0161enia | ASKONY<\/title>\n<meta name=\"description\" content=\"Bet\u00f3nov\u00e9 skru\u017ee, kanaliza\u010dn\u00e9 \u0161achty, vodomern\u00e9 \u0161achty z modern\u00e9ho bet\u00f3nu. Vysok\u00e1 pevnos\u0165, mrazuvzdornos\u0165 a kvalita. Vyberte si z na\u0161ej \u0161irokej ponuky.\" \/>\n<meta name=\"robots\" content=\"index, follow, max-snippet:-1, max-image-preview:large, max-video-preview:-1\" \/>\n<link rel=\"canonical\" href=\"https:\/\/www.askony.sk\/de\/betonove-sachty\/\" \/>\n<meta property=\"og:locale\" content=\"de_DE\" \/>\n<meta property=\"og:type\" content=\"article\" \/>\n<meta property=\"og:title\" content=\"Bet\u00f3nov\u00e9 \u0161achty, skru\u017ee a kanaliza\u010dn\u00e9 rie\u0161enia | ASKONY\" \/>\n<meta property=\"og:description\" content=\"Bet\u00f3nov\u00e9 skru\u017ee, kanaliza\u010dn\u00e9 \u0161achty, vodomern\u00e9 \u0161achty z modern\u00e9ho bet\u00f3nu. Vysok\u00e1 pevnos\u0165, mrazuvzdornos\u0165 a kvalita. Vyberte si z na\u0161ej \u0161irokej ponuky.\" \/>\n<meta property=\"og:url\" content=\"https:\/\/www.askony.sk\/de\/betonove-sachty\/\" \/>\n<meta property=\"og:site_name\" content=\"ASKONY\" \/>\n<meta property=\"article:modified_time\" content=\"2023-08-24T11:37:52+00:00\" \/>\n<meta property=\"og:image\" content=\"https:\/\/www.askony.sk\/wp-content\/uploads\/2022\/12\/betonove-sachty_1.png\" \/>\n<meta name=\"twitter:card\" content=\"summary_large_image\" \/>\n<meta name=\"twitter:label1\" content=\"Gesch\u00e4tzte Lesezeit\" \/>\n\t<meta name=\"twitter:data1\" content=\"3\u00a0Minuten\" \/>\n<script type=\"application\/ld+json\" class=\"yoast-schema-graph\">{\"@context\":\"https:\\\/\\\/schema.org\",\"@graph\":[{\"@type\":\"WebPage\",\"@id\":\"https:\\\/\\\/www.askony.sk\\\/betonove-sachty\\\/\",\"url\":\"https:\\\/\\\/www.askony.sk\\\/betonove-sachty\\\/\",\"name\":\"Bet\u00f3nov\u00e9 \u0161achty, skru\u017ee a kanaliza\u010dn\u00e9 rie\u0161enia | ASKONY\",\"isPartOf\":{\"@id\":\"https:\\\/\\\/www.askony.sk\\\/#website\"},\"primaryImageOfPage\":{\"@id\":\"https:\\\/\\\/www.askony.sk\\\/betonove-sachty\\\/#primaryimage\"},\"image\":{\"@id\":\"https:\\\/\\\/www.askony.sk\\\/betonove-sachty\\\/#primaryimage\"},\"thumbnailUrl\":\"https:\\\/\\\/www.askony.sk\\\/wp-content\\\/uploads\\\/2022\\\/12\\\/betonove-sachty_1.png\",\"datePublished\":\"2022-11-18T01:27:56+00:00\",\"dateModified\":\"2023-08-24T11:37:52+00:00\",\"description\":\"Bet\u00f3nov\u00e9 skru\u017ee, kanaliza\u010dn\u00e9 \u0161achty, vodomern\u00e9 \u0161achty z modern\u00e9ho bet\u00f3nu. Vysok\u00e1 pevnos\u0165, mrazuvzdornos\u0165 a kvalita. Vyberte si z na\u0161ej \u0161irokej ponuky.\",\"breadcrumb\":{\"@id\":\"https:\\\/\\\/www.askony.sk\\\/betonove-sachty\\\/#breadcrumb\"},\"inLanguage\":\"de\",\"potentialAction\":[{\"@type\":\"ReadAction\",\"target\":[\"https:\\\/\\\/www.askony.sk\\\/betonove-sachty\\\/\"]}]},{\"@type\":\"ImageObject\",\"inLanguage\":\"de\",\"@id\":\"https:\\\/\\\/www.askony.sk\\\/betonove-sachty\\\/#primaryimage\",\"url\":\"https:\\\/\\\/www.askony.sk\\\/wp-content\\\/uploads\\\/2022\\\/12\\\/betonove-sachty_1.png\",\"contentUrl\":\"https:\\\/\\\/www.askony.sk\\\/wp-content\\\/uploads\\\/2022\\\/12\\\/betonove-sachty_1.png\"},{\"@type\":\"BreadcrumbList\",\"@id\":\"https:\\\/\\\/www.askony.sk\\\/betonove-sachty\\\/#breadcrumb\",\"itemListElement\":[{\"@type\":\"ListItem\",\"position\":1,\"name\":\"\u00davod\",\"item\":\"https:\\\/\\\/www.askony.sk\\\/\"},{\"@type\":\"ListItem\",\"position\":2,\"name\":\"Bet\u00f3nov\u00e9 \u0161achty\"}]},{\"@type\":\"WebSite\",\"@id\":\"https:\\\/\\\/www.askony.sk\\\/#website\",\"url\":\"https:\\\/\\\/www.askony.sk\\\/\",\"name\":\"ASKONY\",\"description\":\"Oce\u013eov\u00e9 r\u00fary v\u0161etk\u00fdch rozmerov a akost\u00ed\",\"publisher\":{\"@id\":\"https:\\\/\\\/www.askony.sk\\\/#organization\"},\"potentialAction\":[{\"@type\":\"SearchAction\",\"target\":{\"@type\":\"EntryPoint\",\"urlTemplate\":\"https:\\\/\\\/www.askony.sk\\\/?s={search_term_string}\"},\"query-input\":{\"@type\":\"PropertyValueSpecification\",\"valueRequired\":true,\"valueName\":\"search_term_string\"}}],\"inLanguage\":\"de\"},{\"@type\":\"Organization\",\"@id\":\"https:\\\/\\\/www.askony.sk\\\/#organization\",\"name\":\"ASKONY export \u2013 import, s. r. o.\",\"url\":\"https:\\\/\\\/www.askony.sk\\\/\",\"logo\":{\"@type\":\"ImageObject\",\"inLanguage\":\"de\",\"@id\":\"https:\\\/\\\/www.askony.sk\\\/#\\\/schema\\\/logo\\\/image\\\/\",\"url\":\"https:\\\/\\\/www.askony.sk\\\/wp-content\\\/uploads\\\/2022\\\/12\\\/askony_logo_white.jpg\",\"contentUrl\":\"https:\\\/\\\/www.askony.sk\\\/wp-content\\\/uploads\\\/2022\\\/12\\\/askony_logo_white.jpg\",\"width\":1080,\"height\":1080,\"caption\":\"ASKONY export \u2013 import, s. r. o.\"},\"image\":{\"@id\":\"https:\\\/\\\/www.askony.sk\\\/#\\\/schema\\\/logo\\\/image\\\/\"}}]}<\/script>\n<!-- \/ Yoast SEO plugin. -->","yoast_head_json":{"title":"Bet\u00f3nov\u00e9 \u0161achty, skru\u017ee a kanaliza\u010dn\u00e9 rie\u0161enia | ASKONY","description":"Bet\u00f3nov\u00e9 skru\u017ee, kanaliza\u010dn\u00e9 \u0161achty, vodomern\u00e9 \u0161achty z modern\u00e9ho bet\u00f3nu. Vysok\u00e1 pevnos\u0165, mrazuvzdornos\u0165 a kvalita. Vyberte si z na\u0161ej \u0161irokej ponuky.","robots":{"index":"index","follow":"follow","max-snippet":"max-snippet:-1","max-image-preview":"max-image-preview:large","max-video-preview":"max-video-preview:-1"},"canonical":"https:\/\/www.askony.sk\/de\/betonove-sachty\/","og_locale":"de_DE","og_type":"article","og_title":"Bet\u00f3nov\u00e9 \u0161achty, skru\u017ee a kanaliza\u010dn\u00e9 rie\u0161enia | ASKONY","og_description":"Bet\u00f3nov\u00e9 skru\u017ee, kanaliza\u010dn\u00e9 \u0161achty, vodomern\u00e9 \u0161achty z modern\u00e9ho bet\u00f3nu. Vysok\u00e1 pevnos\u0165, mrazuvzdornos\u0165 a kvalita. Vyberte si z na\u0161ej \u0161irokej ponuky.","og_url":"https:\/\/www.askony.sk\/de\/betonove-sachty\/","og_site_name":"ASKONY","article_modified_time":"2023-08-24T11:37:52+00:00","og_image":[{"url":"https:\/\/www.askony.sk\/wp-content\/uploads\/2022\/12\/betonove-sachty_1.png","type":"","width":"","height":""}],"twitter_card":"summary_large_image","twitter_misc":{"Gesch\u00e4tzte Lesezeit":"3\u00a0Minuten"},"schema":{"@context":"https:\/\/schema.org","@graph":[{"@type":"WebPage","@id":"https:\/\/www.askony.sk\/betonove-sachty\/","url":"https:\/\/www.askony.sk\/betonove-sachty\/","name":"Bet\u00f3nov\u00e9 \u0161achty, skru\u017ee a kanaliza\u010dn\u00e9 rie\u0161enia | ASKONY","isPartOf":{"@id":"https:\/\/www.askony.sk\/#website"},"primaryImageOfPage":{"@id":"https:\/\/www.askony.sk\/betonove-sachty\/#primaryimage"},"image":{"@id":"https:\/\/www.askony.sk\/betonove-sachty\/#primaryimage"},"thumbnailUrl":"https:\/\/www.askony.sk\/wp-content\/uploads\/2022\/12\/betonove-sachty_1.png","datePublished":"2022-11-18T01:27:56+00:00","dateModified":"2023-08-24T11:37:52+00:00","description":"Bet\u00f3nov\u00e9 skru\u017ee, kanaliza\u010dn\u00e9 \u0161achty, vodomern\u00e9 \u0161achty z modern\u00e9ho bet\u00f3nu. Vysok\u00e1 pevnos\u0165, mrazuvzdornos\u0165 a kvalita. Vyberte si z na\u0161ej \u0161irokej ponuky.","breadcrumb":{"@id":"https:\/\/www.askony.sk\/betonove-sachty\/#breadcrumb"},"inLanguage":"de","potentialAction":[{"@type":"ReadAction","target":["https:\/\/www.askony.sk\/betonove-sachty\/"]}]},{"@type":"ImageObject","inLanguage":"de","@id":"https:\/\/www.askony.sk\/betonove-sachty\/#primaryimage","url":"https:\/\/www.askony.sk\/wp-content\/uploads\/2022\/12\/betonove-sachty_1.png","contentUrl":"https:\/\/www.askony.sk\/wp-content\/uploads\/2022\/12\/betonove-sachty_1.png"},{"@type":"BreadcrumbList","@id":"https:\/\/www.askony.sk\/betonove-sachty\/#breadcrumb","itemListElement":[{"@type":"ListItem","position":1,"name":"\u00davod","item":"https:\/\/www.askony.sk\/"},{"@type":"ListItem","position":2,"name":"Bet\u00f3nov\u00e9 \u0161achty"}]},{"@type":"WebSite","@id":"https:\/\/www.askony.sk\/#website","url":"https:\/\/www.askony.sk\/","name":"ASKONY","description":"Stahlrohre aller Gr\u00f6\u00dfen und G\u00fcten","publisher":{"@id":"https:\/\/www.askony.sk\/#organization"},"potentialAction":[{"@type":"SearchAction","target":{"@type":"EntryPoint","urlTemplate":"https:\/\/www.askony.sk\/?s={search_term_string}"},"query-input":{"@type":"PropertyValueSpecification","valueRequired":true,"valueName":"search_term_string"}}],"inLanguage":"de"},{"@type":"Organization","@id":"https:\/\/www.askony.sk\/#organization","name":"ASKONY export \u2013 import, s. r. o.","url":"https:\/\/www.askony.sk\/","logo":{"@type":"ImageObject","inLanguage":"de","@id":"https:\/\/www.askony.sk\/#\/schema\/logo\/image\/","url":"https:\/\/www.askony.sk\/wp-content\/uploads\/2022\/12\/askony_logo_white.jpg","contentUrl":"https:\/\/www.askony.sk\/wp-content\/uploads\/2022\/12\/askony_logo_white.jpg","width":1080,"height":1080,"caption":"ASKONY export \u2013 import, s. r. o."},"image":{"@id":"https:\/\/www.askony.sk\/#\/schema\/logo\/image\/"}}]}},"_links":{"self":[{"href":"https:\/\/www.askony.sk\/de\/wp-json\/wp\/v2\/pages\/326","targetHints":{"allow":["GET"]}}],"collection":[{"href":"https:\/\/www.askony.sk\/de\/wp-json\/wp\/v2\/pages"}],"about":[{"href":"https:\/\/www.askony.sk\/de\/wp-json\/wp\/v2\/types\/page"}],"author":[{"embeddable":true,"href":"https:\/\/www.askony.sk\/de\/wp-json\/wp\/v2\/users\/1"}],"replies":[{"embeddable":true,"href":"https:\/\/www.askony.sk\/de\/wp-json\/wp\/v2\/comments?post=326"}],"version-history":[{"count":6,"href":"https:\/\/www.askony.sk\/de\/wp-json\/wp\/v2\/pages\/326\/revisions"}],"predecessor-version":[{"id":1163,"href":"https:\/\/www.askony.sk\/de\/wp-json\/wp\/v2\/pages\/326\/revisions\/1163"}],"wp:attachment":[{"href":"https:\/\/www.askony.sk\/de\/wp-json\/wp\/v2\/media?parent=326"}],"curies":[{"name":"wp","href":"https:\/\/api.w.org\/{rel}","templated":true}]}}