{"id":322,"date":"2022-11-18T02:27:38","date_gmt":"2022-11-18T01:27:38","guid":{"rendered":"https:\/\/www.askony.sk\/?page_id=322"},"modified":"2023-06-16T14:07:02","modified_gmt":"2023-06-16T12:07:02","slug":"rury-zelezobetonove-na-pretlacanie","status":"publish","type":"page","link":"https:\/\/www.askony.sk\/de\/rury-zelezobetonove-na-pretlacanie\/","title":{"rendered":"Stahlbetonrohre zur Extrusion"},"content":{"rendered":"<div data-elementor-type=\"wp-page\" data-elementor-id=\"322\" class=\"elementor elementor-322\" data-elementor-post-type=\"page\">\n\t\t\t\t\t\t<section class=\"elementor-section elementor-top-section elementor-element elementor-element-24f3efb elementor-section-height-min-height elementor-section-stretched elementor-section-boxed elementor-section-height-default elementor-section-items-middle\" data-id=\"24f3efb\" data-element_type=\"section\" data-e-type=\"section\" data-settings=\"{&quot;stretch_section&quot;:&quot;section-stretched&quot;}\">\n\t\t\t\t\t\t<div class=\"elementor-container elementor-column-gap-default\">\n\t\t\t\t\t<div class=\"elementor-column elementor-col-100 elementor-top-column elementor-element elementor-element-019dadd\" data-id=\"019dadd\" data-element_type=\"column\" data-e-type=\"column\">\n\t\t\t<div class=\"elementor-widget-wrap elementor-element-populated\">\n\t\t\t\t\t\t<section class=\"elementor-section elementor-inner-section elementor-element elementor-element-bc80376 elementor-section-boxed elementor-section-height-default elementor-section-height-default\" data-id=\"bc80376\" data-element_type=\"section\" data-e-type=\"section\" data-settings=\"{&quot;background_background&quot;:&quot;classic&quot;}\">\n\t\t\t\t\t\t<div class=\"elementor-container elementor-column-gap-default\">\n\t\t\t\t\t<div class=\"elementor-column elementor-col-100 elementor-inner-column elementor-element elementor-element-9ed87a1\" data-id=\"9ed87a1\" data-element_type=\"column\" data-e-type=\"column\">\n\t\t\t<div class=\"elementor-widget-wrap elementor-element-populated\">\n\t\t\t\t\t\t<div class=\"elementor-element elementor-element-d33b121 list-askony elementor-widget elementor-widget-text-editor\" data-id=\"d33b121\" data-element_type=\"widget\" data-e-type=\"widget\" data-widget_type=\"text-editor.default\">\n\t\t\t\t<div class=\"elementor-widget-container\">\n\t\t\t\t\t\t\t\t\t<p>Wenn Sie Stahlbetonrohre f\u00fcr Kanalisationen, Stra\u00dfenentw\u00e4sserung, Stra\u00dfendurchl\u00e4sse oder Tier\u00fcberg\u00e4nge suchen, haben wir die ideale L\u00f6sung f\u00fcr Sie. Unsere Stahlbetonrohre sind stabil, frostbest\u00e4ndig, wasserdicht und resistent gegen chemische Einfl\u00fcsse. Unsere Rohre sind:<\/p><ul><li>- Verbunden mit SBR-Keildichtungen oder Dichtungen mit erh\u00f6hter Best\u00e4ndigkeit aus NBR oder anderen Materialien.<\/li><li>- Durchmesser von DN 500 mm bis DN 3600 mm.<\/li><li>Gem\u00e4\u00df PN-EN 1916, technisches Zertifikat oder nationale technische Bewertung, je nach Durchmesser und Anwendung.<\/li><li>- Wasserh\u00e4rtegrad F150<\/li><li>- Grad der Frostbest\u00e4ndigkeit in NaCl-L\u00f6sung F50<\/li><li>- Wasserundurchl\u00e4ssigkeitsklasse W12 f\u00fcr Beton<\/li><li>- Betonfestigkeitsklasse min. C40\/50 (z. B. C70\/85; C90\/105)<\/li><li>- Expositionsklasse des Betons min. XC4, XD3, XF1, XA1, XM3 (oder h\u00f6her, je nach Bestellung).<\/li><li>- M\u00f6glichkeit des zus\u00e4tzlichen Schutzes des Rohrinneren mit PEHD-Auskleidung zur Erh\u00f6hung der Best\u00e4ndigkeit gegen chemische Einfl\u00fcsse.<\/li><\/ul>\t\t\t\t\t\t\t\t<\/div>\n\t\t\t\t<\/div>\n\t\t\t\t\t<\/div>\n\t\t<\/div>\n\t\t\t\t\t<\/div>\n\t\t<\/section>\n\t\t\t\t<section class=\"elementor-section elementor-inner-section elementor-element elementor-element-5950188 elementor-section-boxed elementor-section-height-default elementor-section-height-default\" data-id=\"5950188\" data-element_type=\"section\" data-e-type=\"section\" data-settings=\"{&quot;background_background&quot;:&quot;classic&quot;}\">\n\t\t\t\t\t\t<div class=\"elementor-container elementor-column-gap-default\">\n\t\t\t\t\t<div class=\"elementor-column elementor-col-50 elementor-inner-column elementor-element elementor-element-207661b\" data-id=\"207661b\" data-element_type=\"column\" data-e-type=\"column\">\n\t\t\t<div class=\"elementor-widget-wrap elementor-element-populated\">\n\t\t\t\t\t\t<div class=\"elementor-element elementor-element-507c979 elementor-widget elementor-widget-heading\" data-id=\"507c979\" data-element_type=\"widget\" data-e-type=\"widget\" data-widget_type=\"heading.default\">\n\t\t\t\t<div class=\"elementor-widget-container\">\n\t\t\t\t\t<h2 class=\"elementor-heading-title elementor-size-default\">Bedingungen:<\/h2>\t\t\t\t<\/div>\n\t\t\t\t<\/div>\n\t\t\t\t<div class=\"elementor-element elementor-element-9b42f81 list-askony elementor-widget elementor-widget-text-editor\" data-id=\"9b42f81\" data-element_type=\"widget\" data-e-type=\"widget\" data-widget_type=\"text-editor.default\">\n\t\t\t\t<div class=\"elementor-widget-container\">\n\t\t\t\t\t\t\t\t\t<ul><li>- Statische und Festigkeitsberechnungen nach ATV A161, einschlie\u00dflich ATV 121<\/li><li>- Kommunikationslasten SLW60<\/li><li>- Bodentypen: G1-G4<\/li><li>- Tiefe bis zu 10 m unter der Erdoberfl\u00e4che (Druckleitungen k\u00f6nnen unterhalb der angegebenen Tiefe des Kollektors verlegt werden, nachdem die erforderlichen statischen und Festigkeitspr\u00fcfungen durchgef\u00fchrt wurden)<\/li><li>- M\u00f6glichkeit der Erweiterung der \u00dcberdruckstrecken mit Zwischenstationen nach individuellen Kundenw\u00fcnschen<\/li><\/ul>\t\t\t\t\t\t\t\t<\/div>\n\t\t\t\t<\/div>\n\t\t\t\t\t<\/div>\n\t\t<\/div>\n\t\t\t\t<div class=\"elementor-column elementor-col-50 elementor-inner-column elementor-element elementor-element-e6f513d\" data-id=\"e6f513d\" data-element_type=\"column\" data-e-type=\"column\">\n\t\t\t<div class=\"elementor-widget-wrap elementor-element-populated\">\n\t\t\t\t\t\t<div class=\"elementor-element elementor-element-8f4940d elementor-widget elementor-widget-heading\" data-id=\"8f4940d\" data-element_type=\"widget\" data-e-type=\"widget\" data-widget_type=\"heading.default\">\n\t\t\t\t<div class=\"elementor-widget-container\">\n\t\t\t\t\t<h2 class=\"elementor-heading-title elementor-size-default\">Anwendung:<\/h2>\t\t\t\t<\/div>\n\t\t\t\t<\/div>\n\t\t\t\t<div class=\"elementor-element elementor-element-1c0b9ab list-askony elementor-widget elementor-widget-text-editor\" data-id=\"1c0b9ab\" data-element_type=\"widget\" data-e-type=\"widget\" data-widget_type=\"text-editor.default\">\n\t\t\t\t<div class=\"elementor-widget-container\">\n\t\t\t\t\t\t\t\t\t<ul><li>- Kanalisationsnetze f\u00fcr Abw\u00e4sser, Regenwasser und Oberfl\u00e4chenwasser<\/li><li>- Entw\u00e4sserung von Stra\u00dfen, Verkehrswegen, unterirdischen Bauelementen<\/li><li>- Stra\u00dfenrohrdurchl\u00e4sse in der Kommunikationstechnik<\/li><li>- Tier\u00fcberg\u00e4nge<\/li><\/ul>\t\t\t\t\t\t\t\t<\/div>\n\t\t\t\t<\/div>\n\t\t\t\t\t<\/div>\n\t\t<\/div>\n\t\t\t\t\t<\/div>\n\t\t<\/section>\n\t\t\t\t\t<\/div>\n\t\t<\/div>\n\t\t\t\t\t<\/div>\n\t\t<\/section>\n\t\t\t\t<section class=\"elementor-section elementor-top-section elementor-element elementor-element-711f151 elementor-section-stretched elementor-section-boxed elementor-section-height-default elementor-section-height-default\" data-id=\"711f151\" data-element_type=\"section\" data-e-type=\"section\" data-settings=\"{&quot;stretch_section&quot;:&quot;section-stretched&quot;,&quot;background_background&quot;:&quot;classic&quot;}\">\n\t\t\t\t\t\t<div class=\"elementor-container elementor-column-gap-default\">\n\t\t\t\t\t<div class=\"elementor-column elementor-col-100 elementor-top-column elementor-element elementor-element-3a5a3ea\" data-id=\"3a5a3ea\" data-element_type=\"column\" data-e-type=\"column\">\n\t\t\t<div class=\"elementor-widget-wrap elementor-element-populated\">\n\t\t\t\t\t\t<div class=\"elementor-element elementor-element-658b8b2 elementor-widget elementor-widget-text-editor\" data-id=\"658b8b2\" data-element_type=\"widget\" data-e-type=\"widget\" data-widget_type=\"text-editor.default\">\n\t\t\t\t<div class=\"elementor-widget-container\">\n\t\t\t\t\t\t\t\t\t<table cellspacing=\"0\" cellpadding=\"0\">\n<tbody>\n<tr>\n<td valign=\"bottom\">\n<p><b>Innere Dimension<br \/>DN=d1<br \/>mm<\/b><\/p>\n<\/td>\n<td valign=\"bottom\">\n<p><b>\u00c4ussere Abmessung<br \/>von max<br \/>mm<\/b><\/p>\n<\/td>\n<td valign=\"bottom\">\n<p><b>Wandst\u00e4rke<br \/>t<br \/>mm<\/b><\/p>\n<\/td>\n<td valign=\"bottom\">\n<p><b>L\u00e4nge<br \/>L<br \/>mm<\/b><\/p>\n<\/td>\n<td valign=\"bottom\">\n<p><b>Gewicht<br \/>G<br \/>kg\/St\u00fcck<\/b><\/p>\n<\/td>\n<td valign=\"bottom\">\n<p><b>Dimension Manschette<br \/>t1<br \/>mm<\/b><\/p>\n<\/td>\n<td valign=\"bottom\">\n<p><b>Maximale Extrusionskraft<br \/>nach EN 1916<br \/>MN<\/b><\/p>\n<\/td>\n<\/tr>\n<tr>\n<td valign=\"bottom\">\n<p>500<\/p>\n<\/td>\n<td valign=\"bottom\">\n<p>660<\/p>\n<\/td>\n<td valign=\"bottom\">\n<p>80<\/p>\n<\/td>\n<td valign=\"bottom\">\n<p>1990<\/p>\n<\/td>\n<td valign=\"bottom\">\n<p>730<\/p>\n<\/td>\n<td valign=\"bottom\">\n<p>180 x 6<\/p>\n<\/td>\n<td valign=\"bottom\">\n<p>1,078<\/p>\n<\/td>\n<\/tr>\n<tr>\n<td valign=\"bottom\">\n<p>600<\/p>\n<\/td>\n<td valign=\"bottom\">\n<p>766<\/p>\n<\/td>\n<td valign=\"bottom\">\n<p>82,5<\/p>\n<\/td>\n<td valign=\"bottom\">\n<p>1990<\/p>\n<\/td>\n<td valign=\"bottom\">\n<p>880<\/p>\n<\/td>\n<td valign=\"bottom\">\n<p>180 x 6<\/p>\n<\/td>\n<td valign=\"bottom\">\n<p>1,269<\/p>\n<\/td>\n<\/tr>\n<tr>\n<td valign=\"bottom\">\n<p>800<\/p>\n<\/td>\n<td valign=\"bottom\">\n<p>966<\/p>\n<\/td>\n<td valign=\"bottom\">\n<p>82,5<\/p>\n<\/td>\n<td valign=\"bottom\">\n<p>1990<\/p>\n<\/td>\n<td valign=\"bottom\">\n<p>1140<\/p>\n<\/td>\n<td valign=\"bottom\">\n<p>180 x 6<\/p>\n<\/td>\n<td valign=\"bottom\">\n<p>1,651<\/p>\n<\/td>\n<\/tr>\n<tr>\n<td valign=\"bottom\">\n<p>1000<\/p>\n<\/td>\n<td valign=\"bottom\">\n<p>1280<\/p>\n<\/td>\n<td valign=\"bottom\">\n<p>140<\/p>\n<\/td>\n<td valign=\"bottom\">\n<p>3000<\/p>\n<\/td>\n<td valign=\"bottom\">\n<p>3760<\/p>\n<\/td>\n<td valign=\"bottom\">\n<p>200 x 8<\/p>\n<\/td>\n<td valign=\"bottom\">\n<p>3,573<\/p>\n<\/td>\n<\/tr>\n<tr>\n<td valign=\"bottom\">\n<p>1200<\/p>\n<\/td>\n<td valign=\"bottom\">\n<p>1490<\/p>\n<\/td>\n<td valign=\"bottom\">\n<p>145<\/p>\n<\/td>\n<td valign=\"bottom\">\n<p>3000<\/p>\n<\/td>\n<td valign=\"bottom\">\n<p>4600<\/p>\n<\/td>\n<td valign=\"bottom\">\n<p>200 x 8<\/p>\n<\/td>\n<td valign=\"bottom\">\n<p>4,479<\/p>\n<\/td>\n<\/tr>\n<tr>\n<td valign=\"bottom\">\n<p>1400<\/p>\n<\/td>\n<td valign=\"bottom\">\n<p>1720<\/p>\n<\/td>\n<td valign=\"bottom\">\n<p>160<\/p>\n<\/td>\n<td valign=\"bottom\">\n<p>3000<\/p>\n<\/td>\n<td valign=\"bottom\">\n<p>5880<\/p>\n<\/td>\n<td valign=\"bottom\">\n<p>200 x 8<\/p>\n<\/td>\n<td valign=\"bottom\">\n<p>6,076<\/p>\n<\/td>\n<\/tr>\n<tr>\n<td valign=\"bottom\">\n<p>1600<\/p>\n<\/td>\n<td valign=\"bottom\">\n<p>1940<\/p>\n<\/td>\n<td valign=\"bottom\">\n<p>170<\/p>\n<\/td>\n<td valign=\"bottom\">\n<p>3000<\/p>\n<\/td>\n<td valign=\"bottom\">\n<p>7090<\/p>\n<\/td>\n<td valign=\"bottom\">\n<p>200 x 10<\/p>\n<\/td>\n<td valign=\"bottom\">\n<p>7,425<\/p>\n<\/td>\n<\/tr>\n<tr>\n<td valign=\"bottom\">\n<p>1800<\/p>\n<\/td>\n<td valign=\"bottom\">\n<p>2160<\/p>\n<\/td>\n<td valign=\"bottom\">\n<p>180<\/p>\n<\/td>\n<td valign=\"bottom\">\n<p>3000<\/p>\n<\/td>\n<td valign=\"bottom\">\n<p>8400<\/p>\n<\/td>\n<td valign=\"bottom\">\n<p>220 x 10<\/p>\n<\/td>\n<td valign=\"bottom\">\n<p>9,056<\/p>\n<\/td>\n<\/tr>\n<tr>\n<td valign=\"bottom\">\n<p>2000<\/p>\n<\/td>\n<td valign=\"bottom\">\n<p>2400<\/p>\n<\/td>\n<td valign=\"bottom\">\n<p>200<\/p>\n<\/td>\n<td valign=\"bottom\">\n<p>3000<\/p>\n<\/td>\n<td valign=\"bottom\">\n<p>10370<\/p>\n<\/td>\n<td valign=\"bottom\">\n<p>200 x 10<\/p>\n<\/td>\n<td valign=\"bottom\">\n<p>11,714<\/p>\n<\/td>\n<\/tr>\n<tr>\n<td valign=\"bottom\">\n<p>2200-3600<\/p>\n<\/td>\n<td colspan=\"6\" valign=\"bottom\">\n<p>2900     auf Anfrage erh\u00e4ltlich<\/p>\n<\/td>\n<\/tr>\n<\/tbody>\n<\/table>\t\t\t\t\t\t\t\t<\/div>\n\t\t\t\t<\/div>\n\t\t\t\t<div class=\"elementor-element elementor-element-cf4a512 elementor-widget elementor-widget-gallery\" data-id=\"cf4a512\" data-element_type=\"widget\" data-e-type=\"widget\" data-settings=\"{&quot;columns_mobile&quot;:2,&quot;lazyload&quot;:&quot;yes&quot;,&quot;gallery_layout&quot;:&quot;grid&quot;,&quot;columns&quot;:4,&quot;columns_tablet&quot;:2,&quot;gap&quot;:{&quot;unit&quot;:&quot;px&quot;,&quot;size&quot;:10,&quot;sizes&quot;:[]},&quot;gap_tablet&quot;:{&quot;unit&quot;:&quot;px&quot;,&quot;size&quot;:10,&quot;sizes&quot;:[]},&quot;gap_mobile&quot;:{&quot;unit&quot;:&quot;px&quot;,&quot;size&quot;:10,&quot;sizes&quot;:[]},&quot;link_to&quot;:&quot;file&quot;,&quot;aspect_ratio&quot;:&quot;3:2&quot;,&quot;overlay_background&quot;:&quot;yes&quot;,&quot;content_hover_animation&quot;:&quot;fade-in&quot;}\" data-widget_type=\"gallery.default\">\n\t\t\t\t<div class=\"elementor-widget-container\">\n\t\t\t\t\t\t\t<div class=\"elementor-gallery__container\">\n\t\t\t\t\t\t\t<a class=\"e-gallery-item elementor-gallery-item elementor-animated-content\" href=\"https:\/\/www.askony.sk\/wp-content\/uploads\/2022\/12\/pretlacacie_1.jpeg\" data-elementor-open-lightbox=\"yes\" data-elementor-lightbox-slideshow=\"cf4a512\" data-e-action-hash=\"#elementor-action%3Aaction%3Dlightbox%26settings%3DeyJpZCI6ODI0LCJ1cmwiOiJodHRwczpcL1wvd3d3LmFza29ueS5za1wvd3AtY29udGVudFwvdXBsb2Fkc1wvMjAyMlwvMTJcL3ByZXRsYWNhY2llXzEuanBlZyIsInNsaWRlc2hvdyI6ImNmNGE1MTIifQ%3D%3D\">\n\t\t\t\t\t<div class=\"e-gallery-image elementor-gallery-item__image\" data-thumbnail=\"https:\/\/www.askony.sk\/wp-content\/uploads\/2022\/12\/pretlacacie_1.jpeg\" data-width=\"300\" data-height=\"246\" aria-label=\"\" role=\"img\" ><\/div>\n\t\t\t\t\t\t\t\t\t\t\t<div class=\"elementor-gallery-item__overlay\"><\/div>\n\t\t\t\t\t\t\t\t\t\t\t\t\t\t<\/a>\n\t\t\t\t\t\t\t<a class=\"e-gallery-item elementor-gallery-item elementor-animated-content\" href=\"https:\/\/www.askony.sk\/wp-content\/uploads\/2022\/12\/pretlacacie_2.png\" data-elementor-open-lightbox=\"yes\" data-elementor-lightbox-slideshow=\"cf4a512\" data-e-action-hash=\"#elementor-action%3Aaction%3Dlightbox%26settings%3DeyJpZCI6ODI1LCJ1cmwiOiJodHRwczpcL1wvd3d3LmFza29ueS5za1wvd3AtY29udGVudFwvdXBsb2Fkc1wvMjAyMlwvMTJcL3ByZXRsYWNhY2llXzIucG5nIiwic2xpZGVzaG93IjoiY2Y0YTUxMiJ9\">\n\t\t\t\t\t<div class=\"e-gallery-image elementor-gallery-item__image\" data-thumbnail=\"https:\/\/www.askony.sk\/wp-content\/uploads\/2022\/12\/pretlacacie_2.png\" data-width=\"1056\" data-height=\"601\" aria-label=\"\" role=\"img\" ><\/div>\n\t\t\t\t\t\t\t\t\t\t\t<div class=\"elementor-gallery-item__overlay\"><\/div>\n\t\t\t\t\t\t\t\t\t\t\t\t\t\t<\/a>\n\t\t\t\t\t\t\t<a class=\"e-gallery-item elementor-gallery-item elementor-animated-content\" href=\"https:\/\/www.askony.sk\/wp-content\/uploads\/2022\/12\/pretlacacie_3.png\" data-elementor-open-lightbox=\"yes\" data-elementor-lightbox-slideshow=\"cf4a512\" data-e-action-hash=\"#elementor-action%3Aaction%3Dlightbox%26settings%3DeyJpZCI6ODI2LCJ1cmwiOiJodHRwczpcL1wvd3d3LmFza29ueS5za1wvd3AtY29udGVudFwvdXBsb2Fkc1wvMjAyMlwvMTJcL3ByZXRsYWNhY2llXzMucG5nIiwic2xpZGVzaG93IjoiY2Y0YTUxMiJ9\">\n\t\t\t\t\t<div class=\"e-gallery-image elementor-gallery-item__image\" data-thumbnail=\"https:\/\/www.askony.sk\/wp-content\/uploads\/2022\/12\/pretlacacie_3.png\" data-width=\"953\" data-height=\"449\" aria-label=\"\" role=\"img\" ><\/div>\n\t\t\t\t\t\t\t\t\t\t\t<div class=\"elementor-gallery-item__overlay\"><\/div>\n\t\t\t\t\t\t\t\t\t\t\t\t\t\t<\/a>\n\t\t\t\t\t\t\t<a class=\"e-gallery-item elementor-gallery-item elementor-animated-content\" href=\"https:\/\/www.askony.sk\/wp-content\/uploads\/2022\/12\/pretlacacie_4.png\" data-elementor-open-lightbox=\"yes\" data-elementor-lightbox-slideshow=\"cf4a512\" data-e-action-hash=\"#elementor-action%3Aaction%3Dlightbox%26settings%3DeyJpZCI6ODI3LCJ1cmwiOiJodHRwczpcL1wvd3d3LmFza29ueS5za1wvd3AtY29udGVudFwvdXBsb2Fkc1wvMjAyMlwvMTJcL3ByZXRsYWNhY2llXzQucG5nIiwic2xpZGVzaG93IjoiY2Y0YTUxMiJ9\">\n\t\t\t\t\t<div class=\"e-gallery-image elementor-gallery-item__image\" data-thumbnail=\"https:\/\/www.askony.sk\/wp-content\/uploads\/2022\/12\/pretlacacie_4.png\" data-width=\"821\" data-height=\"591\" aria-label=\"\" role=\"img\" ><\/div>\n\t\t\t\t\t\t\t\t\t\t\t<div class=\"elementor-gallery-item__overlay\"><\/div>\n\t\t\t\t\t\t\t\t\t\t\t\t\t\t<\/a>\n\t\t\t\t\t<\/div>\n\t\t\t\t\t<\/div>\n\t\t\t\t<\/div>\n\t\t\t\t\t<\/div>\n\t\t<\/div>\n\t\t\t\t\t<\/div>\n\t\t<\/section>\n\t\t\t\t<\/div>","protected":false},"excerpt":{"rendered":"<p>Ak h\u013ead\u00e1te \u017eelezobet\u00f3nov\u00e9 r\u00fary na pretl\u00e1\u010danie pre kanaliza\u010dn\u00e9 siete, odvodnenie komunik\u00e1ci\u00ed, cestn\u00e9 priepusty alebo prechody zvierat, m\u00e1me pre v\u00e1s ide\u00e1lne rie\u0161enie. Na\u0161e \u017eelezobet\u00f3nov\u00e9 r\u00fary s\u00fa pevn\u00e9, mrazuvzdorn\u00e9, vodotesn\u00e9 a odoln\u00e9 vo\u010di chemick\u00fdm vplyvom. Na\u0161e r\u00fary s\u00fa: Sp\u00e1jan\u00e9 klinov\u00fdm tesnen\u00edm SBR alebo tesnen\u00edm so zv\u00fd\u0161enou odolnos\u0165ou z materi\u00e1lov typu NBR alebo pod\u013ea in\u00fdch po\u017eiadaviek z\u00e1kazn\u00edka Priemery [&hellip;]<\/p>\n","protected":false},"author":1,"featured_media":0,"parent":0,"menu_order":0,"comment_status":"closed","ping_status":"closed","template":"","meta":{"footnotes":""},"class_list":["post-322","page","type-page","status-publish","hentry"],"yoast_head":"<!-- This site is optimized with the Yoast SEO plugin v27.4 - https:\/\/yoast.com\/product\/yoast-seo-wordpress\/ -->\n<title>R\u00fary \u017eelezobet\u00f3nov\u00e9 na pretl\u00e1\u010danie | ASKONY<\/title>\n<meta name=\"description\" content=\"Odoln\u00e9 \u017eelezobet\u00f3nov\u00e9 r\u00fary na pretl\u00e1\u010danie pre odpadov\u00e9 a kanaliza\u010dn\u00e9 siete, cestn\u00e9 priepusty a prechody zvierat. Vsa\u010fte s nami na spo\u013eahliv\u00e9 rie\u0161enia.\" \/>\n<meta name=\"robots\" content=\"index, follow, max-snippet:-1, max-image-preview:large, max-video-preview:-1\" \/>\n<link rel=\"canonical\" href=\"https:\/\/www.askony.sk\/de\/rury-zelezobetonove-na-pretlacanie\/\" \/>\n<meta property=\"og:locale\" content=\"de_DE\" \/>\n<meta property=\"og:type\" content=\"article\" \/>\n<meta property=\"og:title\" content=\"R\u00fary \u017eelezobet\u00f3nov\u00e9 na pretl\u00e1\u010danie | ASKONY\" \/>\n<meta property=\"og:description\" content=\"Odoln\u00e9 \u017eelezobet\u00f3nov\u00e9 r\u00fary na pretl\u00e1\u010danie pre odpadov\u00e9 a kanaliza\u010dn\u00e9 siete, cestn\u00e9 priepusty a prechody zvierat. Vsa\u010fte s nami na spo\u013eahliv\u00e9 rie\u0161enia.\" \/>\n<meta property=\"og:url\" content=\"https:\/\/www.askony.sk\/de\/rury-zelezobetonove-na-pretlacanie\/\" \/>\n<meta property=\"og:site_name\" content=\"ASKONY\" \/>\n<meta property=\"article:modified_time\" content=\"2023-06-16T12:07:02+00:00\" \/>\n<meta name=\"twitter:card\" content=\"summary_large_image\" \/>\n<meta name=\"twitter:label1\" content=\"Gesch\u00e4tzte Lesezeit\" \/>\n\t<meta name=\"twitter:data1\" content=\"2\u00a0Minuten\" \/>\n<script type=\"application\/ld+json\" class=\"yoast-schema-graph\">{\"@context\":\"https:\\\/\\\/schema.org\",\"@graph\":[{\"@type\":\"WebPage\",\"@id\":\"https:\\\/\\\/www.askony.sk\\\/rury-zelezobetonove-na-pretlacanie\\\/\",\"url\":\"https:\\\/\\\/www.askony.sk\\\/rury-zelezobetonove-na-pretlacanie\\\/\",\"name\":\"R\u00fary \u017eelezobet\u00f3nov\u00e9 na pretl\u00e1\u010danie | ASKONY\",\"isPartOf\":{\"@id\":\"https:\\\/\\\/www.askony.sk\\\/#website\"},\"datePublished\":\"2022-11-18T01:27:38+00:00\",\"dateModified\":\"2023-06-16T12:07:02+00:00\",\"description\":\"Odoln\u00e9 \u017eelezobet\u00f3nov\u00e9 r\u00fary na pretl\u00e1\u010danie pre odpadov\u00e9 a kanaliza\u010dn\u00e9 siete, cestn\u00e9 priepusty a prechody zvierat. Vsa\u010fte s nami na spo\u013eahliv\u00e9 rie\u0161enia.\",\"breadcrumb\":{\"@id\":\"https:\\\/\\\/www.askony.sk\\\/rury-zelezobetonove-na-pretlacanie\\\/#breadcrumb\"},\"inLanguage\":\"de\",\"potentialAction\":[{\"@type\":\"ReadAction\",\"target\":[\"https:\\\/\\\/www.askony.sk\\\/rury-zelezobetonove-na-pretlacanie\\\/\"]}]},{\"@type\":\"BreadcrumbList\",\"@id\":\"https:\\\/\\\/www.askony.sk\\\/rury-zelezobetonove-na-pretlacanie\\\/#breadcrumb\",\"itemListElement\":[{\"@type\":\"ListItem\",\"position\":1,\"name\":\"\u00davod\",\"item\":\"https:\\\/\\\/www.askony.sk\\\/\"},{\"@type\":\"ListItem\",\"position\":2,\"name\":\"R\u00fary \u017eelezobet\u00f3nov\u00e9 na pretl\u00e1\u010danie\"}]},{\"@type\":\"WebSite\",\"@id\":\"https:\\\/\\\/www.askony.sk\\\/#website\",\"url\":\"https:\\\/\\\/www.askony.sk\\\/\",\"name\":\"ASKONY\",\"description\":\"Oce\u013eov\u00e9 r\u00fary v\u0161etk\u00fdch rozmerov a akost\u00ed\",\"publisher\":{\"@id\":\"https:\\\/\\\/www.askony.sk\\\/#organization\"},\"potentialAction\":[{\"@type\":\"SearchAction\",\"target\":{\"@type\":\"EntryPoint\",\"urlTemplate\":\"https:\\\/\\\/www.askony.sk\\\/?s={search_term_string}\"},\"query-input\":{\"@type\":\"PropertyValueSpecification\",\"valueRequired\":true,\"valueName\":\"search_term_string\"}}],\"inLanguage\":\"de\"},{\"@type\":\"Organization\",\"@id\":\"https:\\\/\\\/www.askony.sk\\\/#organization\",\"name\":\"ASKONY export \u2013 import, s. r. o.\",\"url\":\"https:\\\/\\\/www.askony.sk\\\/\",\"logo\":{\"@type\":\"ImageObject\",\"inLanguage\":\"de\",\"@id\":\"https:\\\/\\\/www.askony.sk\\\/#\\\/schema\\\/logo\\\/image\\\/\",\"url\":\"https:\\\/\\\/www.askony.sk\\\/wp-content\\\/uploads\\\/2022\\\/12\\\/askony_logo_white.jpg\",\"contentUrl\":\"https:\\\/\\\/www.askony.sk\\\/wp-content\\\/uploads\\\/2022\\\/12\\\/askony_logo_white.jpg\",\"width\":1080,\"height\":1080,\"caption\":\"ASKONY export \u2013 import, s. r. o.\"},\"image\":{\"@id\":\"https:\\\/\\\/www.askony.sk\\\/#\\\/schema\\\/logo\\\/image\\\/\"}}]}<\/script>\n<!-- \/ Yoast SEO plugin. -->","yoast_head_json":{"title":"R\u00fary \u017eelezobet\u00f3nov\u00e9 na pretl\u00e1\u010danie | ASKONY","description":"Odoln\u00e9 \u017eelezobet\u00f3nov\u00e9 r\u00fary na pretl\u00e1\u010danie pre odpadov\u00e9 a kanaliza\u010dn\u00e9 siete, cestn\u00e9 priepusty a prechody zvierat. Vsa\u010fte s nami na spo\u013eahliv\u00e9 rie\u0161enia.","robots":{"index":"index","follow":"follow","max-snippet":"max-snippet:-1","max-image-preview":"max-image-preview:large","max-video-preview":"max-video-preview:-1"},"canonical":"https:\/\/www.askony.sk\/de\/rury-zelezobetonove-na-pretlacanie\/","og_locale":"de_DE","og_type":"article","og_title":"R\u00fary \u017eelezobet\u00f3nov\u00e9 na pretl\u00e1\u010danie | ASKONY","og_description":"Odoln\u00e9 \u017eelezobet\u00f3nov\u00e9 r\u00fary na pretl\u00e1\u010danie pre odpadov\u00e9 a kanaliza\u010dn\u00e9 siete, cestn\u00e9 priepusty a prechody zvierat. Vsa\u010fte s nami na spo\u013eahliv\u00e9 rie\u0161enia.","og_url":"https:\/\/www.askony.sk\/de\/rury-zelezobetonove-na-pretlacanie\/","og_site_name":"ASKONY","article_modified_time":"2023-06-16T12:07:02+00:00","twitter_card":"summary_large_image","twitter_misc":{"Gesch\u00e4tzte Lesezeit":"2\u00a0Minuten"},"schema":{"@context":"https:\/\/schema.org","@graph":[{"@type":"WebPage","@id":"https:\/\/www.askony.sk\/rury-zelezobetonove-na-pretlacanie\/","url":"https:\/\/www.askony.sk\/rury-zelezobetonove-na-pretlacanie\/","name":"R\u00fary \u017eelezobet\u00f3nov\u00e9 na pretl\u00e1\u010danie | ASKONY","isPartOf":{"@id":"https:\/\/www.askony.sk\/#website"},"datePublished":"2022-11-18T01:27:38+00:00","dateModified":"2023-06-16T12:07:02+00:00","description":"Odoln\u00e9 \u017eelezobet\u00f3nov\u00e9 r\u00fary na pretl\u00e1\u010danie pre odpadov\u00e9 a kanaliza\u010dn\u00e9 siete, cestn\u00e9 priepusty a prechody zvierat. Vsa\u010fte s nami na spo\u013eahliv\u00e9 rie\u0161enia.","breadcrumb":{"@id":"https:\/\/www.askony.sk\/rury-zelezobetonove-na-pretlacanie\/#breadcrumb"},"inLanguage":"de","potentialAction":[{"@type":"ReadAction","target":["https:\/\/www.askony.sk\/rury-zelezobetonove-na-pretlacanie\/"]}]},{"@type":"BreadcrumbList","@id":"https:\/\/www.askony.sk\/rury-zelezobetonove-na-pretlacanie\/#breadcrumb","itemListElement":[{"@type":"ListItem","position":1,"name":"\u00davod","item":"https:\/\/www.askony.sk\/"},{"@type":"ListItem","position":2,"name":"R\u00fary \u017eelezobet\u00f3nov\u00e9 na pretl\u00e1\u010danie"}]},{"@type":"WebSite","@id":"https:\/\/www.askony.sk\/#website","url":"https:\/\/www.askony.sk\/","name":"ASKONY","description":"Stahlrohre aller Gr\u00f6\u00dfen und G\u00fcten","publisher":{"@id":"https:\/\/www.askony.sk\/#organization"},"potentialAction":[{"@type":"SearchAction","target":{"@type":"EntryPoint","urlTemplate":"https:\/\/www.askony.sk\/?s={search_term_string}"},"query-input":{"@type":"PropertyValueSpecification","valueRequired":true,"valueName":"search_term_string"}}],"inLanguage":"de"},{"@type":"Organization","@id":"https:\/\/www.askony.sk\/#organization","name":"ASKONY export \u2013 import, s. r. o.","url":"https:\/\/www.askony.sk\/","logo":{"@type":"ImageObject","inLanguage":"de","@id":"https:\/\/www.askony.sk\/#\/schema\/logo\/image\/","url":"https:\/\/www.askony.sk\/wp-content\/uploads\/2022\/12\/askony_logo_white.jpg","contentUrl":"https:\/\/www.askony.sk\/wp-content\/uploads\/2022\/12\/askony_logo_white.jpg","width":1080,"height":1080,"caption":"ASKONY export \u2013 import, s. r. o."},"image":{"@id":"https:\/\/www.askony.sk\/#\/schema\/logo\/image\/"}}]}},"_links":{"self":[{"href":"https:\/\/www.askony.sk\/de\/wp-json\/wp\/v2\/pages\/322","targetHints":{"allow":["GET"]}}],"collection":[{"href":"https:\/\/www.askony.sk\/de\/wp-json\/wp\/v2\/pages"}],"about":[{"href":"https:\/\/www.askony.sk\/de\/wp-json\/wp\/v2\/types\/page"}],"author":[{"embeddable":true,"href":"https:\/\/www.askony.sk\/de\/wp-json\/wp\/v2\/users\/1"}],"replies":[{"embeddable":true,"href":"https:\/\/www.askony.sk\/de\/wp-json\/wp\/v2\/comments?post=322"}],"version-history":[{"count":6,"href":"https:\/\/www.askony.sk\/de\/wp-json\/wp\/v2\/pages\/322\/revisions"}],"predecessor-version":[{"id":1137,"href":"https:\/\/www.askony.sk\/de\/wp-json\/wp\/v2\/pages\/322\/revisions\/1137"}],"wp:attachment":[{"href":"https:\/\/www.askony.sk\/de\/wp-json\/wp\/v2\/media?parent=322"}],"curies":[{"name":"wp","href":"https:\/\/api.w.org\/{rel}","templated":true}]}}