{"id":1013,"date":"2022-12-09T20:30:49","date_gmt":"2022-12-09T19:30:49","guid":{"rendered":"https:\/\/www.askony.sk\/?page_id=1013"},"modified":"2022-12-16T12:13:51","modified_gmt":"2022-12-16T11:13:51","slug":"tiraz","status":"publish","type":"page","link":"https:\/\/www.askony.sk\/de\/tiraz\/","title":{"rendered":"Impressum"},"content":{"rendered":"<div data-elementor-type=\"wp-page\" data-elementor-id=\"1013\" class=\"elementor elementor-1013\" data-elementor-post-type=\"page\">\n\t\t\t\t\t\t<section class=\"elementor-section elementor-top-section elementor-element elementor-element-09bfe28 elementor-section-boxed elementor-section-height-default elementor-section-height-default\" data-id=\"09bfe28\" data-element_type=\"section\" data-e-type=\"section\">\n\t\t\t\t\t\t<div class=\"elementor-container elementor-column-gap-default\">\n\t\t\t\t\t<div class=\"elementor-column elementor-col-100 elementor-top-column elementor-element elementor-element-e41ea16\" data-id=\"e41ea16\" data-element_type=\"column\" data-e-type=\"column\">\n\t\t\t<div class=\"elementor-widget-wrap elementor-element-populated\">\n\t\t\t\t\t\t<div class=\"elementor-element elementor-element-8bc66ea elementor-widget elementor-widget-text-editor\" data-id=\"8bc66ea\" data-element_type=\"widget\" data-e-type=\"widget\" data-widget_type=\"text-editor.default\">\n\t\t\t\t<div class=\"elementor-widget-container\">\n\t\t\t\t\t\t\t\t\t<h4>Adresse<\/h4><p>ASKONY export-import, s.r.o. Krompachy<\/p><p>K\u00fape\u013en\u00e1 ulica 20\/202<\/p><p>053 42 KROMPACHY<\/p><p>Slowakei<\/p><p>askony@askony.sk<\/p><p>\u00a0<\/p><h4>Vertretungsberechtigte<\/h4><p>Jaroslav Adler<\/p><p>Lubomir Stehlik<\/p><p>\u00a0<\/p><h4>Handelsregister<\/h4><p>Name: ASKONY export-import, s.r.o. Krompachy<\/p><p>Handelsregister: Bezirksgericht Ko\u0161ice I<\/p><p><span class=\"tl\">Nummer:\u00a0<\/span><span class=\"Apple-converted-space\">\u00a0<\/span><span class=\"ra\">5249\/V <\/span><\/p><p>ID: 31697119<\/p><p>DIC: SK2020502132<\/p>\t\t\t\t\t\t\t\t<\/div>\n\t\t\t\t<\/div>\n\t\t\t\t\t<\/div>\n\t\t<\/div>\n\t\t\t\t\t<\/div>\n\t\t<\/section>\n\t\t\t\t<\/div>","protected":false},"excerpt":{"rendered":"<p>Kontaktadresse ASKONY export-import, s.r.o. Krompachy K\u00fape\u013en\u00e1 ulica 20\/202 053 42 KROMPACHY Slowakei askony@askony.sk Vertretungsberechtigter Jaroslav Adler \u013dubomir Stehlik Eintrag im Handelsregister Firmenname: ASKONY export-import, s.r.o. Krompachy Handelsregister.<\/p>","protected":false},"author":1,"featured_media":0,"parent":0,"menu_order":0,"comment_status":"closed","ping_status":"closed","template":"","meta":{"footnotes":""},"class_list":["post-1013","page","type-page","status-publish","hentry"],"yoast_head":"<!-- This site is optimized with the Yoast SEO plugin v27.4 - https:\/\/yoast.com\/product\/yoast-seo-wordpress\/ -->\n<title>Tir\u00e1\u017e - ASKONY<\/title>\n<meta name=\"robots\" content=\"index, follow, max-snippet:-1, max-image-preview:large, max-video-preview:-1\" \/>\n<link rel=\"canonical\" href=\"https:\/\/www.askony.sk\/de\/tiraz\/\" \/>\n<meta property=\"og:locale\" content=\"de_DE\" \/>\n<meta property=\"og:type\" content=\"article\" \/>\n<meta property=\"og:title\" content=\"Tir\u00e1\u017e - ASKONY\" \/>\n<meta property=\"og:description\" content=\"Kontaktn\u00e1 adresa ASKONY export-import, s.r.o. Krompachy K\u00fape\u013en\u00e1 ulica 20\/202 053 42 KROMPACHY Slovakia askony@askony.sk \u00a0 Opr\u00e1vnen\u00ed z\u00e1stupcovia Jaroslav Adler \u013dubomir Stehlik \u00a0 Z\u00e1pis do obchodn\u00e9ho registra Obchodn\u00e9 meno: ASKONY export-import, s.r.o. Krompachy Obchodn\u00fd register:\u00a0Okresn\u00fd s\u00fad Ko\u0161ice I Vlo\u017eka \u010d\u00edslo:\u00a0\u00a05249\/V I\u010cO: 31697119 DI\u010c: SK2020502132\" \/>\n<meta property=\"og:url\" content=\"https:\/\/www.askony.sk\/de\/tiraz\/\" \/>\n<meta property=\"og:site_name\" content=\"ASKONY\" \/>\n<meta property=\"article:modified_time\" content=\"2022-12-16T11:13:51+00:00\" \/>\n<meta name=\"twitter:card\" content=\"summary_large_image\" \/>\n<meta name=\"twitter:label1\" content=\"Gesch\u00e4tzte Lesezeit\" \/>\n\t<meta name=\"twitter:data1\" content=\"1\u00a0Minute\" \/>\n<script type=\"application\/ld+json\" class=\"yoast-schema-graph\">{\"@context\":\"https:\\\/\\\/schema.org\",\"@graph\":[{\"@type\":\"WebPage\",\"@id\":\"https:\\\/\\\/www.askony.sk\\\/tiraz\\\/\",\"url\":\"https:\\\/\\\/www.askony.sk\\\/tiraz\\\/\",\"name\":\"Tir\u00e1\u017e - ASKONY\",\"isPartOf\":{\"@id\":\"https:\\\/\\\/www.askony.sk\\\/#website\"},\"datePublished\":\"2022-12-09T19:30:49+00:00\",\"dateModified\":\"2022-12-16T11:13:51+00:00\",\"breadcrumb\":{\"@id\":\"https:\\\/\\\/www.askony.sk\\\/tiraz\\\/#breadcrumb\"},\"inLanguage\":\"de\",\"potentialAction\":[{\"@type\":\"ReadAction\",\"target\":[\"https:\\\/\\\/www.askony.sk\\\/tiraz\\\/\"]}]},{\"@type\":\"BreadcrumbList\",\"@id\":\"https:\\\/\\\/www.askony.sk\\\/tiraz\\\/#breadcrumb\",\"itemListElement\":[{\"@type\":\"ListItem\",\"position\":1,\"name\":\"\u00davod\",\"item\":\"https:\\\/\\\/www.askony.sk\\\/\"},{\"@type\":\"ListItem\",\"position\":2,\"name\":\"Tir\u00e1\u017e\"}]},{\"@type\":\"WebSite\",\"@id\":\"https:\\\/\\\/www.askony.sk\\\/#website\",\"url\":\"https:\\\/\\\/www.askony.sk\\\/\",\"name\":\"ASKONY\",\"description\":\"Oce\u013eov\u00e9 r\u00fary v\u0161etk\u00fdch rozmerov a akost\u00ed\",\"publisher\":{\"@id\":\"https:\\\/\\\/www.askony.sk\\\/#organization\"},\"potentialAction\":[{\"@type\":\"SearchAction\",\"target\":{\"@type\":\"EntryPoint\",\"urlTemplate\":\"https:\\\/\\\/www.askony.sk\\\/?s={search_term_string}\"},\"query-input\":{\"@type\":\"PropertyValueSpecification\",\"valueRequired\":true,\"valueName\":\"search_term_string\"}}],\"inLanguage\":\"de\"},{\"@type\":\"Organization\",\"@id\":\"https:\\\/\\\/www.askony.sk\\\/#organization\",\"name\":\"ASKONY export \u2013 import, s. r. o.\",\"url\":\"https:\\\/\\\/www.askony.sk\\\/\",\"logo\":{\"@type\":\"ImageObject\",\"inLanguage\":\"de\",\"@id\":\"https:\\\/\\\/www.askony.sk\\\/#\\\/schema\\\/logo\\\/image\\\/\",\"url\":\"https:\\\/\\\/www.askony.sk\\\/wp-content\\\/uploads\\\/2022\\\/12\\\/askony_logo_white.jpg\",\"contentUrl\":\"https:\\\/\\\/www.askony.sk\\\/wp-content\\\/uploads\\\/2022\\\/12\\\/askony_logo_white.jpg\",\"width\":1080,\"height\":1080,\"caption\":\"ASKONY export \u2013 import, s. r. o.\"},\"image\":{\"@id\":\"https:\\\/\\\/www.askony.sk\\\/#\\\/schema\\\/logo\\\/image\\\/\"}}]}<\/script>\n<!-- \/ Yoast SEO plugin. -->","yoast_head_json":{"title":"Tir\u00e1\u017e - ASKONY","robots":{"index":"index","follow":"follow","max-snippet":"max-snippet:-1","max-image-preview":"max-image-preview:large","max-video-preview":"max-video-preview:-1"},"canonical":"https:\/\/www.askony.sk\/de\/tiraz\/","og_locale":"de_DE","og_type":"article","og_title":"Tir\u00e1\u017e - ASKONY","og_description":"Kontaktn\u00e1 adresa ASKONY export-import, s.r.o. Krompachy K\u00fape\u013en\u00e1 ulica 20\/202 053 42 KROMPACHY Slovakia askony@askony.sk \u00a0 Opr\u00e1vnen\u00ed z\u00e1stupcovia Jaroslav Adler \u013dubomir Stehlik \u00a0 Z\u00e1pis do obchodn\u00e9ho registra Obchodn\u00e9 meno: ASKONY export-import, s.r.o. Krompachy Obchodn\u00fd register:\u00a0Okresn\u00fd s\u00fad Ko\u0161ice I Vlo\u017eka \u010d\u00edslo:\u00a0\u00a05249\/V I\u010cO: 31697119 DI\u010c: SK2020502132","og_url":"https:\/\/www.askony.sk\/de\/tiraz\/","og_site_name":"ASKONY","article_modified_time":"2022-12-16T11:13:51+00:00","twitter_card":"summary_large_image","twitter_misc":{"Gesch\u00e4tzte Lesezeit":"1\u00a0Minute"},"schema":{"@context":"https:\/\/schema.org","@graph":[{"@type":"WebPage","@id":"https:\/\/www.askony.sk\/tiraz\/","url":"https:\/\/www.askony.sk\/tiraz\/","name":"Tir\u00e1\u017e - ASKONY","isPartOf":{"@id":"https:\/\/www.askony.sk\/#website"},"datePublished":"2022-12-09T19:30:49+00:00","dateModified":"2022-12-16T11:13:51+00:00","breadcrumb":{"@id":"https:\/\/www.askony.sk\/tiraz\/#breadcrumb"},"inLanguage":"de","potentialAction":[{"@type":"ReadAction","target":["https:\/\/www.askony.sk\/tiraz\/"]}]},{"@type":"BreadcrumbList","@id":"https:\/\/www.askony.sk\/tiraz\/#breadcrumb","itemListElement":[{"@type":"ListItem","position":1,"name":"\u00davod","item":"https:\/\/www.askony.sk\/"},{"@type":"ListItem","position":2,"name":"Tir\u00e1\u017e"}]},{"@type":"WebSite","@id":"https:\/\/www.askony.sk\/#website","url":"https:\/\/www.askony.sk\/","name":"ASKONY","description":"Stahlrohre aller Gr\u00f6\u00dfen und G\u00fcten","publisher":{"@id":"https:\/\/www.askony.sk\/#organization"},"potentialAction":[{"@type":"SearchAction","target":{"@type":"EntryPoint","urlTemplate":"https:\/\/www.askony.sk\/?s={search_term_string}"},"query-input":{"@type":"PropertyValueSpecification","valueRequired":true,"valueName":"search_term_string"}}],"inLanguage":"de"},{"@type":"Organization","@id":"https:\/\/www.askony.sk\/#organization","name":"ASKONY export \u2013 import, s. r. o.","url":"https:\/\/www.askony.sk\/","logo":{"@type":"ImageObject","inLanguage":"de","@id":"https:\/\/www.askony.sk\/#\/schema\/logo\/image\/","url":"https:\/\/www.askony.sk\/wp-content\/uploads\/2022\/12\/askony_logo_white.jpg","contentUrl":"https:\/\/www.askony.sk\/wp-content\/uploads\/2022\/12\/askony_logo_white.jpg","width":1080,"height":1080,"caption":"ASKONY export \u2013 import, s. r. o."},"image":{"@id":"https:\/\/www.askony.sk\/#\/schema\/logo\/image\/"}}]}},"_links":{"self":[{"href":"https:\/\/www.askony.sk\/de\/wp-json\/wp\/v2\/pages\/1013","targetHints":{"allow":["GET"]}}],"collection":[{"href":"https:\/\/www.askony.sk\/de\/wp-json\/wp\/v2\/pages"}],"about":[{"href":"https:\/\/www.askony.sk\/de\/wp-json\/wp\/v2\/types\/page"}],"author":[{"embeddable":true,"href":"https:\/\/www.askony.sk\/de\/wp-json\/wp\/v2\/users\/1"}],"replies":[{"embeddable":true,"href":"https:\/\/www.askony.sk\/de\/wp-json\/wp\/v2\/comments?post=1013"}],"version-history":[{"count":6,"href":"https:\/\/www.askony.sk\/de\/wp-json\/wp\/v2\/pages\/1013\/revisions"}],"predecessor-version":[{"id":1042,"href":"https:\/\/www.askony.sk\/de\/wp-json\/wp\/v2\/pages\/1013\/revisions\/1042"}],"wp:attachment":[{"href":"https:\/\/www.askony.sk\/de\/wp-json\/wp\/v2\/media?parent=1013"}],"curies":[{"name":"wp","href":"https:\/\/api.w.org\/{rel}","templated":true}]}}